{"id":28895,"date":"2024-06-04T13:31:03","date_gmt":"2024-06-04T10:31:03","guid":{"rendered":"https:\/\/www.vempele.fi\/?post_type=product&#038;p=28895"},"modified":"2026-04-19T18:47:44","modified_gmt":"2026-04-19T15:47:44","slug":"frunk-trunk-eva-kaukalomatot-tesla-model-3-highland","status":"publish","type":"product","link":"https:\/\/www.vempele.fi\/fi\/tuote\/frunk-trunk-eva-kaukalomatot-tesla-model-3-highland\/","title":{"rendered":"Frunk \/ Trunk EVA-kaukalomatot &#8211; Tesla Model 3 Highland"},"content":{"rendered":"<p>Tesla Model 3 Highland -kaukalomatot etu- ja takakonttiin.<\/p>\n<p>Valittavissa olevat mattovaihtoehdot:<\/p>\n<ul>\n<li>Etukontin matto (Frunk mat)<\/li>\n<li>Takakontin pienen s\u00e4ilytystilan matto (Trunk Storage Mat)<\/li>\n<li>Iso, koko tilan peitt\u00e4v\u00e4 takakontin matto (Trunk Mat)<\/li>\n<\/ul>\n<p><b>Tarkemmat tiedot<\/b><\/p>\n<ul>\n<li>Materiaali: EVA-muovi<\/li>\n<li>V\u00e4ri: musta<\/li>\n<\/ul>\n","protected":false},"excerpt":{"rendered":"<p>Kest\u00e4v\u00e4t kaukalomatot, jotka suojaavat autoa ja ovat helpot puhdistaa. Valittavissa etukontin, takakontin ja takakontin pienen s\u00e4ilytystilan matot. Muotoiltu Tesla Model 3 Highlandin mittojen mukaan.<\/p>\n<p>Pakkaus sis\u00e4lt\u00e4\u00e4 alla olevasta valikosta valitsemasi maton.<\/p>\n<p>Model 3 Highlandiin sopivat vastaavat kaukalomatot l\u00f6yd\u00e4t <a href=\"https:\/\/www.vempele.fi\/tuote\/tesla-model-3-eva-kaukalomatot\/\">T\u00e4\u00e4lt\u00e4<\/a>.<\/p>\n","protected":false},"featured_media":28901,"comment_status":"open","ping_status":"closed","template":"","meta":[],"product_brand":[],"product_cat":[409,151,128],"product_tag":[83,503,587,304,156,555,121,554],"class_list":{"0":"post-28895","1":"product","2":"type-product","3":"status-publish","4":"has-post-thumbnail","6":"product_cat-matot-model-3","7":"product_cat-model-3","8":"product_cat-tesla-tuotteet","9":"product_tag-autotarvikkeet","10":"product_tag-frunk","11":"product_tag-highland","12":"product_tag-kaukalomatto","13":"product_tag-model-3","14":"product_tag-storage","15":"product_tag-tesla","16":"product_tag-trunk","17":"product_shipping_class-nouto","19":"first","20":"instock","21":"taxable","22":"shipping-taxable","23":"purchasable","24":"product-type-variable"},"jetpack_sharing_enabled":true,"_links":{"self":[{"href":"https:\/\/www.vempele.fi\/fi\/wp-json\/wp\/v2\/product\/28895","targetHints":{"allow":["GET"]}}],"collection":[{"href":"https:\/\/www.vempele.fi\/fi\/wp-json\/wp\/v2\/product"}],"about":[{"href":"https:\/\/www.vempele.fi\/fi\/wp-json\/wp\/v2\/types\/product"}],"replies":[{"embeddable":true,"href":"https:\/\/www.vempele.fi\/fi\/wp-json\/wp\/v2\/comments?post=28895"}],"wp:featuredmedia":[{"embeddable":true,"href":"https:\/\/www.vempele.fi\/fi\/wp-json\/wp\/v2\/media\/28901"}],"wp:attachment":[{"href":"https:\/\/www.vempele.fi\/fi\/wp-json\/wp\/v2\/media?parent=28895"}],"wp:term":[{"taxonomy":"product_brand","embeddable":true,"href":"https:\/\/www.vempele.fi\/fi\/wp-json\/wp\/v2\/product_brand?post=28895"},{"taxonomy":"product_cat","embeddable":true,"href":"https:\/\/www.vempele.fi\/fi\/wp-json\/wp\/v2\/product_cat?post=28895"},{"taxonomy":"product_tag","embeddable":true,"href":"https:\/\/www.vempele.fi\/fi\/wp-json\/wp\/v2\/product_tag?post=28895"}],"curies":[{"name":"wp","href":"https:\/\/api.w.org\/{rel}","templated":true}]}}