{"id":29290,"date":"2024-06-19T16:53:33","date_gmt":"2024-06-19T13:53:33","guid":{"rendered":"https:\/\/www.vempele.fi\/?post_type=product&#038;p=29290"},"modified":"2026-04-10T15:30:17","modified_gmt":"2026-04-10T12:30:17","slug":"model-s-etuakselin-ylatukivarsi-oikea-puoli-skf","status":"publish","type":"product","link":"https:\/\/www.vempele.fi\/fi\/tuote\/model-s-etuakselin-ylatukivarsi-oikea-puoli-skf\/","title":{"rendered":"Model S &#8211; Etuakselin yl\u00e4tukivarsi, oikea puoli SKF"},"content":{"rendered":"<p>Valmistaja: SKF<\/p>\n<p>Valmistajan tuotenumero: VKDS 329003 B<\/p>\n<p>Valmistajan antamat OE numerot:<br \/>\n1043966-00-A<br \/>\n1043966-00-B<br \/>\n6008930-00-A<br \/>\n6008930-00-B<\/p>\n<p>Sopivuus:<br \/>\nModel S &#8211; 2012 &#8211; 2020<\/p>\n<p>Materiaali: Pr\u00e4ss\u00e4tty ter\u00e4s<br \/>\nPaino: n. 2,6kg<\/p>\n","protected":false},"excerpt":{"rendered":"<p>Valmistajan SKF etuakselin yl\u00e4tukivarsi, oikealle puolelle. Sopii Model S.<\/p>\n","protected":false},"featured_media":29289,"comment_status":"open","ping_status":"closed","template":"","meta":[],"product_brand":[743],"product_cat":[152,473],"product_tag":[172,121,476,319],"class_list":{"0":"post-29290","1":"product","2":"type-product","3":"status-publish","4":"has-post-thumbnail","6":"product_brand-skf","7":"product_cat-model-s","8":"product_cat-varaosat-model-s","9":"product_tag-model-s","10":"product_tag-tesla","11":"product_tag-tukivarsi","12":"product_tag-varaosat","14":"first","15":"instock","16":"taxable","17":"shipping-taxable","18":"purchasable","19":"product-type-simple"},"jetpack_sharing_enabled":true,"_links":{"self":[{"href":"https:\/\/www.vempele.fi\/fi\/wp-json\/wp\/v2\/product\/29290","targetHints":{"allow":["GET"]}}],"collection":[{"href":"https:\/\/www.vempele.fi\/fi\/wp-json\/wp\/v2\/product"}],"about":[{"href":"https:\/\/www.vempele.fi\/fi\/wp-json\/wp\/v2\/types\/product"}],"replies":[{"embeddable":true,"href":"https:\/\/www.vempele.fi\/fi\/wp-json\/wp\/v2\/comments?post=29290"}],"wp:featuredmedia":[{"embeddable":true,"href":"https:\/\/www.vempele.fi\/fi\/wp-json\/wp\/v2\/media\/29289"}],"wp:attachment":[{"href":"https:\/\/www.vempele.fi\/fi\/wp-json\/wp\/v2\/media?parent=29290"}],"wp:term":[{"taxonomy":"product_brand","embeddable":true,"href":"https:\/\/www.vempele.fi\/fi\/wp-json\/wp\/v2\/product_brand?post=29290"},{"taxonomy":"product_cat","embeddable":true,"href":"https:\/\/www.vempele.fi\/fi\/wp-json\/wp\/v2\/product_cat?post=29290"},{"taxonomy":"product_tag","embeddable":true,"href":"https:\/\/www.vempele.fi\/fi\/wp-json\/wp\/v2\/product_tag?post=29290"}],"curies":[{"name":"wp","href":"https:\/\/api.w.org\/{rel}","templated":true}]}}