{"id":29430,"date":"2025-09-03T15:56:09","date_gmt":"2025-09-03T12:56:09","guid":{"rendered":"https:\/\/www.vempele.fi\/?post_type=product&#038;p=29430"},"modified":"2025-11-25T14:01:21","modified_gmt":"2025-11-25T12:01:21","slug":"motorwerk-ev-type2-37kw-latauslaite","status":"publish","type":"product","link":"https:\/\/www.vempele.fi\/fi\/tuote\/motorwerk-ev-type2-37kw-latauslaite\/","title":{"rendered":"Motorwerk EV Type2 3,7kW Latauslaite"},"content":{"rendered":"<p>Kompakti, kannettava s\u00e4hk\u00f6auton 3,7 kW latausasema Schuko-pistokkeella. Eritt\u00e4in helppo ottaa k\u00e4ytt\u00f6\u00f6n, koska ei vaadi kiinte\u00e4\u00e4 asennusta. Kytket\u00e4\u00e4n suoraan pistorasiaan (16 A \/ 230 V). Pienikokoinen ja kevyt, joten helppo ottaa mukaan ty\u00f6matkoille, m\u00f6kille tms. Huomioithan ett\u00e4 vaatii 16 A (sulake) pistorasian toimiakseen.<\/p>\n<p><a href=\"https:\/\/www.vempele.fi\/wp-content\/uploads\/2025\/09\/Kayttoohje_Motorwerk_3_7kw_type2_5m_8m_FI_SV_EN.pdf\">K\u00e4ytt\u00f6- ja asennusohje.<\/a><\/p>\n<p><strong>Ominaisuudet:<\/strong><\/p>\n<ul>\n<li>Latausvirta: 8 A, 10 A, 13 A ja 16 A, s\u00e4\u00e4dett\u00e4viss\u00e4<\/li>\n<li>Latausteho: 1,8-3,7 kW<\/li>\n<li>Latauspistoke: Type 2<\/li>\n<li>Sein\u00e4pistoke: Schuko<\/li>\n<li>Kaapelin pituus: 5 m tai 8 m<\/li>\n<li>Latausyksik\u00f6n ja sein\u00e4pistokkeen v\u00e4lisen kaapelin pituus: 90 cm<\/li>\n<li>Informatiivinen n\u00e4ytt\u00f6<\/li>\n<li>Latauksen ajastustoiminto<\/li>\n<li>Latauksen viiv\u00e4stystoiminto 1-10 h<\/li>\n<li>Type A AC vikavirtasuoja + 6 mA DC vikavirtasuoja<\/li>\n<li>Vuoto-, ylij\u00e4nnite-, alij\u00e4nnite-, ylikuumenemis- ja ukkossuojaus<\/li>\n<li>Latausyksik\u00f6ss\u00e4 kest\u00e4v\u00e4 rakenne<\/li>\n<li>Latausyksik\u00f6n IP65<\/li>\n<li>Latauspistokkeen IP54<\/li>\n<li>K\u00e4ytt\u00f6l\u00e4mp\u00f6tila: -30 \u2013 50 \u00b0C<\/li>\n<li>CE-hyv\u00e4ksytty<\/li>\n<li>Paino: 2,1 kg<\/li>\n<li>Takuu: 24 kk<\/li>\n<\/ul>\n<p>Huom! Kotitalouspistorasioita on 10 A ja 16 A sulakkeella. Ladattaessa kotitalouspistorasiasta useita tunteja, on huolehdittava, ett\u00e4 latausvirta on rajoitettu 8 ampeeriin. Tavallinen kotitalouspistorasia ei kest\u00e4 pitk\u00e4aikaista lataamista 16 A virralla. Markkinoilla on my\u00f6s kotitalouspistorasioita (Super-suko), jotka valmistaja on suunnitellut kest\u00e4m\u00e4\u00e4n jatkuvan 16 ampeerin kuormituksen. N\u00e4ist\u00e4 pistorasioista voidaan ladata jatkuvalla 16 A virralla.<\/p>\n","protected":false},"excerpt":{"rendered":"<p>Motorwerk EV Type2 3,7kW matkalaturi kulkee helposti mukana ja ottaa virran ihan tavallisesta pistorasiasta.<\/p>\n<ul>\n<li>Latausvirta: 8 A, 10 A, 13 A ja 16 A, s\u00e4\u00e4dett\u00e4viss\u00e4<\/li>\n<li>Latausteho: 1,8-3,7 kW<\/li>\n<li>Latauksen ajastustoiminto<\/li>\n<li>Latauksen viiv\u00e4stystoiminto 1-10 h<\/li>\n<\/ul>\n","protected":false},"featured_media":41975,"comment_status":"open","ping_status":"closed","template":"","meta":[],"product_brand":[821],"product_cat":[664],"product_tag":[671,675,676,822,677,678],"class_list":{"0":"post-29430","1":"product","2":"type-product","3":"status-publish","4":"has-post-thumbnail","6":"product_brand-motorwerk","7":"product_cat-laturit","8":"product_tag-16a","9":"product_tag-matkalaturi","10":"product_tag-mobiililaturi","11":"product_tag-motorwerk","12":"product_tag-schuko","13":"product_tag-type2","15":"first","16":"instock","17":"taxable","18":"shipping-taxable","19":"purchasable","20":"product-type-variable"},"jetpack_sharing_enabled":true,"_links":{"self":[{"href":"https:\/\/www.vempele.fi\/fi\/wp-json\/wp\/v2\/product\/29430","targetHints":{"allow":["GET"]}}],"collection":[{"href":"https:\/\/www.vempele.fi\/fi\/wp-json\/wp\/v2\/product"}],"about":[{"href":"https:\/\/www.vempele.fi\/fi\/wp-json\/wp\/v2\/types\/product"}],"replies":[{"embeddable":true,"href":"https:\/\/www.vempele.fi\/fi\/wp-json\/wp\/v2\/comments?post=29430"}],"wp:featuredmedia":[{"embeddable":true,"href":"https:\/\/www.vempele.fi\/fi\/wp-json\/wp\/v2\/media\/41975"}],"wp:attachment":[{"href":"https:\/\/www.vempele.fi\/fi\/wp-json\/wp\/v2\/media?parent=29430"}],"wp:term":[{"taxonomy":"product_brand","embeddable":true,"href":"https:\/\/www.vempele.fi\/fi\/wp-json\/wp\/v2\/product_brand?post=29430"},{"taxonomy":"product_cat","embeddable":true,"href":"https:\/\/www.vempele.fi\/fi\/wp-json\/wp\/v2\/product_cat?post=29430"},{"taxonomy":"product_tag","embeddable":true,"href":"https:\/\/www.vempele.fi\/fi\/wp-json\/wp\/v2\/product_tag?post=29430"}],"curies":[{"name":"wp","href":"https:\/\/api.w.org\/{rel}","templated":true}]}}