{"id":30807,"date":"2024-08-28T13:47:39","date_gmt":"2024-08-28T10:47:39","guid":{"rendered":"https:\/\/www.vempele.fi\/?post_type=product&#038;p=30807"},"modified":"2026-03-21T19:49:17","modified_gmt":"2026-03-21T17:49:17","slug":"pyoranmutteri-korvaava-febi-bilstein-tesla-model-s-3-x-y","status":"publish","type":"product","link":"https:\/\/www.vempele.fi\/fi\/tuote\/pyoranmutteri-korvaava-febi-bilstein-tesla-model-s-3-x-y\/","title":{"rendered":"Py\u00f6r\u00e4nmutteri, korvaava &#8211; FEBI BILSTEIN &#8211; Tesla Model S \/ 3 \/ X \/ Y"},"content":{"rendered":"<p>Py\u00f6r\u00e4nmutteri<\/p>\n<ul>\n<li>Teslan osanumero: 1027002-00-B<\/li>\n<li>Valmistajan osanumero: 46714<\/li>\n<li>Pituus: 31mm<\/li>\n<li>Avainv\u00e4li: 21mm<\/li>\n<li>Kierre: M14 x 1,5<\/li>\n<li>Sopivuus:\n<ul>\n<li>Model Y<\/li>\n<li>Model S<\/li>\n<li>Model X<\/li>\n<li>Model 3<\/li>\n<\/ul>\n<\/li>\n<\/ul>\n<p>&nbsp;<\/p>\n","protected":false},"excerpt":{"rendered":"<p>Febi Bilsteinin valmistama, korvaava py\u00f6r\u00e4nmutteri joka sopii Teslaan.<\/p>\n<p>T\u00e4m\u00e4 mutteri on hieman korkeampi kuin alkuper\u00e4inen, mutta kierre ja kartio on sama. T\u00e4st\u00e4 syyst\u00e4 esimerkiksi meid\u00e4n mutterisuojien helmaa joutuu hieman lyhent\u00e4m\u00e4\u00e4n jos niit\u00e4 haluaa k\u00e4ytt\u00e4\u00e4 n\u00e4iden kanssa. Alkuper\u00e4ist\u00e4 t\u00e4ysin vastaavat l\u00f6ytyv\u00e4t <a href=\"https:\/\/www.vempele.fi\/tuote\/pyoranmutteri-febi-bilstein-tesla-model-s-3-x-y\/\">t\u00e4\u00e4lt\u00e4<\/a><\/p>\n","protected":false},"featured_media":30808,"comment_status":"open","ping_status":"closed","template":"","meta":[],"product_brand":[740],"product_cat":[151,152,153,154,456,471,473,474,472],"product_tag":[156,172,173,271,341,658,659,121,319],"class_list":{"0":"post-30807","1":"product","2":"type-product","3":"status-publish","4":"has-post-thumbnail","6":"product_brand-febi-bilstein","7":"product_cat-model-3","8":"product_cat-model-s","9":"product_cat-model-x","10":"product_cat-model-y","11":"product_cat-vannetarvikkeet","12":"product_cat-model-3-varaosat","13":"product_cat-varaosat-model-s","14":"product_cat-varaosat-model-x","15":"product_cat-varaosat-model-y","16":"product_tag-model-3","17":"product_tag-model-s","18":"product_tag-model-x","19":"product_tag-model-y","20":"product_tag-mutteri","21":"product_tag-pyoran-mutteri","22":"product_tag-pyoranmutteri","23":"product_tag-tesla","24":"product_tag-varaosat","26":"first","27":"instock","28":"taxable","29":"shipping-taxable","30":"purchasable","31":"product-type-simple"},"jetpack_sharing_enabled":true,"_links":{"self":[{"href":"https:\/\/www.vempele.fi\/fi\/wp-json\/wp\/v2\/product\/30807","targetHints":{"allow":["GET"]}}],"collection":[{"href":"https:\/\/www.vempele.fi\/fi\/wp-json\/wp\/v2\/product"}],"about":[{"href":"https:\/\/www.vempele.fi\/fi\/wp-json\/wp\/v2\/types\/product"}],"replies":[{"embeddable":true,"href":"https:\/\/www.vempele.fi\/fi\/wp-json\/wp\/v2\/comments?post=30807"}],"wp:featuredmedia":[{"embeddable":true,"href":"https:\/\/www.vempele.fi\/fi\/wp-json\/wp\/v2\/media\/30808"}],"wp:attachment":[{"href":"https:\/\/www.vempele.fi\/fi\/wp-json\/wp\/v2\/media?parent=30807"}],"wp:term":[{"taxonomy":"product_brand","embeddable":true,"href":"https:\/\/www.vempele.fi\/fi\/wp-json\/wp\/v2\/product_brand?post=30807"},{"taxonomy":"product_cat","embeddable":true,"href":"https:\/\/www.vempele.fi\/fi\/wp-json\/wp\/v2\/product_cat?post=30807"},{"taxonomy":"product_tag","embeddable":true,"href":"https:\/\/www.vempele.fi\/fi\/wp-json\/wp\/v2\/product_tag?post=30807"}],"curies":[{"name":"wp","href":"https:\/\/api.w.org\/{rel}","templated":true}]}}