{"id":30954,"date":"2024-09-05T13:37:07","date_gmt":"2024-09-05T10:37:07","guid":{"rendered":"https:\/\/www.vempele.fi\/?post_type=product&#038;p=30954"},"modified":"2026-03-18T00:02:54","modified_gmt":"2026-03-17T22:02:54","slug":"takaspoileri-tesla-model-3-highland","status":"publish","type":"product","link":"https:\/\/www.vempele.fi\/fi\/tuote\/takaspoileri-tesla-model-3-highland\/","title":{"rendered":"Takaspoileri &#8211; Tesla Model 3 Highland"},"content":{"rendered":"<ul>\n<li>V\u00e4rivaihtoehdot: mattamusta ja mattahiilikuituj\u00e4ljitelm\u00e4<\/li>\n<li>Sopivuus:\n<ul>\n<li>Model 3 Highland 2024 -&gt;<\/li>\n<\/ul>\n<\/li>\n<li>Materiaali: ABS-muovi<\/li>\n<li>Paino: n. 300 g<\/li>\n<li>Tuotteen mitat leveimm\u00e4st\u00e4 kohdasta mitattuna:\u00a0 122 x 5,5 x 2,1 cm<\/li>\n<\/ul>\n","protected":false},"excerpt":{"rendered":"<p>Tyylik\u00e4s takaspoileri Tesla Model 3 Highlandiin. Saatavana mattamustana ja mattahiilikuituj\u00e4ljitelm\u00e4n\u00e4. Spoileri on valmistettu ABS-muovista.<\/p>\n<p>Takaspoilerin sis\u00e4puolella on koko pituudelta kiinnitysteipit, joilla se kiinnitet\u00e4\u00e4n autoon. Muista puhdistaa kiinnityskohta autosta mahdollisimman hyvin ja asentaa teipit l\u00e4mpim\u00e4ll\u00e4 kelill\u00e4 tai tallissa.<\/p>\n","protected":false},"featured_media":30957,"comment_status":"open","ping_status":"closed","template":"","meta":[],"product_brand":[],"product_cat":[151,452,481,128],"product_tag":[83,587,550,156,551,448,121],"class_list":{"0":"post-30954","1":"product","2":"type-product","3":"status-publish","4":"has-post-thumbnail","6":"product_cat-model-3","7":"product_cat-m3-tarvikkeet","8":"product_cat-tarvikkeet-ulkopuolelle-model-3","9":"product_cat-tesla-tuotteet","10":"product_tag-autotarvikkeet","11":"product_tag-highland","12":"product_tag-lippa","13":"product_tag-model-3","14":"product_tag-spoileri","15":"product_tag-takaspoileri","16":"product_tag-tesla","18":"first","19":"instock","20":"taxable","21":"shipping-taxable","22":"purchasable","23":"product-type-variable"},"jetpack_sharing_enabled":true,"_links":{"self":[{"href":"https:\/\/www.vempele.fi\/fi\/wp-json\/wp\/v2\/product\/30954","targetHints":{"allow":["GET"]}}],"collection":[{"href":"https:\/\/www.vempele.fi\/fi\/wp-json\/wp\/v2\/product"}],"about":[{"href":"https:\/\/www.vempele.fi\/fi\/wp-json\/wp\/v2\/types\/product"}],"replies":[{"embeddable":true,"href":"https:\/\/www.vempele.fi\/fi\/wp-json\/wp\/v2\/comments?post=30954"}],"wp:featuredmedia":[{"embeddable":true,"href":"https:\/\/www.vempele.fi\/fi\/wp-json\/wp\/v2\/media\/30957"}],"wp:attachment":[{"href":"https:\/\/www.vempele.fi\/fi\/wp-json\/wp\/v2\/media?parent=30954"}],"wp:term":[{"taxonomy":"product_brand","embeddable":true,"href":"https:\/\/www.vempele.fi\/fi\/wp-json\/wp\/v2\/product_brand?post=30954"},{"taxonomy":"product_cat","embeddable":true,"href":"https:\/\/www.vempele.fi\/fi\/wp-json\/wp\/v2\/product_cat?post=30954"},{"taxonomy":"product_tag","embeddable":true,"href":"https:\/\/www.vempele.fi\/fi\/wp-json\/wp\/v2\/product_tag?post=30954"}],"curies":[{"name":"wp","href":"https:\/\/api.w.org\/{rel}","templated":true}]}}