{"id":31029,"date":"2024-09-10T13:03:56","date_gmt":"2024-09-10T10:03:56","guid":{"rendered":"https:\/\/www.vempele.fi\/?post_type=product&#038;p=31029"},"modified":"2024-09-10T13:52:41","modified_gmt":"2024-09-10T10:52:41","slug":"nokian-tyres-hakkapeliitta-r5-245-45r19-102t-xl-tl-model-s","status":"publish","type":"product","link":"https:\/\/www.vempele.fi\/fi\/tuote\/nokian-tyres-hakkapeliitta-r5-245-45r19-102t-xl-tl-model-s\/","title":{"rendered":"Nokian Tyres Hakkapeliitta R5 245\/45R19 102T XL TL &#8211; Model S"},"content":{"rendered":"<p>1 kpl 245\/45R19 Nokian Tyres Hakkapeliitta R5 102T XL TL<\/p>\n<div class=\"Pr-md product-short-info__title ng-binding\"><\/div>\n<ul>\n<li class=\"single-product__section-title\">EU-rengasmerkinn\u00e4t<\/li>\n<li>Tyyppi: Kitkarengas<\/li>\n<li>Tuumat: 19<\/li>\n<li>Leveys: 245<\/li>\n<li>Profiili: 45<\/li>\n<li class=\"single-product__section-title\">Nopeusluokka: 190km\/h (T)<\/li>\n<li class=\"single-product__section-title\">Kantavuus: 850kg (102)<\/li>\n<\/ul>\n","protected":false},"excerpt":{"rendered":"<p class=\"single-product__title\">245\/45R19 Nokian Tyres Hakkapeliitta R5 102T XL TL<\/p>\n<p>Kitkarenkaat.<\/p>\n<p class=\"ewa-rteLine\">Nokian Tyres Hakkapeliitta R5 on kitkarengas henkil\u00f6autoihin. Se varmistaa tinkim\u00e4tt\u00f6m\u00e4n pidon ja \u00e4lykk\u00e4\u00e4t ajo-ominaisuudet talven jokaisena p\u00e4iv\u00e4n\u00e4. Hakkapeliitta R5 on turvallisuutta puhtaimmassa muodossa: innovatiivinen yhdistelm\u00e4 talvipitoa, hiljaisuutta ja ymp\u00e4rist\u00f6yst\u00e4v\u00e4llisyytt\u00e4. Uuden Double Block Grip -muotoilun ansiosta pito ja ajok\u00e4yt\u00f6s ovat ylivertaset. Renkaan ainutlaatuiset Arctic Grip Crystals -hiukkaset puolestaan takaavat rengasluokan parhaan suorituskyvyn j\u00e4\u00e4ll\u00e4.<\/p>\n<p><strong>Huom.<\/strong><br \/>\nNokian renkaat tulevat suoraan toimittajalta meille p\u00e4\u00e4s\u00e4\u00e4nt\u00f6isesti heti seuraavana p\u00e4iv\u00e4n\u00e4 tilauksesta.<br \/>\nVarastosaldot eiv\u00e4t p\u00e4ivity automaattisesti, joten olemme teihin heti yhteydess\u00e4 jos rengasta ei jostain syyst\u00e4 ole saatavilla v\u00e4litt\u00f6m\u00e4sti.<\/p>\n","protected":false},"featured_media":12576,"comment_status":"open","ping_status":"closed","template":"","meta":[],"product_brand":[],"product_cat":[152,371,128],"product_tag":[301,172,394,299,300,121,321],"class_list":{"0":"post-31029","1":"product","2":"type-product","3":"status-publish","4":"has-post-thumbnail","6":"product_cat-model-s","7":"product_cat-renkaat","8":"product_cat-tesla-tuotteet","9":"product_tag-autonrenkaat","10":"product_tag-model-s","11":"product_tag-nokian-renkaat","12":"product_tag-rengas","13":"product_tag-renkaat","14":"product_tag-tesla","15":"product_tag-vanteet","16":"product_shipping_class-nouto","18":"first","19":"instock","20":"taxable","21":"shipping-taxable","22":"purchasable","23":"product-type-simple"},"jetpack_sharing_enabled":true,"_links":{"self":[{"href":"https:\/\/www.vempele.fi\/fi\/wp-json\/wp\/v2\/product\/31029","targetHints":{"allow":["GET"]}}],"collection":[{"href":"https:\/\/www.vempele.fi\/fi\/wp-json\/wp\/v2\/product"}],"about":[{"href":"https:\/\/www.vempele.fi\/fi\/wp-json\/wp\/v2\/types\/product"}],"replies":[{"embeddable":true,"href":"https:\/\/www.vempele.fi\/fi\/wp-json\/wp\/v2\/comments?post=31029"}],"wp:featuredmedia":[{"embeddable":true,"href":"https:\/\/www.vempele.fi\/fi\/wp-json\/wp\/v2\/media\/12576"}],"wp:attachment":[{"href":"https:\/\/www.vempele.fi\/fi\/wp-json\/wp\/v2\/media?parent=31029"}],"wp:term":[{"taxonomy":"product_brand","embeddable":true,"href":"https:\/\/www.vempele.fi\/fi\/wp-json\/wp\/v2\/product_brand?post=31029"},{"taxonomy":"product_cat","embeddable":true,"href":"https:\/\/www.vempele.fi\/fi\/wp-json\/wp\/v2\/product_cat?post=31029"},{"taxonomy":"product_tag","embeddable":true,"href":"https:\/\/www.vempele.fi\/fi\/wp-json\/wp\/v2\/product_tag?post=31029"}],"curies":[{"name":"wp","href":"https:\/\/api.w.org\/{rel}","templated":true}]}}