{"id":31032,"date":"2024-09-10T13:26:17","date_gmt":"2024-09-10T10:26:17","guid":{"rendered":"https:\/\/www.vempele.fi\/?post_type=product&#038;p=31032"},"modified":"2024-09-10T13:52:21","modified_gmt":"2024-09-10T10:52:21","slug":"nokian-tyres-hakkapeliitta-10-245-45r19-102t-xl-tl-model-s","status":"publish","type":"product","link":"https:\/\/www.vempele.fi\/fi\/tuote\/nokian-tyres-hakkapeliitta-10-245-45r19-102t-xl-tl-model-s\/","title":{"rendered":"Nokian Tyres Hakkapeliitta 10 245\/45R19 102T XL TL &#8211; Model S"},"content":{"rendered":"<p>1 kpl 245\/45R19 Nokian Tyres Hakkapeliitta 10 102T XL TL Studded<\/p>\n<ul>\n<li class=\"single-product__section-title\">EU-rengasmerkinn\u00e4t<\/li>\n<li>Tyyppi: Nastarengas<\/li>\n<li>Tuumat: 19<\/li>\n<li>Leveys: 245<\/li>\n<li>Profiili: 45<\/li>\n<li class=\"single-product__section-title\">Nopeusluokka: 190km\/h (T)<\/li>\n<li class=\"single-product__section-title\">Kantavuus: 850kg (102)<\/li>\n<\/ul>\n","protected":false},"excerpt":{"rendered":"<p class=\"single-product__title\">245\/45R19 Nokian Tyres Hakkapeliitta 10 102T XL TL Studded<\/p>\n<p>Nastarenkaat. Suositellaan erityisesti Tesla Model S -malliin.<\/p>\n<p><strong>Seuraavan sukupolven turvallisuutta<\/strong><\/p>\n<p>Nokian Tyres Hakkapeliitta 10 -nastarengas tuo mielenrauhaa pohjoiseen talveen. T\u00e4ss\u00e4 seuraavan sukupolven turvallisuutta tarjoavassa talvirenkaassa yhdistyv\u00e4t ymp\u00e4rist\u00f6yst\u00e4v\u00e4llisyys, ajomukavuus sek\u00e4 ylivoimainen pito lumella ja j\u00e4\u00e4ll\u00e4. Nokian Tyres Hakkapeliitta 10:n hy\u00f6dynt\u00e4\u00e4 Nokian Renkaiden tuplanastateknologiaa, jonka keskialueen nastat parantavat kiihdytys- ja jarrutuspitoa ja olkap\u00e4\u00e4alueiden nastat maksimoivat pidon mutkissa ja kaistanvaihdoissa.Ensiluokkaisen ajomukavuuden takaavat Nokian Tyres Hakkapeliitta 10:n uusi vakaudesta ja lumipidosta vastaava pitakuvio sek\u00e4 nastojen optimaalinen sijoittelu, joka tekee \u00e4\u00e4nimaailmasta tasaisen ja miellytt\u00e4v\u00e4n.<\/p>\n<p><strong>Huom.<\/strong><br \/>\nNokian renkaat tulevat suoraan toimittajalta meille p\u00e4\u00e4s\u00e4\u00e4nt\u00f6isesti heti seuraavana p\u00e4iv\u00e4n\u00e4 tilauksesta.<br \/>\nVarastosaldot eiv\u00e4t p\u00e4ivity automaattisesti, joten olemme teihin heti yhteydess\u00e4 jos rengasta ei jostain syyst\u00e4 ole saatavilla v\u00e4litt\u00f6m\u00e4sti.<\/p>\n","protected":false},"featured_media":12575,"comment_status":"open","ping_status":"closed","template":"","meta":[],"product_brand":[],"product_cat":[152,371,128],"product_tag":[301,172,394,299,300,121,321],"class_list":{"0":"post-31032","1":"product","2":"type-product","3":"status-publish","4":"has-post-thumbnail","6":"product_cat-model-s","7":"product_cat-renkaat","8":"product_cat-tesla-tuotteet","9":"product_tag-autonrenkaat","10":"product_tag-model-s","11":"product_tag-nokian-renkaat","12":"product_tag-rengas","13":"product_tag-renkaat","14":"product_tag-tesla","15":"product_tag-vanteet","16":"product_shipping_class-nouto","18":"first","19":"instock","20":"taxable","21":"shipping-taxable","22":"purchasable","23":"product-type-simple"},"jetpack_sharing_enabled":true,"_links":{"self":[{"href":"https:\/\/www.vempele.fi\/fi\/wp-json\/wp\/v2\/product\/31032","targetHints":{"allow":["GET"]}}],"collection":[{"href":"https:\/\/www.vempele.fi\/fi\/wp-json\/wp\/v2\/product"}],"about":[{"href":"https:\/\/www.vempele.fi\/fi\/wp-json\/wp\/v2\/types\/product"}],"replies":[{"embeddable":true,"href":"https:\/\/www.vempele.fi\/fi\/wp-json\/wp\/v2\/comments?post=31032"}],"wp:featuredmedia":[{"embeddable":true,"href":"https:\/\/www.vempele.fi\/fi\/wp-json\/wp\/v2\/media\/12575"}],"wp:attachment":[{"href":"https:\/\/www.vempele.fi\/fi\/wp-json\/wp\/v2\/media?parent=31032"}],"wp:term":[{"taxonomy":"product_brand","embeddable":true,"href":"https:\/\/www.vempele.fi\/fi\/wp-json\/wp\/v2\/product_brand?post=31032"},{"taxonomy":"product_cat","embeddable":true,"href":"https:\/\/www.vempele.fi\/fi\/wp-json\/wp\/v2\/product_cat?post=31032"},{"taxonomy":"product_tag","embeddable":true,"href":"https:\/\/www.vempele.fi\/fi\/wp-json\/wp\/v2\/product_tag?post=31032"}],"curies":[{"name":"wp","href":"https:\/\/api.w.org\/{rel}","templated":true}]}}