{"id":31039,"date":"2024-09-10T18:18:26","date_gmt":"2024-09-10T15:18:26","guid":{"rendered":"https:\/\/www.vempele.fi\/?post_type=product&#038;p=31039"},"modified":"2024-09-19T17:33:48","modified_gmt":"2024-09-19T14:33:48","slug":"monaco-gp6-19-kitkarengaspaketti-tesla-model-y","status":"publish","type":"product","link":"https:\/\/www.vempele.fi\/fi\/tuote\/monaco-gp6-19-kitkarengaspaketti-tesla-model-y\/","title":{"rendered":"Monaco GP6 19&#8243; Kitkarengaspaketti &#8211; Tesla Model Y"},"content":{"rendered":"<p>Monaco GP6 on suorasovitteinen siisti vanne Teslaan!<\/p>\n<p>Rengaspaketti toimitetaan suoraan kotiin valmiina pakettina alle asennettavaksi.<br \/>\nT\u00e4m\u00e4n tuotteen varastosaldo ei p\u00e4ivity automaattisesti, joten jos jostain syyst\u00e4 kyseist\u00e4 rengasta ei ole saatavissa, olemme heti teihin yhteydess\u00e4, tai voit varmistaa tuotteen saatavuuden etuk\u00e4teen. <\/p>\n<p>Toimitusaika rengaspaketille on tilauksesta noin 1-2vk.<\/p>\n<ul>\n<li>Vanteet: Monaco GP6\n<ul>\n<li>Koko: 19&#8243;<\/li>\n<li>Leveys: 8,5&#8243;<\/li>\n<li>ET: 40<\/li>\n<li>Jako: 5&#215;114,3<\/li>\n<li>Keskireik\u00e4: 64,1mm<\/li>\n<li>Paino: 14,9Kg<\/li>\n<li>Kantavuus: 900Kg<\/li>\n<li>Paineanturit: Huf BT<\/li>\n<\/ul>\n<\/li>\n<\/ul>\n<p>Lis\u00e4tietoa rengasvaihtoehdoista saat klikkaamalla:<\/p>\n<details>\n<summary><b> Brigdestone &#8211; Blizzak 6 XL 255\/45WR19 <\/b><\/summary>\n<ul>\n<li>Kantavuusluku: 104 <\/li>\n<li>Nopeusluokkamerkki: W (270km\/h)\n<li>Rengasluokka: C1<\/li>\n<\/ul>\n<p><img decoding=\"async\" src=\"https:\/\/www.vempele.fi\/wp-content\/uploads\/2024\/09\/bridgestone_blizzak_6_255_45r19.png\" alt=\"\" \/>\n<\/p>\n<\/details>\n<p>&nbsp;<\/p>\n<details>\n<summary><b> Hankook &#8211; IOn Icept EV 255\/45VR19 XL <\/b><\/summary>\n<ul>\n<li>Kantavuusluku: 104 <\/li>\n<li>Nopeusluokkamerkki: V (240km\/h)\n<li>Rengasluokka: C1<\/li>\n<\/ul>\n<p><img decoding=\"async\" src=\"https:\/\/www.vempele.fi\/wp-content\/uploads\/2024\/09\/hankook_ion_icept_ev_255_45_19.png\" alt=\"\" \/>\n<\/p>\n<\/details>\n<p>&nbsp;<\/p>\n<details>\n<summary><b> Goodyear &#8211; Ultragrip Performance+ SCT 255\/45VR19 <\/b><\/summary>\n<ul>\n<li>Kantavuusluku: 104 <\/li>\n<li>Nopeusluokkamerkki: Y (>300km\/h)\n<li>Rengasluokka: C1<\/li>\n<\/ul>\n<p><img decoding=\"async\" src=\"https:\/\/www.vempele.fi\/wp-content\/uploads\/2024\/09\/goodyear_ultragrip_performance_plus_sct_255_45vr19.png\" alt=\"\" \/>\n<\/p>\n<\/details>\n<p>&nbsp;<\/p>\n<details>\n<summary><b> Michelin &#8211; X-Ice Snow 4 XL 255\/45HR19 <\/b><\/summary>\n<ul>\n<li>Kantavuusluku: 104 <\/li>\n<li>Nopeusluokkamerkki: H (210km\/h)\n<li>Rengasluokka: C1<\/li>\n<\/ul>\n<p><img decoding=\"async\" src=\"https:\/\/www.vempele.fi\/wp-content\/uploads\/2024\/09\/michelin_x_ice_snow_255_45hr19.png\" alt=\"\" \/>\n<\/p>\n<\/details>\n<p>&nbsp;<\/p>\n","protected":false},"excerpt":{"rendered":"<p>Helposti valittava valmis paketti juuri sinun tarpeisiin!<\/p>\n<p>Voit helposti valita eri rengasvaihtoehdoista ja vanteen v\u00e4rist\u00e4 juuri sinulle mieluisan vaihtoehdon.<\/p>\n<p>Monaco GP6 on suorasovitteinen Teslaan, joten mit\u00e4\u00e4n soviterenkaita ei tarvita. Lis\u00e4tietoa renkaista ja vanteista l\u00f6ytyy t\u00e4m\u00e4n sivun alaosasta. <\/p>\n<p>Model Y:n kanssa rengas-vanne-paketteihin tulee mukana asenettuna Huf BT TPMS anturit.<\/p>\n","protected":false},"featured_media":26727,"comment_status":"open","ping_status":"closed","template":"","meta":[],"product_brand":[],"product_cat":[154,593],"product_tag":[694,271,591,300,302,121,592,321],"class_list":{"0":"post-31039","1":"product","2":"type-product","3":"status-publish","4":"has-post-thumbnail","6":"product_cat-model-y","7":"product_cat-rengaspaketit","8":"product_tag-kitkarenkaat","9":"product_tag-model-y","10":"product_tag-rengaspaketti","11":"product_tag-renkaat","12":"product_tag-talvirenkaat","13":"product_tag-tesla","14":"product_tag-vannepaketti","15":"product_tag-vanteet","17":"first","18":"instock","19":"taxable","20":"shipping-taxable","21":"purchasable","22":"product-type-variable"},"jetpack_sharing_enabled":true,"_links":{"self":[{"href":"https:\/\/www.vempele.fi\/fi\/wp-json\/wp\/v2\/product\/31039","targetHints":{"allow":["GET"]}}],"collection":[{"href":"https:\/\/www.vempele.fi\/fi\/wp-json\/wp\/v2\/product"}],"about":[{"href":"https:\/\/www.vempele.fi\/fi\/wp-json\/wp\/v2\/types\/product"}],"replies":[{"embeddable":true,"href":"https:\/\/www.vempele.fi\/fi\/wp-json\/wp\/v2\/comments?post=31039"}],"wp:featuredmedia":[{"embeddable":true,"href":"https:\/\/www.vempele.fi\/fi\/wp-json\/wp\/v2\/media\/26727"}],"wp:attachment":[{"href":"https:\/\/www.vempele.fi\/fi\/wp-json\/wp\/v2\/media?parent=31039"}],"wp:term":[{"taxonomy":"product_brand","embeddable":true,"href":"https:\/\/www.vempele.fi\/fi\/wp-json\/wp\/v2\/product_brand?post=31039"},{"taxonomy":"product_cat","embeddable":true,"href":"https:\/\/www.vempele.fi\/fi\/wp-json\/wp\/v2\/product_cat?post=31039"},{"taxonomy":"product_tag","embeddable":true,"href":"https:\/\/www.vempele.fi\/fi\/wp-json\/wp\/v2\/product_tag?post=31039"}],"curies":[{"name":"wp","href":"https:\/\/api.w.org\/{rel}","templated":true}]}}