{"id":31300,"date":"2024-09-15T13:48:54","date_gmt":"2024-09-15T10:48:54","guid":{"rendered":"https:\/\/www.vempele.fi\/?post_type=product&#038;p=31300"},"modified":"2024-09-15T14:33:35","modified_gmt":"2024-09-15T11:33:35","slug":"monaco-gp6-19-kitkarengaspaketti-tesla-model-3","status":"publish","type":"product","link":"https:\/\/www.vempele.fi\/fi\/tuote\/monaco-gp6-19-kitkarengaspaketti-tesla-model-3\/","title":{"rendered":"Monaco GP6 19&#8243; Kitkarengaspaketti &#8211; Tesla Model 3"},"content":{"rendered":"<p>Monaco GP6 on suorasovitteinen siisti vanne Teslaan!<\/p>\n<p>Rengaspaketti toimitetaan suoraan kotiin valmiina pakettina alle asennettavaksi.<br \/>\nT\u00e4m\u00e4n tuotteen varastosaldo ei p\u00e4ivity automaattisesti, joten jos jostain syyst\u00e4 kyseist\u00e4 rengasta ei ole saatavissa, olemme heti teihin yhteydess\u00e4, tai voit varmistaa tuotteen saatavuuden etuk\u00e4teen. <\/p>\n<p>Toimitusaika rengaspaketille on tilauksesta noin 1-2vk.<\/p>\n<ul>\n<li>Vanteet: Monaco GP6\n<ul>\n<li>Koko: 19&#8243;<\/li>\n<li>Leveys: 8,5&#8243;<\/li>\n<li>ET: 40<\/li>\n<li>Jako: 5&#215;114,3<\/li>\n<li>Keskireik\u00e4: 64,1mm<\/li>\n<li>Paino: 12,9Kg<\/li>\n<li>Kantavuus: 900Kg<\/li>\n<\/ul>\n<\/li>\n<\/ul>\n<p>Lis\u00e4tietoa rengasvaihtoehdoista saat klikkaamalla:<\/p>\n<details>\n<summary><b> Bridgestone &#8211; Blizzak 6 235\/40WR19 XL <\/b><\/summary>\n<ul>\n<li>Kantavuusluku: 96 <\/li>\n<li>Nopeusluokkamerkki: W (270km\/h)\n<li>Rengasluokka: C1<\/li>\n<\/ul>\n<p><img decoding=\"async\" src=\"https:\/\/www.vempele.fi\/wp-content\/uploads\/2024\/09\/bridgestone_blizzak_6_235_40R19.png\" alt=\"\" \/>\n<\/p>\n<\/details>\n<p>&nbsp;<\/p>\n<details>\n<summary><b> Michelin &#8211; X-Ice Snow 235\/40HR19 <\/b><\/summary>\n<ul>\n<li>Kantavuusluku: 96 <\/li>\n<li>Nopeusluokkamerkki: H (210km\/h)\n<li>Rengasluokka: C1<\/li>\n<\/ul>\n<p><img decoding=\"async\" src=\"https:\/\/www.vempele.fi\/wp-content\/uploads\/2024\/09\/michelin_x_ice_snow_235_40R19.png\" alt=\"\" \/>\n<\/p>\n<\/details>\n<p>&nbsp;<\/p>\n<p>&nbsp;<\/p>\n","protected":false},"excerpt":{"rendered":"<p>Helposti valittava valmis paketti juuri sinun tarpeisiin!<\/p>\n<p>Voit helposti valita eri rengasvaihtoehdoista ja vanteen v\u00e4rist\u00e4 juuri sinulle mieluisan vaihtoehdon.<\/p>\n<p>Monaco GP6 on suorasovitteinen Teslaan, joten mit\u00e4\u00e4n soviterenkaita ei tarvita. Lis\u00e4tietoa renkaista ja vanteista l\u00f6ytyy t\u00e4m\u00e4n sivun alaosasta. <\/p>\n<p><strong>Kummat anturit valitsen?<\/strong><br \/>\nAntureiden osalta p\u00e4\u00e4s\u00e4\u00e4nt\u00f6isesti 10\/2020 eteenp\u00e4in ovat Bluetooth-antureilla ja sit\u00e4 vanhemmat 433Mhz antureilla. Jos auto on valmistettu l\u00e4hell\u00e4 kyseist\u00e4 ajankohtaa, kannattaa kuitenkin varmistaa kummat anturit autossa on.<br \/>\n433Mhz antureiden osalta pyyd\u00e4mme my\u00f6s lis\u00e4\u00e4m\u00e4\u00e4n tilauksen lis\u00e4tietoihin auton valmistusajankohdan, esimerkiksi 05\/2019<\/p>\n","protected":false},"featured_media":26727,"comment_status":"open","ping_status":"closed","template":"","meta":[],"product_brand":[],"product_cat":[593],"product_tag":[694,156,591,300,302,121,592,321],"class_list":{"0":"post-31300","1":"product","2":"type-product","3":"status-publish","4":"has-post-thumbnail","6":"product_cat-rengaspaketit","7":"product_tag-kitkarenkaat","8":"product_tag-model-3","9":"product_tag-rengaspaketti","10":"product_tag-renkaat","11":"product_tag-talvirenkaat","12":"product_tag-tesla","13":"product_tag-vannepaketti","14":"product_tag-vanteet","16":"first","17":"instock","18":"taxable","19":"shipping-taxable","20":"purchasable","21":"product-type-variable"},"jetpack_sharing_enabled":true,"_links":{"self":[{"href":"https:\/\/www.vempele.fi\/fi\/wp-json\/wp\/v2\/product\/31300","targetHints":{"allow":["GET"]}}],"collection":[{"href":"https:\/\/www.vempele.fi\/fi\/wp-json\/wp\/v2\/product"}],"about":[{"href":"https:\/\/www.vempele.fi\/fi\/wp-json\/wp\/v2\/types\/product"}],"replies":[{"embeddable":true,"href":"https:\/\/www.vempele.fi\/fi\/wp-json\/wp\/v2\/comments?post=31300"}],"wp:featuredmedia":[{"embeddable":true,"href":"https:\/\/www.vempele.fi\/fi\/wp-json\/wp\/v2\/media\/26727"}],"wp:attachment":[{"href":"https:\/\/www.vempele.fi\/fi\/wp-json\/wp\/v2\/media?parent=31300"}],"wp:term":[{"taxonomy":"product_brand","embeddable":true,"href":"https:\/\/www.vempele.fi\/fi\/wp-json\/wp\/v2\/product_brand?post=31300"},{"taxonomy":"product_cat","embeddable":true,"href":"https:\/\/www.vempele.fi\/fi\/wp-json\/wp\/v2\/product_cat?post=31300"},{"taxonomy":"product_tag","embeddable":true,"href":"https:\/\/www.vempele.fi\/fi\/wp-json\/wp\/v2\/product_tag?post=31300"}],"curies":[{"name":"wp","href":"https:\/\/api.w.org\/{rel}","templated":true}]}}