{"id":31907,"date":"2024-10-04T00:00:00","date_gmt":"2024-10-03T21:00:00","guid":{"rendered":"https:\/\/www.vempele.fi\/fi\/?post_type=product&#038;p=31907"},"modified":"2026-04-01T15:51:08","modified_gmt":"2026-04-01T12:51:08","slug":"linglong-nord-master-testimenestys-235-45r18-98t-tesla-model-3","status":"publish","type":"product","link":"https:\/\/www.vempele.fi\/fi\/tuote\/linglong-nord-master-testimenestys-235-45r18-98t-tesla-model-3\/","title":{"rendered":"Linglong Nord Master TESTIMENESTYS! 235\/45R18 98T &#8211; Tesla Model 3"},"content":{"rendered":"<p>1 kpl Linglong Nord Master TESTIMENESTYS! 235\/45-18\u00a0 98T<\/p>\n<ul>\n<li>EU-Rengasmerkinn\u00e4t<\/li>\n<li>Tyyppi: Kitkarengas<\/li>\n<li>Tuumat: 18<\/li>\n<li>Leveys: 235<\/li>\n<li>Profiili: 45<\/li>\n<li>Nopeusluokka: T<\/li>\n<li>Kantavuusluokka: 98<\/li>\n<li>Rengasluokitus: <\/li>\n<li>Polttoainetaloudellisuus: <\/li>\n<li>M\u00e4rk\u00e4pito: <\/li>\n<li>Ohjaamomeluluokitus:\u00a0 <\/li>\n<\/ul>\n<p>&nbsp;<\/p>\n<p>Renkaat toimitetaan suoraan yhteisty\u00f6kumppanin varastolta.<\/p>\n<p><img decoding=\"async\" src=\"https:\/\/www.vempele.fi\/wp-content\/uploads\/2024\/10\/Label_1080872.svg\" width=\"300\" \/><\/p>\n<p>Renkaan tiedot haettu yhteisty\u00f6kumppanilta.<\/p>\n","protected":false},"excerpt":{"rendered":"<p>Linglong Nord Master \u2013 testimenestyj\u00e4 Linglong Nord Master on uusi huippupit\u00e4v\u00e4 testimenestyj\u00e4-kitkarengas.  Nord Masterin upea testimenestys j\u00e4i voittajasta vain 0,8 pistett\u00e4 \u2013 vaikka on l\u00e4hes 40 prosenttia edullisempi.  Linglongin menestys on merkitt\u00e4v\u00e4: taakse j\u00e4iv\u00e4t nimekk\u00e4\u00e4t kilpailijat, kuten Bridgestone Blizzak Ice.  Lis\u00e4ksi Nord Master oli Ivalossa, Test Worldissa tehdyn testin hiljaisin rengas (jaettu.  1. sija).  Linglong Nord Master on suunniteltu erityisesti Pohjolan talviolosuhteisiin.  Rengasta voi hyv\u00e4ll\u00e4 syyll\u00e4 sanoa pohjoismaisten talviolosuhteiden mestariksi \u2013 renkaan suunnittelussa on k\u00e4ytetty viimeisint\u00e4 huipputeknologiaa, jolla rengas on optimoitu haasteellisiin talvikeleihin.  \u201cLINGLONGILLA ON HYV\u00c4 PITO J\u00c4\u00c4LL\u00c4\u201d Aftonbladet 26. 9. 2020&#13;<br \/>\n&#13;<br \/>\nLinglong on yleisesti laadukkaimpana pidetty kiinalainen rengasvalmistaja.  Erityisesti Linglongin lippulaivatuotteen, GreenMax-rengasperheen upea testi- ja myyntimenestys on luonut merkille vahvan laatumerkin maineen ymp\u00e4ri Eurooppaa.  Linglong on noussut raketin lailla Suomen suosituimpien renkaiden joukkoon erinomaisen asiakastyytyv\u00e4isyyden ja markkinoiden parhaan hintalaatusuhteen ansiosta. &#13;<br \/>\n\u00a0 <\/p>\n<p>Renkaat toimitetaan suoraan yhteisty\u00f6kumppanin varastolta.<\/p>\n","protected":false},"featured_media":31909,"comment_status":"open","ping_status":"open","template":"","meta":[],"product_brand":[],"product_cat":[371],"product_tag":[704,632,156,705,121],"class_list":{"0":"post-31907","1":"product","2":"type-product","3":"status-publish","4":"has-post-thumbnail","6":"product_cat-renkaat","7":"product_tag-kitkarengas","8":"product_tag-linglong","9":"product_tag-model-3","10":"product_tag-nord-master-testimenestys","11":"product_tag-tesla","13":"first","14":"instock","15":"taxable","16":"shipping-taxable","17":"purchasable","18":"product-type-simple"},"jetpack_sharing_enabled":true,"_links":{"self":[{"href":"https:\/\/www.vempele.fi\/fi\/wp-json\/wp\/v2\/product\/31907","targetHints":{"allow":["GET"]}}],"collection":[{"href":"https:\/\/www.vempele.fi\/fi\/wp-json\/wp\/v2\/product"}],"about":[{"href":"https:\/\/www.vempele.fi\/fi\/wp-json\/wp\/v2\/types\/product"}],"replies":[{"embeddable":true,"href":"https:\/\/www.vempele.fi\/fi\/wp-json\/wp\/v2\/comments?post=31907"}],"wp:featuredmedia":[{"embeddable":true,"href":"https:\/\/www.vempele.fi\/fi\/wp-json\/wp\/v2\/media\/31909"}],"wp:attachment":[{"href":"https:\/\/www.vempele.fi\/fi\/wp-json\/wp\/v2\/media?parent=31907"}],"wp:term":[{"taxonomy":"product_brand","embeddable":true,"href":"https:\/\/www.vempele.fi\/fi\/wp-json\/wp\/v2\/product_brand?post=31907"},{"taxonomy":"product_cat","embeddable":true,"href":"https:\/\/www.vempele.fi\/fi\/wp-json\/wp\/v2\/product_cat?post=31907"},{"taxonomy":"product_tag","embeddable":true,"href":"https:\/\/www.vempele.fi\/fi\/wp-json\/wp\/v2\/product_tag?post=31907"}],"curies":[{"name":"wp","href":"https:\/\/api.w.org\/{rel}","templated":true}]}}