{"id":31931,"date":"2024-10-04T00:00:00","date_gmt":"2024-10-03T21:00:00","guid":{"rendered":"https:\/\/www.vempele.fi\/fi\/?post_type=product&#038;p=31931"},"modified":"2026-04-01T14:51:08","modified_gmt":"2026-04-01T11:51:08","slug":"linglong-greenmax-winter-grip-2-255-45r19-104t-tesla-model-y","status":"publish","type":"product","link":"https:\/\/www.vempele.fi\/fi\/tuote\/linglong-greenmax-winter-grip-2-255-45r19-104t-tesla-model-y\/","title":{"rendered":"Linglong GreenMax Winter Grip 2 255\/45R19 104T &#8211; Tesla Model Y"},"content":{"rendered":"<p>1 kpl Linglong GreenMax Winter Grip 2 255\/45-19\u00a0 104T<\/p>\n<ul>\n<li>EU-Rengasmerkinn\u00e4t<\/li>\n<li>Tyyppi: Nastarengas<\/li>\n<li>Tuumat: 19<\/li>\n<li>Leveys: 255<\/li>\n<li>Profiili: 45<\/li>\n<li>Nopeusluokka: T<\/li>\n<li>Kantavuusluokka: 104<\/li>\n<li>Rengasluokitus: C1<\/li>\n<li>Polttoainetaloudellisuus: <\/li>\n<li>M\u00e4rk\u00e4pito: <\/li>\n<li>Ohjaamomeluluokitus:\u00a0 <\/li>\n<\/ul>\n<p>Renkaat toimitetaan suoraan yhteisty\u00f6kumppanin varastolta.<\/p>\n<p><img decoding=\"async\" src=\"\" width=\"300\" \/><\/p>\n<p>Tuotetiedot haettu yhteisty\u00f6kumppanilta.<\/p>\n","protected":false},"excerpt":{"rendered":"<p>GreenMax Winter Grip 2 \u2013 varmuutta ja pitoa&#13;<br \/>\npohjoisen talveen&#13;<br \/>\n&#13;<br \/>\nGreenMax Winter Grip 2 on edullinen ja suorituskykyinen&#13;<br \/>\nnastarengas, joka on suunniteltu erityisesti vaativiin pohjoismaisiin&#13;<br \/>\ntalviolosuhteisiin.  Renkaan moderni pintakuvio yhdess\u00e4 tehokkaan nastoituksen&#13;<br \/>\nkanssa takaa erinomaisen pidon j\u00e4\u00e4ll\u00e4 ja lumella, sek\u00e4 vakaan ajettavuuden&#13;<br \/>\nvaihtelevilla teill\u00e4. &#13;<br \/>\n&#13;<br \/>\nKeskeiset ominaisuudet:&#13;<br \/>\n&#13;<br \/>\n&#13;<br \/>\n Tehokas&#13;<br \/>\n     nastoitus tarjoaa varmaa pitoa j\u00e4isill\u00e4 teill\u00e4&#13;<br \/>\n Syv\u00e4t&#13;<br \/>\n     urat ja optimoitu lamellointi parantavat lumipitoa ja est\u00e4v\u00e4t sohjoliirtoa&#13;<br \/>\n Hiljainen&#13;<br \/>\n     ja miellytt\u00e4v\u00e4 ajotuntuma verrattuna moniin vastaaviin budjettiluokan&#13;<br \/>\n     renkaisiin&#13;<br \/>\n Kest\u00e4v\u00e4&#13;<br \/>\n     kumiseos s\u00e4ilytt\u00e4\u00e4 joustavuutensa kylmiss\u00e4 l\u00e4mp\u00f6tiloissa, parantaen&#13;<br \/>\n     turvallisuutta&#13;<br \/>\n&#13;<br \/>\n&#13;<br \/>\nGreenMax Winter Grip 2 on loistava valinta sinulle, joka&#13;<br \/>\netsit luotettavaa nastarengasta edulliseen hintaan ilman kompromisseja&#13;<br \/>\ntalviturvallisuudessa.  Rengas sopii erinomaisesti henkil\u00f6autoihin ja pieniin&#13;<br \/>\nkatumaastureihin, ja sen suorituskyky on testattu ankarissa olosuhteissa. &#13;<br \/>\n&#13;<br \/>\nSaatavilla useissa kokoluokissa \u2013 l\u00f6yd\u00e4 sopiva koko autoosi&#13;<br \/>\nnyt! <\/p>\n<p> Renkaat toimitetaan suoraan yhteisty\u00f6kumppanin varastolta.<\/p>\n","protected":false},"featured_media":31932,"comment_status":"open","ping_status":"open","template":"","meta":[],"product_brand":[],"product_cat":[371],"product_tag":[714,632,271,713,121],"class_list":{"0":"post-31931","1":"product","2":"type-product","3":"status-publish","4":"has-post-thumbnail","6":"product_cat-renkaat","7":"product_tag-greenmax-winter-grip-2","8":"product_tag-linglong","9":"product_tag-model-y","10":"product_tag-nastarengas","11":"product_tag-tesla","13":"first","14":"instock","15":"taxable","16":"shipping-taxable","17":"purchasable","18":"product-type-simple"},"jetpack_sharing_enabled":true,"_links":{"self":[{"href":"https:\/\/www.vempele.fi\/fi\/wp-json\/wp\/v2\/product\/31931","targetHints":{"allow":["GET"]}}],"collection":[{"href":"https:\/\/www.vempele.fi\/fi\/wp-json\/wp\/v2\/product"}],"about":[{"href":"https:\/\/www.vempele.fi\/fi\/wp-json\/wp\/v2\/types\/product"}],"replies":[{"embeddable":true,"href":"https:\/\/www.vempele.fi\/fi\/wp-json\/wp\/v2\/comments?post=31931"}],"wp:featuredmedia":[{"embeddable":true,"href":"https:\/\/www.vempele.fi\/fi\/wp-json\/wp\/v2\/media\/31932"}],"wp:attachment":[{"href":"https:\/\/www.vempele.fi\/fi\/wp-json\/wp\/v2\/media?parent=31931"}],"wp:term":[{"taxonomy":"product_brand","embeddable":true,"href":"https:\/\/www.vempele.fi\/fi\/wp-json\/wp\/v2\/product_brand?post=31931"},{"taxonomy":"product_cat","embeddable":true,"href":"https:\/\/www.vempele.fi\/fi\/wp-json\/wp\/v2\/product_cat?post=31931"},{"taxonomy":"product_tag","embeddable":true,"href":"https:\/\/www.vempele.fi\/fi\/wp-json\/wp\/v2\/product_tag?post=31931"}],"curies":[{"name":"wp","href":"https:\/\/api.w.org\/{rel}","templated":true}]}}