{"id":31937,"date":"2024-10-03T00:00:00","date_gmt":"2024-10-02T21:00:00","guid":{"rendered":"https:\/\/www.vempele.fi\/fi\/?post_type=product&#038;p=31937"},"modified":"2026-04-24T07:51:09","modified_gmt":"2026-04-24T04:51:09","slug":"linglong-greenmax-winter-grip-suv-275-45r20-110t-tesla-model-x","status":"publish","type":"product","link":"https:\/\/www.vempele.fi\/fi\/tuote\/linglong-greenmax-winter-grip-suv-275-45r20-110t-tesla-model-x\/","title":{"rendered":"Linglong GreenMax Winter Grip SUV 275\/45R20 110T &#8211; Tesla Model X"},"content":{"rendered":"<p>1 kpl Linglong GreenMax Winter Grip SUV 275\/45-20\u00a0 110T<\/p>\n<ul>\n<li>EU-Rengasmerkinn\u00e4t<\/li>\n<li>Tyyppi: Kitkarengas<\/li>\n<li>Tuumat: 20<\/li>\n<li>Leveys: 275<\/li>\n<li>Profiili: 45<\/li>\n<li>Nopeusluokka: T<\/li>\n<li>Kantavuusluokka: 110<\/li>\n<li>Rengasluokitus: <\/li>\n<li>Polttoainetaloudellisuus: <\/li>\n<li>M\u00e4rk\u00e4pito: <\/li>\n<li>Ohjaamomeluluokitus:\u00a0 <\/li>\n<\/ul>\n<p>&nbsp;<\/p>\n<p>Renkaat toimitetaan suoraan yhteisty\u00f6kumppanin varastolta.<\/p>\n<p><img decoding=\"async\" src=\"\" width=\"300\" \/><\/p>\n<p>Renkaan tiedot haettu yhteisty\u00f6kumppanilta.<\/p>\n","protected":false},"excerpt":{"rendered":"<p>Suomensukuinen Linglong GreenMax Winter Grip nastarengas&#13;<br \/>\n&#13;<br \/>\nTestattu ja kehitetty Ivalossa.  Linglongin uusi GreenMax Winter Grip nastarengas on kehitetty erityisesti Suomen vaativia talviolosuhteita varten.  Rengasta on kehitett\u00e4ess\u00e4 testattu useita kertoja Suomen maineikkaimmassa talvirenkaiden testauslaitoksessa Ivalon Test Worldiss\u00e4.  Useita eri seoksia ja rakenteita aidoissa pohjoisissa talviolosuhteissa testaamalla on saatu luotua talvirengas, joka soveltuu t\u00e4ydellisesti juuri Suomen talveen. &#13;<br \/>\nNastoitettu suomalaisilla Tikka-nastoilla.  Huippuluokan pidon j\u00e4\u00e4ll\u00e4 viimeistelev\u00e4t Linglong GreenMax Winter Gripin kotimaiset Tikka-nastat.  Tikka on ollut laadultaan johtava nastavalmistaja aina siit\u00e4 saakka, kun yhti\u00f6 50-luvulla kehitti maailman ensimm\u00e4iset rengasnastat. &#13;<br \/>\nTehdasnastoitettu suomalaisilla A-tekniikan automaattikoneilla.  Nastoituksen vakaan laadun takaa tehdasnastoitus markkinoiden parhailla A-tekniikan t\u00e4ysautomaattikoneilla. &#13;<br \/>\nErinomaiset testitulokset &#13;<br \/>\nLinglong GreenMax Winter Gripin kehitysty\u00f6ss\u00e4 verrokkirenkaiksi valittiin senhetkinen markkinajohtaja ja useimpien vertailujen testivoittaja Nokian Hakkapeliitta 7, sek\u00e4 Hankook Winter I*Pike.  Tavoitteena oli tehd\u00e4 rengas, joka sijoittuu ominaisuuksiltaan n\u00e4iden kahden laaturenkaan v\u00e4liin, ja on hintalaatusuhteeltaan kolmikosta selke\u00e4sti paras. &#13;<br \/>\nRengastestit teetettiin maailman johtavalla talvirenkaiden testauslaitoksella suomalaisella Test Worldill\u00e4 Ivalossa.  Test World on Suomessa tunnettu muun muassa tekemist\u00e4\u00e4n Tekniikan maailman rengastesteist\u00e4.  Testien perusteella Linglong p\u00e4rj\u00e4si kovassa verrokkiryhm\u00e4ss\u00e4\u00e4n erinomaisesti.  Testeiss\u00e4 testattiin renkaan jarrutuspitoa lumella, j\u00e4\u00e4ll\u00e4, m\u00e4r\u00e4ll\u00e4 ja kuivalla.  Linglong oli kaikissa olosuhteissa v\u00e4hint\u00e4\u00e4n toinen, voittaen Hankookin kolmella alustalla nelj\u00e4st\u00e4 ja Nokian kahdella alustalla nelj\u00e4st\u00e4.  Kokonaisuutena Linglongin voikin katsoa olevan jopa vertailuryhm\u00e4n paras rengas, ja kun huomioidaan Linglongin selv\u00e4sti edullisempi hinta, Linglongin hintalaatusuhde nousee suorastaan ylivoimaiseksi kilpailijoihin n\u00e4hden. &#13;<br \/>\nLuota suomalaiseen talvirengasosaamiseen ja valitse turvallinen Linglong GreenMax Winter Grip! &#13;<br \/>\n&#13;<br \/>\nLinglong on yleisesti laadukkaimpana pidetty kiinalainen rengasvalmistaja.  Erityisesti Linglongin lippulaivatuotteen, GreenMax-rengasperheen upea testi- ja myyntimenestys on luonut merkille vahvan laatumerkin maineen ymp\u00e4ri Eurooppaa. \u00a0Linglong on noussut raketin lailla Suomen suosituimpien renkaiden joukkoon erinomaisen asiakastyytyv\u00e4isyyden ja markkinoiden parhaan hintalaatusuhteen ansiosta. <\/p>\n<p>Renkaat toimitetaan suoraan yhteisty\u00f6kumppanin varastolta.<\/p>\n","protected":false},"featured_media":31938,"comment_status":"open","ping_status":"open","template":"","meta":[],"product_brand":[],"product_cat":[371],"product_tag":[715,704,632,173,121],"class_list":{"0":"post-31937","1":"product","2":"type-product","3":"status-publish","4":"has-post-thumbnail","6":"product_cat-renkaat","7":"product_tag-greenmax-winter-grip-suv","8":"product_tag-kitkarengas","9":"product_tag-linglong","10":"product_tag-model-x","11":"product_tag-tesla","13":"first","14":"instock","15":"taxable","16":"shipping-taxable","17":"purchasable","18":"product-type-simple"},"jetpack_sharing_enabled":true,"_links":{"self":[{"href":"https:\/\/www.vempele.fi\/fi\/wp-json\/wp\/v2\/product\/31937","targetHints":{"allow":["GET"]}}],"collection":[{"href":"https:\/\/www.vempele.fi\/fi\/wp-json\/wp\/v2\/product"}],"about":[{"href":"https:\/\/www.vempele.fi\/fi\/wp-json\/wp\/v2\/types\/product"}],"replies":[{"embeddable":true,"href":"https:\/\/www.vempele.fi\/fi\/wp-json\/wp\/v2\/comments?post=31937"}],"wp:featuredmedia":[{"embeddable":true,"href":"https:\/\/www.vempele.fi\/fi\/wp-json\/wp\/v2\/media\/31938"}],"wp:attachment":[{"href":"https:\/\/www.vempele.fi\/fi\/wp-json\/wp\/v2\/media?parent=31937"}],"wp:term":[{"taxonomy":"product_brand","embeddable":true,"href":"https:\/\/www.vempele.fi\/fi\/wp-json\/wp\/v2\/product_brand?post=31937"},{"taxonomy":"product_cat","embeddable":true,"href":"https:\/\/www.vempele.fi\/fi\/wp-json\/wp\/v2\/product_cat?post=31937"},{"taxonomy":"product_tag","embeddable":true,"href":"https:\/\/www.vempele.fi\/fi\/wp-json\/wp\/v2\/product_tag?post=31937"}],"curies":[{"name":"wp","href":"https:\/\/api.w.org\/{rel}","templated":true}]}}