{"id":32095,"date":"2024-10-11T13:23:32","date_gmt":"2024-10-11T10:23:32","guid":{"rendered":"https:\/\/www.vempele.fi\/?post_type=product&#038;p=32095"},"modified":"2026-03-03T11:41:52","modified_gmt":"2026-03-03T09:41:52","slug":"etuakselin-alatukivarren-hela-polypro-tesla-model-3","status":"publish","type":"product","link":"https:\/\/www.vempele.fi\/fi\/tuote\/etuakselin-alatukivarren-hela-polypro-tesla-model-3\/","title":{"rendered":"Etuakselin Alatukivarren Hela &#8211; PolyPro &#8211; Tesla Model 3"},"content":{"rendered":"<ul>\n<li>Valmistaja: PolyPro<\/li>\n<li>Valmistajan tuotenumero: PP-1854<\/li>\n<li>Sopivuus:\n<ul>\n<li>Model 3 Pre-Refresh vm. 2019\u00a0 \u2013 2021<\/li>\n<li>Model 3 Refresh vm. 2021 \u2013 2023<\/li>\n<\/ul>\n<\/li>\n<li>Valmistajan antamat OE-tuotenumerot:\n<ul>\n<li>1044341-00-C<\/li>\n<\/ul>\n<\/li>\n<li>Valmistusmaa: Ukraina<\/li>\n<\/ul>\n<p>&nbsp;<\/p>\n","protected":false},"excerpt":{"rendered":"<p>Polyuretaanista valmistettu vaihdettava hela. Sopii Tesla model 3 etummaiseen alatukivarteen.<\/p>\n<p>Polyuretaanipuslat ovat ylivoimainen valinta auton alustaan, koska ne tarjoavat erinomaisen kest\u00e4vyyden, j\u00e4ykkyyden ja suorituskyvyn verrattuna perinteisiin kumipusliin. Ne v\u00e4hent\u00e4v\u00e4t auton alustaan kohdistuvaa joustoa, parantavat ohjauksen tarkkuutta ja tarjoavat vakaamman ajotuntuman. Lis\u00e4ksi polyuretaani kest\u00e4\u00e4 paremmin l\u00e4mp\u00f6tilan vaihteluita, \u00f6ljyj\u00e4 ja kemikaaleja.<\/p>\n","protected":false},"featured_media":32096,"comment_status":"open","ping_status":"closed","template":"","meta":[],"product_brand":[786],"product_cat":[151,471],"product_tag":[576,156,716,717,121,476,319],"class_list":{"0":"post-32095","1":"product","2":"type-product","3":"status-publish","4":"has-post-thumbnail","6":"product_brand-polypro","7":"product_cat-model-3","8":"product_cat-model-3-varaosat","9":"product_tag-hela","10":"product_tag-model-3","11":"product_tag-polypro","12":"product_tag-polyuretaani","13":"product_tag-tesla","14":"product_tag-tukivarsi","15":"product_tag-varaosat","17":"first","18":"instock","19":"taxable","20":"shipping-taxable","21":"purchasable","22":"product-type-simple"},"jetpack_sharing_enabled":true,"_links":{"self":[{"href":"https:\/\/www.vempele.fi\/fi\/wp-json\/wp\/v2\/product\/32095","targetHints":{"allow":["GET"]}}],"collection":[{"href":"https:\/\/www.vempele.fi\/fi\/wp-json\/wp\/v2\/product"}],"about":[{"href":"https:\/\/www.vempele.fi\/fi\/wp-json\/wp\/v2\/types\/product"}],"replies":[{"embeddable":true,"href":"https:\/\/www.vempele.fi\/fi\/wp-json\/wp\/v2\/comments?post=32095"}],"wp:featuredmedia":[{"embeddable":true,"href":"https:\/\/www.vempele.fi\/fi\/wp-json\/wp\/v2\/media\/32096"}],"wp:attachment":[{"href":"https:\/\/www.vempele.fi\/fi\/wp-json\/wp\/v2\/media?parent=32095"}],"wp:term":[{"taxonomy":"product_brand","embeddable":true,"href":"https:\/\/www.vempele.fi\/fi\/wp-json\/wp\/v2\/product_brand?post=32095"},{"taxonomy":"product_cat","embeddable":true,"href":"https:\/\/www.vempele.fi\/fi\/wp-json\/wp\/v2\/product_cat?post=32095"},{"taxonomy":"product_tag","embeddable":true,"href":"https:\/\/www.vempele.fi\/fi\/wp-json\/wp\/v2\/product_tag?post=32095"}],"curies":[{"name":"wp","href":"https:\/\/api.w.org\/{rel}","templated":true}]}}