{"id":32099,"date":"2024-10-11T13:45:58","date_gmt":"2024-10-11T10:45:58","guid":{"rendered":"https:\/\/www.vempele.fi\/?post_type=product&#038;p=32099"},"modified":"2026-04-03T21:48:04","modified_gmt":"2026-04-03T18:48:04","slug":"taka-akselin-ylapuolinen-tukivarsi-etummainen-hela-polypro-tesla-model-3","status":"publish","type":"product","link":"https:\/\/www.vempele.fi\/fi\/tuote\/taka-akselin-ylapuolinen-tukivarsi-etummainen-hela-polypro-tesla-model-3\/","title":{"rendered":"Taka-akselin yl\u00e4puolinen tukivarsi, etummainen, hela &#8211; PolyPro- Tesla Model 3"},"content":{"rendered":"<ul>\n<li>Valmistaja: PolyPro<\/li>\n<li>Valmistajan tuotenumero: PP-2024<\/li>\n<li>Sopivuus:\n<ul>\n<li>Model 3 Pre-Refresh vm. 2019\u00a0 &#8211; 2021<\/li>\n<li>Model 3 Refresh vm. 2021 &#8211; 2023<\/li>\n<\/ul>\n<\/li>\n<li>Valmistajan ilmoittamat OE-varaosanumerot:\n<ul>\n<li>1044427-00-C<\/li>\n<li>1044421-00-G<\/li>\n<\/ul>\n<\/li>\n<li>Asennuskohta: Taka-akseli, hela<\/li>\n<li>Valmistusmaa: Ukraina<\/li>\n<\/ul>\n<p>&nbsp;<\/p>\n","protected":false},"excerpt":{"rendered":"<p>Polyuretaanista valmistettu taka-akselin etummaisen yl\u00e4puolisen tukivarren hela. Sopii my\u00f6s olka-akseliin.<\/p>\n<p>Polyuretaanipuslat ovat ylivoimainen valinta auton alustaan, koska ne tarjoavat erinomaisen kest\u00e4vyyden, j\u00e4ykkyyden ja suorituskyvyn verrattuna perinteisiin kumipusliin. Ne v\u00e4hent\u00e4v\u00e4t auton alustaan kohdistuvaa joustoa, parantavat ohjauksen tarkkuutta ja tarjoavat vakaamman ajotuntuman. Lis\u00e4ksi polyuretaani kest\u00e4\u00e4 paremmin l\u00e4mp\u00f6tilan vaihteluita, \u00f6ljyj\u00e4 ja kemikaaleja.<\/p>\n","protected":false},"featured_media":32100,"comment_status":"open","ping_status":"closed","template":"","meta":[],"product_brand":[786],"product_cat":[151,471],"product_tag":[574,156,716,717,577,121,476,319],"class_list":{"0":"post-32099","1":"product","2":"type-product","3":"status-publish","4":"has-post-thumbnail","6":"product_brand-polypro","7":"product_cat-model-3","8":"product_cat-model-3-varaosat","9":"product_tag-alatukivarsi","10":"product_tag-model-3","11":"product_tag-polypro","12":"product_tag-polyuretaani","13":"product_tag-taka-akseli","14":"product_tag-tesla","15":"product_tag-tukivarsi","16":"product_tag-varaosat","18":"first","19":"outofstock","20":"taxable","21":"shipping-taxable","22":"purchasable","23":"product-type-simple"},"jetpack_sharing_enabled":true,"_links":{"self":[{"href":"https:\/\/www.vempele.fi\/fi\/wp-json\/wp\/v2\/product\/32099","targetHints":{"allow":["GET"]}}],"collection":[{"href":"https:\/\/www.vempele.fi\/fi\/wp-json\/wp\/v2\/product"}],"about":[{"href":"https:\/\/www.vempele.fi\/fi\/wp-json\/wp\/v2\/types\/product"}],"replies":[{"embeddable":true,"href":"https:\/\/www.vempele.fi\/fi\/wp-json\/wp\/v2\/comments?post=32099"}],"wp:featuredmedia":[{"embeddable":true,"href":"https:\/\/www.vempele.fi\/fi\/wp-json\/wp\/v2\/media\/32100"}],"wp:attachment":[{"href":"https:\/\/www.vempele.fi\/fi\/wp-json\/wp\/v2\/media?parent=32099"}],"wp:term":[{"taxonomy":"product_brand","embeddable":true,"href":"https:\/\/www.vempele.fi\/fi\/wp-json\/wp\/v2\/product_brand?post=32099"},{"taxonomy":"product_cat","embeddable":true,"href":"https:\/\/www.vempele.fi\/fi\/wp-json\/wp\/v2\/product_cat?post=32099"},{"taxonomy":"product_tag","embeddable":true,"href":"https:\/\/www.vempele.fi\/fi\/wp-json\/wp\/v2\/product_tag?post=32099"}],"curies":[{"name":"wp","href":"https:\/\/api.w.org\/{rel}","templated":true}]}}