{"id":32159,"date":"2024-10-14T10:43:49","date_gmt":"2024-10-14T07:43:49","guid":{"rendered":"https:\/\/www.vempele.fi\/?post_type=product&#038;p=32159"},"modified":"2026-04-10T20:44:13","modified_gmt":"2026-04-10T17:44:13","slug":"takaluukun-pohjan-nostolenkki-tesla-model-y","status":"publish","type":"product","link":"https:\/\/www.vempele.fi\/fi\/tuote\/takaluukun-pohjan-nostolenkki-tesla-model-y\/","title":{"rendered":"Takaluukun pohjan nostolenkki &#8211; Tesla Model Y"},"content":{"rendered":"<p>Tesla Model Y Takaluukun pohjan nostolenkki.<\/p>\n<ul>\n<li>Materiaali: ABS, PU<\/li>\n<li>Sopivuus:\n<ul>\n<li>Model Y 2020 &#8211; 2024<\/li>\n<li>Model Y Juniper 2025 -&gt;<\/li>\n<\/ul>\n<\/li>\n<\/ul>\n","protected":false},"excerpt":{"rendered":"<p>Tesla Model Y Takaluukun pohjan nostolenkki.<\/p>\n<p>Helpottaa ja nopeuttaa eritt\u00e4in paljon takaluukun pohjan avaamista. Tuote on my\u00f6s helppo, yksinkertainen ja nopea asentaa kahdella mukana tulevalla ruuvilla.<\/p>\n<p>Eritt\u00e4in k\u00e4tev\u00e4 lis\u00e4varuste, jos k\u00e4yt\u00e4t takaluukun alempaa tilaa aktiivisesti.<\/p>\n<p>&nbsp;<\/p>\n","protected":false},"featured_media":32160,"comment_status":"open","ping_status":"closed","template":"","meta":[],"product_brand":[],"product_cat":[154,455,482,128],"product_tag":[83,722,271,200,121],"class_list":{"0":"post-32159","1":"product","2":"type-product","3":"status-publish","4":"has-post-thumbnail","6":"product_cat-model-y","7":"product_cat-my-tarvikkeet","8":"product_cat-tarvikkeet-sisapuolelle-model-y","9":"product_cat-tesla-tuotteet","10":"product_tag-autotarvikkeet","11":"product_tag-lenkki","12":"product_tag-model-y","13":"product_tag-takaluukku","14":"product_tag-tesla","16":"first","17":"instock","18":"sale","19":"taxable","20":"shipping-taxable","21":"purchasable","22":"product-type-simple"},"jetpack_sharing_enabled":true,"_links":{"self":[{"href":"https:\/\/www.vempele.fi\/fi\/wp-json\/wp\/v2\/product\/32159","targetHints":{"allow":["GET"]}}],"collection":[{"href":"https:\/\/www.vempele.fi\/fi\/wp-json\/wp\/v2\/product"}],"about":[{"href":"https:\/\/www.vempele.fi\/fi\/wp-json\/wp\/v2\/types\/product"}],"replies":[{"embeddable":true,"href":"https:\/\/www.vempele.fi\/fi\/wp-json\/wp\/v2\/comments?post=32159"}],"wp:featuredmedia":[{"embeddable":true,"href":"https:\/\/www.vempele.fi\/fi\/wp-json\/wp\/v2\/media\/32160"}],"wp:attachment":[{"href":"https:\/\/www.vempele.fi\/fi\/wp-json\/wp\/v2\/media?parent=32159"}],"wp:term":[{"taxonomy":"product_brand","embeddable":true,"href":"https:\/\/www.vempele.fi\/fi\/wp-json\/wp\/v2\/product_brand?post=32159"},{"taxonomy":"product_cat","embeddable":true,"href":"https:\/\/www.vempele.fi\/fi\/wp-json\/wp\/v2\/product_cat?post=32159"},{"taxonomy":"product_tag","embeddable":true,"href":"https:\/\/www.vempele.fi\/fi\/wp-json\/wp\/v2\/product_tag?post=32159"}],"curies":[{"name":"wp","href":"https:\/\/api.w.org\/{rel}","templated":true}]}}