{"id":3279,"date":"2019-12-10T09:26:37","date_gmt":"2019-12-10T07:26:37","guid":{"rendered":"https:\/\/www.vempele.fi\/?post_type=product&#038;p=3279"},"modified":"2026-04-10T11:55:55","modified_gmt":"2026-04-10T08:55:55","slug":"rengaspaine-anturi-autel-tpms-mx-433mhz","status":"publish","type":"product","link":"https:\/\/www.vempele.fi\/fi\/tuote\/rengaspaine-anturi-autel-tpms-mx-433mhz\/","title":{"rendered":"Rengaspaineanturi &#8211; Autel MX-Sensor 433MHz TPMS"},"content":{"rendered":"<p>Rengaspaineanturi &#8211; Autel\u00a0 TPMS MX-Sensor 433MHz<\/p>\n<table style=\"height: 815px;\" border=\"0\" width=\"581\">\n<tbody>\n<tr class=\"downl_h2\">\n<td class=\"spec_name downl_bg \">Akun kesto<\/td>\n<td width=\"2\"><\/td>\n<td class=\"spec_down downl_bg \">\u22655 vuotta<\/td>\n<\/tr>\n<tr class=\"downl_h2\">\n<td class=\"spec_name \">K\u00e4ytt\u00f6l\u00e4mp\u00f6tila<\/td>\n<td width=\"2\"><\/td>\n<td class=\"spec_down \">-40\u00b0C &#8211; +125\u00b0C<\/td>\n<\/tr>\n<tr class=\"downl_h2\">\n<td class=\"spec_name downl_bg \">Varastointil\u00e4mp\u00f6tila<\/td>\n<td width=\"2\"><\/td>\n<td class=\"spec_down downl_bg \">-40\u00b0C &#8211; +150\u00b0C<\/td>\n<\/tr>\n<tr class=\"downl_h2\">\n<td class=\"spec_name \">Kosteudenkesto<\/td>\n<td width=\"2\"><\/td>\n<td class=\"spec_down \">90 %<\/td>\n<\/tr>\n<tr class=\"downl_h2\">\n<td class=\"spec_name downl_bg \">Toimintataajuus<\/td>\n<td width=\"2\"><\/td>\n<td class=\"spec_down downl_bg \">433 MHz<\/td>\n<\/tr>\n<tr class=\"downl_h2\">\n<td class=\"spec_name \">Paineen tarkkailualue<\/td>\n<td width=\"2\"><\/td>\n<td class=\"spec_down \">0 &#8211; 800 kpa<\/td>\n<\/tr>\n<tr class=\"downl_h2\">\n<td class=\"spec_name downl_bg \">Paineen lukemistarkkuus<\/td>\n<td width=\"2\"><\/td>\n<td class=\"spec_down downl_bg \">\u00b110 kpa<\/td>\n<\/tr>\n<tr class=\"downl_h2\">\n<td class=\"spec_name \">L\u00e4mp\u00f6tilanlukemistarkkuus<\/td>\n<td width=\"2\"><\/td>\n<td class=\"spec_down \">\u00b15\u00b0C<\/td>\n<\/tr>\n<tr class=\"downl_h2\">\n<td class=\"spec_name downl_bg \">G-sensorin lukemistarkkuus<\/td>\n<td width=\"2\"><\/td>\n<td class=\"spec_down downl_bg \">\u00b115 %<\/td>\n<\/tr>\n<tr class=\"downl_h2\">\n<td class=\"spec_name \">Voimansiirtoteho<\/td>\n<td width=\"2\"><\/td>\n<td class=\"spec_down \">5-8 dBm<\/td>\n<\/tr>\n<tr class=\"downl_h2\">\n<td class=\"spec_name downl_bg \">Akku<\/td>\n<td width=\"2\"><\/td>\n<td class=\"spec_down downl_bg \">3.0 V<\/td>\n<\/tr>\n<tr class=\"downl_h2\">\n<td class=\"spec_name \">Mitat (Leveys x Korkeus x Syvyys)<\/td>\n<td width=\"2\"><\/td>\n<td class=\"spec_down \">55.1*29.4*21.8 mm (Clamp-in Sensor)<br \/>\n54.2*29.4*19.1 mm (Snap-in Sensor)<\/td>\n<\/tr>\n<tr class=\"downl_h2\">\n<td class=\"spec_name downl_bg \">Paino (Ilman venttiili\u00e4)<\/td>\n<td width=\"2\"><\/td>\n<td class=\"spec_down downl_bg \">18.5 g (Clamp-in Sensor)<br \/>\n15.6 g (Snap-in Sensor)<\/td>\n<\/tr>\n<\/tbody>\n<\/table>\n<p>Lis\u00e4tietoa Autelin <a href=\"https:\/\/www.maxitpms.com\/\" target=\"_blank\" rel=\"noopener noreferrer\">verkkosivuilla<\/a>.<\/p>\n","protected":false},"excerpt":{"rendered":"<p><strong>Huom! Tarkista yhteensopivuus autosi kanssa <a href=\"https:\/\/maxitpms.com\/get-coverage\/\" target=\"_blank\" rel=\"noopener\">valmistajan sivuilta<\/a>.<\/strong><\/p>\n<p>Sopii testatusti erityisesti Tesloihin (Model S\/3\/X)! Osassa Model 3 VM2021 -malleja on jo k\u00e4yt\u00f6ss\u00e4 <a href=\"https:\/\/www.vempele.fi\/tuote\/rengaspaineanturi-autel-mx-sensor-ble-bluetooth-tpms\/\" target=\"_blank\" rel=\"noopener\">Bluetooth-antureita<\/a>, ja n\u00e4iden mallien kanssa 433Mhz anturit eiv\u00e4t toimi. Varmista Teslalta, onko autossasi Bluetooth-anturit, jos autosi on vuoden 2021 malli.<\/p>\n<ul>\n<li><strong>Yleismalli. Koodataan automerkkikohtaisesti asiakkaan pyynn\u00f6st\u00e4<\/strong><\/li>\n<li>Signaalin vahvuus, kest\u00e4vyys ja toiminallisuus OE-antureiden tasoa<\/li>\n<li>Kest\u00e4\u00e4 rankkojakin s\u00e4\u00e4olosuhteita<\/li>\n<li>Metallinen<\/li>\n<li>Nopea ja helppo laittaa paikoilleen<\/li>\n<li>Anturi voidaan ohjelmoida my\u00f6s renkaan ollessa paikallaan<\/li>\n<\/ul>\n<p><strong>Kun olet varmistanut tuotteen yhteensopivuuden automallisi kanssa, kirjoita kommenttikentt\u00e4\u00e4n tilauksen yhteydess\u00e4: <\/strong><\/p>\n<ul>\n<li><strong>Automalli<\/strong><\/li>\n<li><strong>Auton valmistusvuosi ja kuukausi<\/strong><\/li>\n<\/ul>\n<p><strong>Esim. Tesla Model 3 &#8211; 3\/2019.<\/strong><\/p>\n<p>N\u00e4in nopeutat osaltasi paketin nopeaa toimitusta.<\/p>\n","protected":false},"featured_media":24042,"comment_status":"open","ping_status":"closed","template":"","meta":[],"product_brand":[],"product_cat":[151,152,153,128,456],"product_tag":[82,83,121,120,122,123],"class_list":{"0":"post-3279","1":"product","2":"type-product","3":"status-publish","4":"has-post-thumbnail","6":"product_cat-model-3","7":"product_cat-model-s","8":"product_cat-model-x","9":"product_cat-tesla-tuotteet","10":"product_cat-vannetarvikkeet","11":"product_tag-autel","12":"product_tag-autotarvikkeet","13":"product_tag-tesla","14":"product_tag-tesla-model-3","15":"product_tag-tesla-model-s","16":"product_tag-tesla-model-x","18":"first","19":"instock","20":"taxable","21":"shipping-taxable","22":"purchasable","23":"product-type-variable"},"jetpack_sharing_enabled":true,"_links":{"self":[{"href":"https:\/\/www.vempele.fi\/fi\/wp-json\/wp\/v2\/product\/3279","targetHints":{"allow":["GET"]}}],"collection":[{"href":"https:\/\/www.vempele.fi\/fi\/wp-json\/wp\/v2\/product"}],"about":[{"href":"https:\/\/www.vempele.fi\/fi\/wp-json\/wp\/v2\/types\/product"}],"replies":[{"embeddable":true,"href":"https:\/\/www.vempele.fi\/fi\/wp-json\/wp\/v2\/comments?post=3279"}],"wp:featuredmedia":[{"embeddable":true,"href":"https:\/\/www.vempele.fi\/fi\/wp-json\/wp\/v2\/media\/24042"}],"wp:attachment":[{"href":"https:\/\/www.vempele.fi\/fi\/wp-json\/wp\/v2\/media?parent=3279"}],"wp:term":[{"taxonomy":"product_brand","embeddable":true,"href":"https:\/\/www.vempele.fi\/fi\/wp-json\/wp\/v2\/product_brand?post=3279"},{"taxonomy":"product_cat","embeddable":true,"href":"https:\/\/www.vempele.fi\/fi\/wp-json\/wp\/v2\/product_cat?post=3279"},{"taxonomy":"product_tag","embeddable":true,"href":"https:\/\/www.vempele.fi\/fi\/wp-json\/wp\/v2\/product_tag?post=3279"}],"curies":[{"name":"wp","href":"https:\/\/api.w.org\/{rel}","templated":true}]}}