{"id":32963,"date":"2024-10-04T00:00:00","date_gmt":"2024-10-03T21:00:00","guid":{"rendered":"https:\/\/www.vempele.fi\/tuote\/nankang-ice-2-nordic-235-55r18-104t-tesla-model-y\/"},"modified":"2026-04-17T00:51:11","modified_gmt":"2026-04-16T21:51:11","slug":"nankang-ice-2-nordic-235-55r18-104t-tesla-model-y","status":"publish","type":"product","link":"https:\/\/www.vempele.fi\/fi\/tuote\/nankang-ice-2-nordic-235-55r18-104t-tesla-model-y\/","title":{"rendered":"Nankang ICE-2 Nordic 235\/55R18 104T &#8211; Tesla Model Y"},"content":{"rendered":"<p>1 kpl Nankang ICE-2 Nordic 235\/55-18\u00a0 104T<\/p>\n<ul>\n<li>EU-Rengasmerkinn\u00e4t<\/li>\n<li>Tyyppi: Kitkarengas<\/li>\n<li>Tuumat: 18<\/li>\n<li>Leveys: 235<\/li>\n<li>Profiili: 55<\/li>\n<li>Nopeusluokka: T<\/li>\n<li>Kantavuusluokka: 104<\/li>\n<li>Rengasluokitus: <\/li>\n<li>Polttoainetaloudellisuus: <\/li>\n<li>M\u00e4rk\u00e4pito: <\/li>\n<li>Ohjaamomeluluokitus:\u00a0 <\/li>\n<\/ul>\n<p>&nbsp;<\/p>\n<p>Renkaat toimitetaan suoraan yhteisty\u00f6kumppanin varastolta.<\/p>\n<p><img decoding=\"async\" src=\"https:\/\/www.vempele.fi\/wp-content\/uploads\/2024\/11\/Label_444553.svg\" width=\"300\" \/><\/p>\n<p>Renkaan tiedot haettu yhteisty\u00f6kumppanilta.<\/p>\n","protected":false},"excerpt":{"rendered":"<p>ICE-2 on Nankangin uusi kitkarengas, joka on entist\u00e4kin parempi kuin suosittu edelt\u00e4j\u00e4ns\u00e4 ICE-1.  ICE-2 on j\u00e4\u00e4pidoltaan jopa suorituskykyisempi kuin asiakkaiden kovasti kehuma ICE-1.  Nankang on panostanut uuteen ICE-2-kitkarenkaaseen koko modernin rengasteknologisen osaamisensa.  Tuloksena on \u00e4\u00e4rimm\u00e4isen turvallinen ja ajomukavuuksiltaan huippuunsa viritetty kitkarengas. &#13;<br \/>\n\u00a0&#13;<br \/>\nICE-2 on testattu Ivalossa Test Worldin testiradalla Pohjolan talviolosuhteissa.  Testiss\u00e4 k\u00e4ytettiin lukuisia erilaisia pohjoismaisia rengasseoksia, kunnes lopputulos oli paras mahdollinen.  ICE-2 kilpailee markkinoiden nimekk\u00e4impien k\u00e4rkituotteiden kanssa kaikessa muussa paitsi hinnassa.  ICE-2 on huippuluokan kitkarengas, joka sinun kannattaa ehdottomasti kokea itse. \u00a0&#13;<br \/>\n&#13;<br \/>\nTaiwanilainen Nankang on Aasian vanhimpia ja perinteikk\u00e4impi\u00e4 rengasvalmistajia, jonka tietotaito ja teknologia ovat alansa huippua.  Nankangilla on vahvaa kokemusta pohjoismaihin suunniteltujen talvirenkaiden valmistuksesta ja laadukkaat Nankang-talvirenkaat ovatkin saavuttaneet hyvi\u00e4 arvosteluja my\u00f6s rengaslehdist\u00f6ss\u00e4. <\/p>\n<p>Renkaat toimitetaan suoraan yhteisty\u00f6kumppanin varastolta.<\/p>\n","protected":false},"featured_media":32965,"comment_status":"open","ping_status":"open","template":"","meta":[],"product_brand":[],"product_cat":[371],"product_tag":[723,704,271,707,121],"class_list":{"0":"post-32963","1":"product","2":"type-product","3":"status-publish","4":"has-post-thumbnail","6":"product_cat-renkaat","7":"product_tag-ice-2-nordic","8":"product_tag-kitkarengas","9":"product_tag-model-y","10":"product_tag-nankang","11":"product_tag-tesla","13":"first","14":"instock","15":"taxable","16":"shipping-taxable","17":"purchasable","18":"product-type-simple"},"jetpack_sharing_enabled":true,"_links":{"self":[{"href":"https:\/\/www.vempele.fi\/fi\/wp-json\/wp\/v2\/product\/32963","targetHints":{"allow":["GET"]}}],"collection":[{"href":"https:\/\/www.vempele.fi\/fi\/wp-json\/wp\/v2\/product"}],"about":[{"href":"https:\/\/www.vempele.fi\/fi\/wp-json\/wp\/v2\/types\/product"}],"replies":[{"embeddable":true,"href":"https:\/\/www.vempele.fi\/fi\/wp-json\/wp\/v2\/comments?post=32963"}],"wp:featuredmedia":[{"embeddable":true,"href":"https:\/\/www.vempele.fi\/fi\/wp-json\/wp\/v2\/media\/32965"}],"wp:attachment":[{"href":"https:\/\/www.vempele.fi\/fi\/wp-json\/wp\/v2\/media?parent=32963"}],"wp:term":[{"taxonomy":"product_brand","embeddable":true,"href":"https:\/\/www.vempele.fi\/fi\/wp-json\/wp\/v2\/product_brand?post=32963"},{"taxonomy":"product_cat","embeddable":true,"href":"https:\/\/www.vempele.fi\/fi\/wp-json\/wp\/v2\/product_cat?post=32963"},{"taxonomy":"product_tag","embeddable":true,"href":"https:\/\/www.vempele.fi\/fi\/wp-json\/wp\/v2\/product_tag?post=32963"}],"curies":[{"name":"wp","href":"https:\/\/api.w.org\/{rel}","templated":true}]}}