{"id":32969,"date":"2024-10-04T00:00:00","date_gmt":"2024-10-03T21:00:00","guid":{"rendered":"https:\/\/www.vempele.fi\/tuote\/nankang-ws-1-nordic-255-40r20-101q-tesla-model-y\/"},"modified":"2026-04-02T00:51:10","modified_gmt":"2026-04-01T21:51:10","slug":"nankang-ws-1-nordic-255-40r20-101q-tesla-model-y","status":"publish","type":"product","link":"https:\/\/www.vempele.fi\/fi\/tuote\/nankang-ws-1-nordic-255-40r20-101q-tesla-model-y\/","title":{"rendered":"Nankang WS-1 Nordic 255\/40R20 101Q &#8211; Tesla Model Y"},"content":{"rendered":"<p>1 kpl Nankang WS-1 Nordic 255\/40-20\u00a0 101Q<\/p>\n<ul>\n<li>EU-Rengasmerkinn\u00e4t<\/li>\n<li>Tyyppi: Kitkarengas<\/li>\n<li>Tuumat: 20<\/li>\n<li>Leveys: 255<\/li>\n<li>Profiili: 40<\/li>\n<li>Nopeusluokka: Q<\/li>\n<li>Kantavuusluokka: 101<\/li>\n<li>Rengasluokitus: <\/li>\n<li>Polttoainetaloudellisuus: <\/li>\n<li>M\u00e4rk\u00e4pito: <\/li>\n<li>Ohjaamomeluluokitus:\u00a0 <\/li>\n<\/ul>\n<p>&nbsp;<\/p>\n<p>Renkaat toimitetaan suoraan yhteisty\u00f6kumppanin varastolta.<\/p>\n<p><img decoding=\"async\" src=\"https:\/\/www.vempele.fi\/wp-content\/uploads\/2024\/11\/Label_465032.svg\" width=\"300\" \/><\/p>\n<p>Renkaan tiedot haettu yhteisty\u00f6kumppanilta.<\/p>\n","protected":false},"excerpt":{"rendered":"<p>Nankang WS-1 Nordic \u2013 luotettava kitkarengas&#13;<br \/>\nPohjolan talveenNankang WS-1 Nordic on huippuluokan kitkarengas, joka on&#13;<br \/>\nsuunniteltu erityisesti Pohjoismaiden vaativiin talviolosuhteisiin.  Sen&#13;<br \/>\nedistyksellinen kumiseos ja tarkkaan suunniteltu kulutuspintakuvio tarjoavat&#13;<br \/>\nerinomaista pitoa lumella ja j\u00e4\u00e4ll\u00e4 ja parantaa ajoturvallisuutta ja ajoneuvon&#13;<br \/>\nhallintaa kylm\u00e4ll\u00e4 s\u00e4\u00e4ll\u00e4. T\u00e4rkeimm\u00e4t ominaisuudet:&#13;<br \/>\n Erikoisvalmisteinen&#13;<br \/>\n     kumiseos varmistaa maksimaalisen pidon j\u00e4isill\u00e4 ja lumisilla teill\u00e4. &#13;<br \/>\n Vakaa&#13;<br \/>\n     ja ennakoitava ajotuntuma parantaa turvallisuutta kaikissa&#13;<br \/>\n     talviolosuhteissa. &#13;<br \/>\n Suunniteltu&#13;<br \/>\n     hiljaiseen ja mukavaan ajoon, ilman nastojen aiheuttamaa melua. &#13;<br \/>\nNankang WS-1 Nordic yhdist\u00e4\u00e4 valmistajansa pitk\u00e4n&#13;<br \/>\nkokemuksen ja uusimman rengasteknologian, mik\u00e4 tekee siit\u00e4 erinomaisen valinnan&#13;<br \/>\nhenkil\u00f6autoihin ja SUV-ajoneuvoihin, jotka liikkuvat talvisissa ja liukkaissa&#13;<br \/>\nolosuhteissa. &#13;<br \/>\n&#13;<br \/>\n&#13;<br \/>\n&#13;<br \/>\n&#13;<br \/>\n&#13;<br \/>\n&#13;<br \/>\n&#13;<br \/>\n&#13;<br \/>\n&#13;<br \/>\nValitse Nankang WS-1 Nordic ja aja turvallisesti l\u00e4pi&#13;<br \/>\npohjoisen talven. <\/p>\n<p>Renkaat toimitetaan suoraan yhteisty\u00f6kumppanin varastolta.<\/p>\n","protected":false},"featured_media":31930,"comment_status":"open","ping_status":"open","template":"","meta":[],"product_brand":[],"product_cat":[371],"product_tag":[704,271,707,121,712],"class_list":{"0":"post-32969","1":"product","2":"type-product","3":"status-publish","4":"has-post-thumbnail","6":"product_cat-renkaat","7":"product_tag-kitkarengas","8":"product_tag-model-y","9":"product_tag-nankang","10":"product_tag-tesla","11":"product_tag-ws-1-nordic","13":"first","14":"instock","15":"taxable","16":"shipping-taxable","17":"purchasable","18":"product-type-simple"},"jetpack_sharing_enabled":true,"_links":{"self":[{"href":"https:\/\/www.vempele.fi\/fi\/wp-json\/wp\/v2\/product\/32969","targetHints":{"allow":["GET"]}}],"collection":[{"href":"https:\/\/www.vempele.fi\/fi\/wp-json\/wp\/v2\/product"}],"about":[{"href":"https:\/\/www.vempele.fi\/fi\/wp-json\/wp\/v2\/types\/product"}],"replies":[{"embeddable":true,"href":"https:\/\/www.vempele.fi\/fi\/wp-json\/wp\/v2\/comments?post=32969"}],"wp:featuredmedia":[{"embeddable":true,"href":"https:\/\/www.vempele.fi\/fi\/wp-json\/wp\/v2\/media\/31930"}],"wp:attachment":[{"href":"https:\/\/www.vempele.fi\/fi\/wp-json\/wp\/v2\/media?parent=32969"}],"wp:term":[{"taxonomy":"product_brand","embeddable":true,"href":"https:\/\/www.vempele.fi\/fi\/wp-json\/wp\/v2\/product_brand?post=32969"},{"taxonomy":"product_cat","embeddable":true,"href":"https:\/\/www.vempele.fi\/fi\/wp-json\/wp\/v2\/product_cat?post=32969"},{"taxonomy":"product_tag","embeddable":true,"href":"https:\/\/www.vempele.fi\/fi\/wp-json\/wp\/v2\/product_tag?post=32969"}],"curies":[{"name":"wp","href":"https:\/\/api.w.org\/{rel}","templated":true}]}}