{"id":33213,"date":"2024-10-04T00:00:00","date_gmt":"2024-10-03T21:00:00","guid":{"rendered":"https:\/\/www.vempele.fi\/fi\/tuote\/goodride-snowmaster-sw608-245-45r19-102v-tesla-model-s\/"},"modified":"2026-05-06T08:51:12","modified_gmt":"2026-05-06T05:51:12","slug":"goodride-snowmaster-sw608-245-45r19-102v-tesla-model-s","status":"publish","type":"product","link":"https:\/\/www.vempele.fi\/fi\/tuote\/goodride-snowmaster-sw608-245-45r19-102v-tesla-model-s\/","title":{"rendered":"Goodride SnowMaster SW608 245\/45R19 102V &#8211; Tesla Model S"},"content":{"rendered":"<p>1 kpl Goodride SnowMaster SW608 245\/45-19\u00a0 102V<\/p>\n<ul>\n<li>EU-Rengasmerkinn\u00e4t<\/li>\n<li>Tyyppi: Kitkarengas<\/li>\n<li>Tuumat: 19<\/li>\n<li>Leveys: 245<\/li>\n<li>Profiili: 45<\/li>\n<li>Nopeusluokka: V<\/li>\n<li>Kantavuusluokka: 102<\/li>\n<li>Rengasluokitus: C1<\/li>\n<li>Polttoainetaloudellisuus: C<\/li>\n<li>M\u00e4rk\u00e4pito: C<\/li>\n<li>Ohjaamomeluluokitus:\u00a0 B<\/li>\n<\/ul>\n<p>&nbsp;<\/p>\n<p>Renkaat toimitetaan suoraan yhteisty\u00f6kumppanin varastolta.<\/p>\n<p><img decoding=\"async\" src=\"https:\/\/www.vempele.fi\/wp-content\/uploads\/2024\/11\/Label_459536.svg\" width=\"300\" \/><\/p>\n<p>Renkaan tiedot haettu yhteisty\u00f6kumppanilta.<\/p>\n","protected":false},"excerpt":{"rendered":"<p>Goodride SnowMaster SW608 kitkarengas Suomen talveen. &#13;<br \/>\nRenkaan uusi nuolimainen pintakuvio on suunniteltu antamaan paras mahdollinen pito lumella ja j\u00e4\u00e4ll\u00e4 sek\u00e4 tarjoamaan hiljaisen miellytt\u00e4v\u00e4t ajo-ominaisuudet. &#13;<br \/>\n&#13;<br \/>\nNuolimainen pintakuvio poistaa tehokkaasti lumen, sohjon ja veden renkaan alta. &#13;<br \/>\nLamellien optimoitu asento maksimoi renkaan kontaktin tienpinnan kanssa, mik\u00e4 mahdollistaa erinomaisen pidon ja ohjattavuuden talviolosuhteissa. &#13;<br \/>\nErityisesti talvirenkaisiin suunniteltu materiaali parantaa talviajo-ominaisuuksia ja pit\u00e4\u00e4 renkaan pehme\u00e4n\u00e4 kovassakin pakkasessa. &#13;<br \/>\n&#13;<br \/>\nGoodride: Taattua laatua oikeaan hintaan. &#13;<br \/>\n&#13;<br \/>\nTarjoamme lis\u00e4ksi ainutlaatuisen Goodride Safety-turvan.  Vaikka rengas vaurioituisi tapaturmaisesti, korvaamme sen Goodriden Safety-turvan puitteissa.  Lis\u00e4tietoja Goodride Safety-turvasta http:\/\/www. goodride. fi\/goodride-safety <\/p>\n<p>Renkaat toimitetaan suoraan yhteisty\u00f6kumppanin varastolta.<\/p>\n","protected":false},"featured_media":33215,"comment_status":"open","ping_status":"open","template":"","meta":[],"product_brand":[],"product_cat":[371],"product_tag":[727,704,172,731,121],"class_list":{"0":"post-33213","1":"product","2":"type-product","3":"status-publish","4":"has-post-thumbnail","6":"product_cat-renkaat","7":"product_tag-goodride","8":"product_tag-kitkarengas","9":"product_tag-model-s","10":"product_tag-snowmaster-sw608","11":"product_tag-tesla","13":"first","14":"instock","15":"taxable","16":"shipping-taxable","17":"purchasable","18":"product-type-simple"},"jetpack_sharing_enabled":true,"_links":{"self":[{"href":"https:\/\/www.vempele.fi\/fi\/wp-json\/wp\/v2\/product\/33213","targetHints":{"allow":["GET"]}}],"collection":[{"href":"https:\/\/www.vempele.fi\/fi\/wp-json\/wp\/v2\/product"}],"about":[{"href":"https:\/\/www.vempele.fi\/fi\/wp-json\/wp\/v2\/types\/product"}],"replies":[{"embeddable":true,"href":"https:\/\/www.vempele.fi\/fi\/wp-json\/wp\/v2\/comments?post=33213"}],"wp:featuredmedia":[{"embeddable":true,"href":"https:\/\/www.vempele.fi\/fi\/wp-json\/wp\/v2\/media\/33215"}],"wp:attachment":[{"href":"https:\/\/www.vempele.fi\/fi\/wp-json\/wp\/v2\/media?parent=33213"}],"wp:term":[{"taxonomy":"product_brand","embeddable":true,"href":"https:\/\/www.vempele.fi\/fi\/wp-json\/wp\/v2\/product_brand?post=33213"},{"taxonomy":"product_cat","embeddable":true,"href":"https:\/\/www.vempele.fi\/fi\/wp-json\/wp\/v2\/product_cat?post=33213"},{"taxonomy":"product_tag","embeddable":true,"href":"https:\/\/www.vempele.fi\/fi\/wp-json\/wp\/v2\/product_tag?post=33213"}],"curies":[{"name":"wp","href":"https:\/\/api.w.org\/{rel}","templated":true}]}}