{"id":33287,"date":"2024-11-25T12:24:36","date_gmt":"2024-11-25T10:24:36","guid":{"rendered":"https:\/\/www.vempele.fi\/?post_type=product&#038;p=33287"},"modified":"2026-04-07T06:59:29","modified_gmt":"2026-04-07T03:59:29","slug":"tuulilasinpyyhkijat-ridex-tesla-model-x","status":"publish","type":"product","link":"https:\/\/www.vempele.fi\/fi\/tuote\/tuulilasinpyyhkijat-ridex-tesla-model-x\/","title":{"rendered":"Tuulilasinpyyhkij\u00e4t RIDEX &#8211; Tesla Model X"},"content":{"rendered":"<p>Helpot vaihtaa!<\/p>\n<p><b>Tarkemmat tiedot:<\/b><\/p>\n<ul>\n<li>Valmistaja: RIDEX<\/li>\n<li>Malli: 298W17213<\/li>\n<li>V\u00e4ri: Musta<\/li>\n<li>Yhteensopivuus:\n<ul>\n<li>Model X 2016 &#8211;<\/li>\n<\/ul>\n<\/li>\n<li>Pakkauksen paino: 0,4 kg<\/li>\n<\/ul>\n<p>&nbsp;<\/p>\n","protected":false},"excerpt":{"rendered":"<p>Laadukkaat RIDEX tuulilasinpyyhkij\u00e4t Tesla Model X:lle.<\/p>\n<p>Kun pyyhkij\u00e4n sulka ei en\u00e4\u00e4 poista kaikkea kosteutta lasista, se on aika vaihtaa. Pyyhkij\u00e4n tulisi puhdistaa lasi t\u00e4ysin kirkkaaksi kolmella pyyhk\u00e4isyll\u00e4. Meilt\u00e4 saat vanhojen pyyhkij\u00f6iden tilalle molemmat tuulilasinpyyhkij\u00e4t edulliseen yhteishintaan!<\/p>\n<p>Pituudet:<br \/>\n700mm<br \/>\n450mm<\/p>\n","protected":false},"featured_media":33288,"comment_status":"open","ping_status":"closed","template":"","meta":[],"product_brand":[745],"product_cat":[153,454,486,128,474],"product_tag":[173,195,121,194],"class_list":{"0":"post-33287","1":"product","2":"type-product","3":"status-publish","4":"has-post-thumbnail","6":"product_brand-ridex","7":"product_cat-model-x","8":"product_cat-mx-tarvikkeet","9":"product_cat-tarvikkeet-ulkopuolelle-model-x","10":"product_cat-tesla-tuotteet","11":"product_cat-varaosat-model-x","12":"product_tag-model-x","13":"product_tag-pyyhkijat","14":"product_tag-tesla","15":"product_tag-tuulilasi","17":"first","18":"instock","19":"taxable","20":"shipping-taxable","21":"purchasable","22":"product-type-simple"},"jetpack_sharing_enabled":true,"_links":{"self":[{"href":"https:\/\/www.vempele.fi\/fi\/wp-json\/wp\/v2\/product\/33287","targetHints":{"allow":["GET"]}}],"collection":[{"href":"https:\/\/www.vempele.fi\/fi\/wp-json\/wp\/v2\/product"}],"about":[{"href":"https:\/\/www.vempele.fi\/fi\/wp-json\/wp\/v2\/types\/product"}],"replies":[{"embeddable":true,"href":"https:\/\/www.vempele.fi\/fi\/wp-json\/wp\/v2\/comments?post=33287"}],"wp:featuredmedia":[{"embeddable":true,"href":"https:\/\/www.vempele.fi\/fi\/wp-json\/wp\/v2\/media\/33288"}],"wp:attachment":[{"href":"https:\/\/www.vempele.fi\/fi\/wp-json\/wp\/v2\/media?parent=33287"}],"wp:term":[{"taxonomy":"product_brand","embeddable":true,"href":"https:\/\/www.vempele.fi\/fi\/wp-json\/wp\/v2\/product_brand?post=33287"},{"taxonomy":"product_cat","embeddable":true,"href":"https:\/\/www.vempele.fi\/fi\/wp-json\/wp\/v2\/product_cat?post=33287"},{"taxonomy":"product_tag","embeddable":true,"href":"https:\/\/www.vempele.fi\/fi\/wp-json\/wp\/v2\/product_tag?post=33287"}],"curies":[{"name":"wp","href":"https:\/\/api.w.org\/{rel}","templated":true}]}}