{"id":33299,"date":"2024-11-25T13:19:08","date_gmt":"2024-11-25T11:19:08","guid":{"rendered":"https:\/\/www.vempele.fi\/?post_type=product&#038;p=33299"},"modified":"2026-04-04T23:34:44","modified_gmt":"2026-04-04T20:34:44","slug":"pyoranlaakeri-rwd-awd-ridex-tesla-model-s-x","status":"publish","type":"product","link":"https:\/\/www.vempele.fi\/fi\/tuote\/pyoranlaakeri-rwd-awd-ridex-tesla-model-s-x\/","title":{"rendered":"Py\u00f6r\u00e4nlaakeri RWD, AWD &#8211; RIDEX &#8211; Tesla Model S \/ X"},"content":{"rendered":"<ul>\n<li>Valmistaja: RIDEX<\/li>\n<li>Valmistajan tuotenumero: 654W1186<\/li>\n<li>Valmistajan antamat OE-viitenumerot:\n<ul>\n<li>1027170-00-A<\/li>\n<li>1027170-00-B<\/li>\n<li>1027170-00-C<\/li>\n<\/ul>\n<\/li>\n<li>Kiinnitysreikien lukum\u00e4\u00e4r\u00e4: 4<\/li>\n<li>Vanne, aukkoja: 5<\/li>\n<li>Paino: n. 4,5 kg<\/li>\n<\/ul>\n<p><strong>Ei sovi RWD-mallin etuakseliin.<\/strong><\/p>\n<p>&nbsp;<\/p>\n","protected":false},"excerpt":{"rendered":"<p>Valmistajan RIDEX py\u00f6r\u00e4nlaakeri Tesla Model X ja S. Py\u00f6r\u00e4nlaakeri sopii RWD-mallin taka-akseliin sek\u00e4 AWD-mallin etu- ja taka-akseliin.<\/p>\n<p><strong>Huom!<\/strong> Tuote ei sovi RWD-mallin etuakseliin.<\/p>\n<p>Sopivuus:<\/p>\n<ul>\n<li>Model S<\/li>\n<li>Model X<\/li>\n<\/ul>\n","protected":false},"featured_media":33301,"comment_status":"open","ping_status":"closed","template":"","meta":[],"product_brand":[745],"product_cat":[152,153,473,474],"product_tag":[475,172,173,121,319],"class_list":{"0":"post-33299","1":"product","2":"type-product","3":"status-publish","4":"has-post-thumbnail","6":"product_brand-ridex","7":"product_cat-model-s","8":"product_cat-model-x","9":"product_cat-varaosat-model-s","10":"product_cat-varaosat-model-x","11":"product_tag-laakeri","12":"product_tag-model-s","13":"product_tag-model-x","14":"product_tag-tesla","15":"product_tag-varaosat","17":"first","18":"instock","19":"taxable","20":"shipping-taxable","21":"purchasable","22":"product-type-simple"},"jetpack_sharing_enabled":true,"_links":{"self":[{"href":"https:\/\/www.vempele.fi\/fi\/wp-json\/wp\/v2\/product\/33299","targetHints":{"allow":["GET"]}}],"collection":[{"href":"https:\/\/www.vempele.fi\/fi\/wp-json\/wp\/v2\/product"}],"about":[{"href":"https:\/\/www.vempele.fi\/fi\/wp-json\/wp\/v2\/types\/product"}],"replies":[{"embeddable":true,"href":"https:\/\/www.vempele.fi\/fi\/wp-json\/wp\/v2\/comments?post=33299"}],"wp:featuredmedia":[{"embeddable":true,"href":"https:\/\/www.vempele.fi\/fi\/wp-json\/wp\/v2\/media\/33301"}],"wp:attachment":[{"href":"https:\/\/www.vempele.fi\/fi\/wp-json\/wp\/v2\/media?parent=33299"}],"wp:term":[{"taxonomy":"product_brand","embeddable":true,"href":"https:\/\/www.vempele.fi\/fi\/wp-json\/wp\/v2\/product_brand?post=33299"},{"taxonomy":"product_cat","embeddable":true,"href":"https:\/\/www.vempele.fi\/fi\/wp-json\/wp\/v2\/product_cat?post=33299"},{"taxonomy":"product_tag","embeddable":true,"href":"https:\/\/www.vempele.fi\/fi\/wp-json\/wp\/v2\/product_tag?post=33299"}],"curies":[{"name":"wp","href":"https:\/\/api.w.org\/{rel}","templated":true}]}}