{"id":33306,"date":"2024-10-03T00:00:00","date_gmt":"2024-10-02T21:00:00","guid":{"rendered":"https:\/\/www.vempele.fi\/fi\/tuote\/linglong-sport-master-testisensaatio-235-40r19-96y-tesla-model-3\/"},"modified":"2026-04-18T18:03:13","modified_gmt":"2026-04-18T15:03:13","slug":"linglong-sport-master-testisensaatio-235-40r19-96y-tesla-model-3","status":"publish","type":"product","link":"https:\/\/www.vempele.fi\/fi\/tuote\/linglong-sport-master-testisensaatio-235-40r19-96y-tesla-model-3\/","title":{"rendered":"Linglong Sport Master TESTISENSAATIO! 235\/40R19 96Y &#8211; Tesla Model 3"},"content":{"rendered":"<p>1 kpl Linglong Sport Master TESTISENSAATIO! 235\/40-19\u00a0 96Y<\/p>\n<ul>\n<li>EU-Rengasmerkinn\u00e4t<\/li>\n<li>Tyyppi: Kes\u00e4rengas<\/li>\n<li>Tuumat: 19<\/li>\n<li>Leveys: 235<\/li>\n<li>Profiili: 40<\/li>\n<li>Nopeusluokka: Y<\/li>\n<li>Kantavuusluokka: 96<\/li>\n<li>Rengasluokitus: C1<\/li>\n<li>Polttoainetaloudellisuus: C<\/li>\n<li>M\u00e4rk\u00e4pito: A<\/li>\n<li>Ohjaamomeluluokitus ja voimakkuus:\u00a0 A &#8211; dB<\/li>\n<\/ul>\n<p>&nbsp;<\/p>\n<p>Renkaat toimitetaan suoraan yhteisty\u00f6kumppanin varastolta.<\/p>\n<p><img decoding=\"async\" src=\"https:\/\/www.vempele.fi\/wp-content\/uploads\/2024\/11\/Label_695364.svg\" width=\"300\" \/><\/p>\n<p>Renkaan tiedot haettu yhteisty\u00f6kumppanilta.<\/p>\n","protected":false},"excerpt":{"rendered":"<p>Linglong Sport Master\u00a0on laadukas kes\u00e4rengas, joka tarjoaa erinomaista pitoa ja suorituskyky\u00e4 parhaassa mahdollisessa hinta-laatusuhteessa.  SportMaster on turvallinen kes\u00e4rengas, johon voit luottaa Pohjolan vaihtelevissa kes\u00e4olosuhteissa.  Korkean suorituskyvyn rengas, jonka valmistuksessa on hy\u00f6dynnetty uusinta rengasteknologiaa.  A-luokan kes\u00e4rengas, joka n\u00e4ytt\u00e4\u00e4 my\u00f6s tyylikk\u00e4\u00e4lt\u00e4. Linglong teki historiaa \u2013 voitti kilpailijansa metreill\u00e4Saksalaisen arvostetun Auto Bild -lehden (3\/2026) laajassa kes\u00e4rengastestiss\u00e4 Linglong teki historiaa.  Testiss\u00e4 vertailtiin 50 kes\u00e4rengasta, ja tulos oli poikkeuksellinen:Linglong oli m\u00e4rk\u00e4pidoltaan ylivoimaisesti testin paras rengasEnnenn\u00e4kem\u00e4tt\u00f6m\u00e4n ylivoimainen Linglong voitti toiseksi tulleen suuremmalla erolla kuin kakkonen viidenneksitoista parhaan renkaan. M\u00e4rk\u00e4pito on kes\u00e4renkaan t\u00e4rkein turvallisuusominaisuus \u2013 ja juuri siin\u00e4 Linglong dominoi kilpailuaLinglong Sport Master ei siis vain p\u00e4rj\u00e4nnyt \u2013 se erottui testiss\u00e4 suvereenisti edukseen.  Kyseess\u00e4 on todellinen testimenestyj\u00e4. Rengas saavutti testin lyhyimm\u00e4n jarrutusmatkan m\u00e4r\u00e4ll\u00e4 asfaltilla, pys\u00e4htyen vain 25,2 metriss\u00e4 80 km\/h nopeudesta.  Linglong voitti kilpailijansa metreill\u00e4, kun muut kisasivat senteist\u00e4. \u00a0 <\/p>\n<p> Renkaat toimitetaan suoraan yhteisty\u00f6kumppanin varastolta.<\/p>\n","protected":false},"featured_media":33023,"comment_status":"open","ping_status":"open","template":"","meta":[],"product_brand":[],"product_cat":[371],"product_tag":[696,632,156,729,121],"class_list":{"0":"post-33306","1":"product","2":"type-product","3":"status-publish","4":"has-post-thumbnail","6":"product_cat-renkaat","7":"product_tag-kesarengas","8":"product_tag-linglong","9":"product_tag-model-3","10":"product_tag-sport-master-testisensaatio","11":"product_tag-tesla","13":"first","14":"instock","15":"taxable","16":"shipping-taxable","17":"purchasable","18":"product-type-simple"},"jetpack_sharing_enabled":true,"_links":{"self":[{"href":"https:\/\/www.vempele.fi\/fi\/wp-json\/wp\/v2\/product\/33306","targetHints":{"allow":["GET"]}}],"collection":[{"href":"https:\/\/www.vempele.fi\/fi\/wp-json\/wp\/v2\/product"}],"about":[{"href":"https:\/\/www.vempele.fi\/fi\/wp-json\/wp\/v2\/types\/product"}],"replies":[{"embeddable":true,"href":"https:\/\/www.vempele.fi\/fi\/wp-json\/wp\/v2\/comments?post=33306"}],"wp:featuredmedia":[{"embeddable":true,"href":"https:\/\/www.vempele.fi\/fi\/wp-json\/wp\/v2\/media\/33023"}],"wp:attachment":[{"href":"https:\/\/www.vempele.fi\/fi\/wp-json\/wp\/v2\/media?parent=33306"}],"wp:term":[{"taxonomy":"product_brand","embeddable":true,"href":"https:\/\/www.vempele.fi\/fi\/wp-json\/wp\/v2\/product_brand?post=33306"},{"taxonomy":"product_cat","embeddable":true,"href":"https:\/\/www.vempele.fi\/fi\/wp-json\/wp\/v2\/product_cat?post=33306"},{"taxonomy":"product_tag","embeddable":true,"href":"https:\/\/www.vempele.fi\/fi\/wp-json\/wp\/v2\/product_tag?post=33306"}],"curies":[{"name":"wp","href":"https:\/\/api.w.org\/{rel}","templated":true}]}}