{"id":34068,"date":"2024-12-27T20:28:18","date_gmt":"2024-12-27T18:28:18","guid":{"rendered":"https:\/\/www.vempele.fi\/?post_type=product&#038;p=34068"},"modified":"2026-03-24T13:56:54","modified_gmt":"2026-03-24T11:56:54","slug":"tesla-model-s-ilmansuodatin-ridex-pre-facelift","status":"publish","type":"product","link":"https:\/\/www.vempele.fi\/fi\/tuote\/tesla-model-s-ilmansuodatin-ridex-pre-facelift\/","title":{"rendered":"Ilmansuodatin Ridex &#8211; Tesla Model S 2012-2016"},"content":{"rendered":"<p><strong>Tuotetiedot<\/strong><\/p>\n<p>Tesla Model S ilmansuodatin aktiivihiilell\u00e4. Valmistaja suosittelee vaihtamaan kahden vuoden v\u00e4lein, mutta Suomessa n\u00e4m\u00e4 kannattaa vaihtaa vuoden v\u00e4lein. Omassa autossa hajut alkoivat tulla jo vajaan vuoden k\u00e4yt\u00f6n j\u00e4lkeen.<\/p>\n<ul>\n<li>Tuotenimi: Ilmansuodatin<\/li>\n<li>Sopivuus: Tesla Model S (pre-facelift)<\/li>\n<li>Pakkaus sis\u00e4lt\u00e4\u00e4: 1 kpl ilmansuodattimia<\/li>\n<li>Koko: 15,6 x 24,6 x 3 cm (yhden ilmansuodattimen mitat)<\/li>\n<li>Tuotekoodi: 424I0482<\/li>\n<li>Valmistaja: Ridex<\/li>\n<li>Name: Tesla Model S &#8211; Pollenfilter<\/li>\n<\/ul>\n","protected":false},"excerpt":{"rendered":"<p>Auton ilmanvaihdon suodattimen varaosa Tesla Model S:lle.<\/p>\n<p>Pakattu muovipussiin. Pakkauksessa 1 kpl ilmansuodattimia.<br \/>\n<strong><br \/>\nHuom! Sopii vain facelifti\u00e4 edelt\u00e4viin malleihin!<br \/>\n<\/strong><\/p>\n","protected":false},"featured_media":34069,"comment_status":"open","ping_status":"closed","template":"","meta":[],"product_brand":[745],"product_cat":[152,453,485,128,473],"product_tag":[83,196,204,121,122],"class_list":{"0":"post-34068","1":"product","2":"type-product","3":"status-publish","4":"has-post-thumbnail","6":"product_brand-ridex","7":"product_cat-model-s","8":"product_cat-ms-tarvikkeet","9":"product_cat-tarvikkeet-sisapuolelle-model-s","10":"product_cat-tesla-tuotteet","11":"product_cat-varaosat-model-s","12":"product_tag-autotarvikkeet","13":"product_tag-ilmansuodatin","14":"product_tag-raitisilmasuodatin","15":"product_tag-tesla","16":"product_tag-tesla-model-s","18":"first","19":"instock","20":"taxable","21":"shipping-taxable","22":"purchasable","23":"product-type-simple"},"jetpack_sharing_enabled":true,"_links":{"self":[{"href":"https:\/\/www.vempele.fi\/fi\/wp-json\/wp\/v2\/product\/34068","targetHints":{"allow":["GET"]}}],"collection":[{"href":"https:\/\/www.vempele.fi\/fi\/wp-json\/wp\/v2\/product"}],"about":[{"href":"https:\/\/www.vempele.fi\/fi\/wp-json\/wp\/v2\/types\/product"}],"replies":[{"embeddable":true,"href":"https:\/\/www.vempele.fi\/fi\/wp-json\/wp\/v2\/comments?post=34068"}],"wp:featuredmedia":[{"embeddable":true,"href":"https:\/\/www.vempele.fi\/fi\/wp-json\/wp\/v2\/media\/34069"}],"wp:attachment":[{"href":"https:\/\/www.vempele.fi\/fi\/wp-json\/wp\/v2\/media?parent=34068"}],"wp:term":[{"taxonomy":"product_brand","embeddable":true,"href":"https:\/\/www.vempele.fi\/fi\/wp-json\/wp\/v2\/product_brand?post=34068"},{"taxonomy":"product_cat","embeddable":true,"href":"https:\/\/www.vempele.fi\/fi\/wp-json\/wp\/v2\/product_cat?post=34068"},{"taxonomy":"product_tag","embeddable":true,"href":"https:\/\/www.vempele.fi\/fi\/wp-json\/wp\/v2\/product_tag?post=34068"}],"curies":[{"name":"wp","href":"https:\/\/api.w.org\/{rel}","templated":true}]}}