{"id":35102,"date":"2025-02-20T12:54:52","date_gmt":"2025-02-20T10:54:52","guid":{"rendered":"https:\/\/www.vempele.fi\/?post_type=product&#038;p=35102"},"modified":"2026-02-14T23:00:45","modified_gmt":"2026-02-14T21:00:45","slug":"akkukayttoinen-retkipumppu-atom","status":"publish","type":"product","link":"https:\/\/www.vempele.fi\/fi\/tuote\/akkukayttoinen-retkipumppu-atom\/","title":{"rendered":"Akkuk\u00e4ytt\u00f6inen retkipumppu &#8211; Atom"},"content":{"rendered":"<p>Akkuk\u00e4ytt\u00f6inen, elektroninen retkipumppu on helppok\u00e4ytt\u00f6inen ja tehokas pumppu retkille tai kotiin. Elektroninen pumppu soveltuu esimerkiksi ilmapatjojen, pallojen, uimapatjojen ja lelujen t\u00e4ytt\u00f6\u00f6n ja tyhjent\u00e4miseen. Kevyt ja pienikokoinen retkipumppu on helppo kuljettaa mukana. Akku 1200mAh.<\/p>\n<ul>\n<li>Leveys 5 cm<\/li>\n<li>Syvyys 5 cm<\/li>\n<li>Korkeus 7,5 cm<\/li>\n<li>Paino 0,18 kg<\/li>\n<\/ul>\n","protected":false},"excerpt":{"rendered":"<p>Akkuk\u00e4ytt\u00f6inen, elektroninen retkipumppu on helppok\u00e4ytt\u00f6inen ja tehokas pumppu esimerkiksi ilmapatjan ynn\u00e4 muun t\u00e4ytt\u00e4miseen.<\/p>\n<p>T\u00e4m\u00e4 toimii hyvin Teslan ilmapatjan t\u00e4ytt\u00e4misess\u00e4, koska lataus tapahtuu USB-C liittimen kautta. Tavalliset tupakansytyttimeen liitett\u00e4v\u00e4t pumput eiv\u00e4t v\u00e4ltt\u00e4m\u00e4tt\u00e4 kest\u00e4 uudempien Teslojen jopa 16V j\u00e4nnitett\u00e4.<\/p>\n","protected":false},"featured_media":35103,"comment_status":"open","ping_status":"closed","template":"","meta":[],"product_brand":[],"product_cat":[15,154,452,455,480,482,374,128],"product_tag":[],"class_list":{"0":"post-35102","1":"product","2":"type-product","3":"status-publish","4":"has-post-thumbnail","6":"product_cat-kategorisoimaton","7":"product_cat-model-y","8":"product_cat-m3-tarvikkeet","9":"product_cat-my-tarvikkeet","10":"product_cat-tarvikkeet-sisapuolelle-model-3","11":"product_cat-tarvikkeet-sisapuolelle-model-y","12":"product_cat-tesla-tarvikkeet","13":"product_cat-tesla-tuotteet","15":"first","16":"instock","17":"taxable","18":"shipping-taxable","19":"purchasable","20":"product-type-simple"},"jetpack_sharing_enabled":true,"_links":{"self":[{"href":"https:\/\/www.vempele.fi\/fi\/wp-json\/wp\/v2\/product\/35102","targetHints":{"allow":["GET"]}}],"collection":[{"href":"https:\/\/www.vempele.fi\/fi\/wp-json\/wp\/v2\/product"}],"about":[{"href":"https:\/\/www.vempele.fi\/fi\/wp-json\/wp\/v2\/types\/product"}],"replies":[{"embeddable":true,"href":"https:\/\/www.vempele.fi\/fi\/wp-json\/wp\/v2\/comments?post=35102"}],"wp:featuredmedia":[{"embeddable":true,"href":"https:\/\/www.vempele.fi\/fi\/wp-json\/wp\/v2\/media\/35103"}],"wp:attachment":[{"href":"https:\/\/www.vempele.fi\/fi\/wp-json\/wp\/v2\/media?parent=35102"}],"wp:term":[{"taxonomy":"product_brand","embeddable":true,"href":"https:\/\/www.vempele.fi\/fi\/wp-json\/wp\/v2\/product_brand?post=35102"},{"taxonomy":"product_cat","embeddable":true,"href":"https:\/\/www.vempele.fi\/fi\/wp-json\/wp\/v2\/product_cat?post=35102"},{"taxonomy":"product_tag","embeddable":true,"href":"https:\/\/www.vempele.fi\/fi\/wp-json\/wp\/v2\/product_tag?post=35102"}],"curies":[{"name":"wp","href":"https:\/\/api.w.org\/{rel}","templated":true}]}}