{"id":35892,"date":"2025-03-27T14:49:37","date_gmt":"2025-03-27T12:49:37","guid":{"rendered":"https:\/\/www.vempele.fi\/?post_type=product&#038;p=35892"},"modified":"2026-04-26T11:06:13","modified_gmt":"2026-04-26T08:06:13","slug":"ilmansuodatin-ridex-plus-tesla-model-3-y","status":"publish","type":"product","link":"https:\/\/www.vempele.fi\/fi\/tuote\/ilmansuodatin-ridex-plus-tesla-model-3-y\/","title":{"rendered":"Ilmansuodatin Ridex Plus &#8211; Tesla Model 3 \/ Y"},"content":{"rendered":"<p>Ilmansuodatin Ridex Plus Tesla Model 3 \/ Y<\/p>\n<ul>\n<li>\u00a0Sopivuus:\n<ul>\n<li>Model Y 2020 &#8211; 2024<\/li>\n<li>Model Y 2025 -&gt; (Juniper)<\/li>\n<li>Model 3 Pre-Refresh vm. 2019 &#8211; 2021<\/li>\n<li>Model 3 Refresh vm. 2021 &#8211; 2023<\/li>\n<li>Model 3 Highland vm. 2023 -&gt;<\/li>\n<\/ul>\n<\/li>\n<li>Pakkaus sis\u00e4lt\u00e4\u00e4: 1 x ilmansuodatin Ridex Plus Tesla Model 3 \/ Y. (tilaa 2 kpl tuotetta, jos haluat vaihtaa molemmat ilmansuodattimet)<\/li>\n<li>Koko: 14,3 x 24 x 3 cm (yhden ilmansuodattimen mitat)<\/li>\n<li>Valmistajan tuotenumero: 424I0645P<\/li>\n<li>Valmistajan antamat OE-viitenumerot\n<ul>\n<li>1107681-00-A<\/li>\n<li>1107681-00-B<\/li>\n<li>1107681-00-C<\/li>\n<\/ul>\n<\/li>\n<\/ul>\n","protected":false},"excerpt":{"rendered":"<p>Ridex Plus aktiivihiilisuodatin Tesla Model 3:een ja Y:hyn. Valmistaja suosittelee vaihtamaan suodattimet kahden vuoden v\u00e4lein, mutta Suomen ajo-olosuhteissa suosittelemme vuoden vaihtov\u00e4li\u00e4.<\/p>\n<p><a href=\"https:\/\/www.youtube.com\/watch?v=aSDG-IZTuYU\" target=\"_blank\" rel=\"noopener noreferrer\">Youtubesta l\u00f6ytyy ohjeet vaihtoon<\/a>. Paneelit l\u00e4htev\u00e4t helposti irti, mutta yksi torx-ruuvi on pahassa paikassa ja vaatii hieman ep\u00e4miellytt\u00e4v\u00e4\u00e4 asentoa jalkatilassa \ud83d\ude42 Kannattaa my\u00f6s varovasti imuroida roskat pois suodatinkotelotilasta.<\/p>\n<p>Pakkaus sis\u00e4lt\u00e4\u00e4 yhden (1 kpl) ilmansuodattimen.<\/p>\n<p><strong>Huom! Tesla Model 3:ssa ja Y:ss\u00e4 on kaksi ilmansuodatinta. Tilaa tuotetta 2 kpl, jos haluat vaihtaa molemmat ilmansuodattimet!<\/strong><\/p>\n","protected":false},"featured_media":35893,"comment_status":"open","ping_status":"closed","template":"","meta":[],"product_brand":[745],"product_cat":[151,154,452,455,480,482,128,471,472],"product_tag":[83,156,271,204,511,121],"class_list":{"0":"post-35892","1":"product","2":"type-product","3":"status-publish","4":"has-post-thumbnail","6":"product_brand-ridex","7":"product_cat-model-3","8":"product_cat-model-y","9":"product_cat-m3-tarvikkeet","10":"product_cat-my-tarvikkeet","11":"product_cat-tarvikkeet-sisapuolelle-model-3","12":"product_cat-tarvikkeet-sisapuolelle-model-y","13":"product_cat-tesla-tuotteet","14":"product_cat-model-3-varaosat","15":"product_cat-varaosat-model-y","16":"product_tag-autotarvikkeet","17":"product_tag-model-3","18":"product_tag-model-y","19":"product_tag-raitisilmasuodatin","20":"product_tag-suodatin","21":"product_tag-tesla","23":"first","24":"instock","25":"taxable","26":"shipping-taxable","27":"purchasable","28":"product-type-simple"},"jetpack_sharing_enabled":true,"_links":{"self":[{"href":"https:\/\/www.vempele.fi\/fi\/wp-json\/wp\/v2\/product\/35892","targetHints":{"allow":["GET"]}}],"collection":[{"href":"https:\/\/www.vempele.fi\/fi\/wp-json\/wp\/v2\/product"}],"about":[{"href":"https:\/\/www.vempele.fi\/fi\/wp-json\/wp\/v2\/types\/product"}],"replies":[{"embeddable":true,"href":"https:\/\/www.vempele.fi\/fi\/wp-json\/wp\/v2\/comments?post=35892"}],"wp:featuredmedia":[{"embeddable":true,"href":"https:\/\/www.vempele.fi\/fi\/wp-json\/wp\/v2\/media\/35893"}],"wp:attachment":[{"href":"https:\/\/www.vempele.fi\/fi\/wp-json\/wp\/v2\/media?parent=35892"}],"wp:term":[{"taxonomy":"product_brand","embeddable":true,"href":"https:\/\/www.vempele.fi\/fi\/wp-json\/wp\/v2\/product_brand?post=35892"},{"taxonomy":"product_cat","embeddable":true,"href":"https:\/\/www.vempele.fi\/fi\/wp-json\/wp\/v2\/product_cat?post=35892"},{"taxonomy":"product_tag","embeddable":true,"href":"https:\/\/www.vempele.fi\/fi\/wp-json\/wp\/v2\/product_tag?post=35892"}],"curies":[{"name":"wp","href":"https:\/\/api.w.org\/{rel}","templated":true}]}}