{"id":36089,"date":"2025-04-04T11:40:03","date_gmt":"2025-04-04T08:40:03","guid":{"rendered":"https:\/\/www.vempele.fi\/?post_type=product&#038;p=36089"},"modified":"2026-04-15T08:50:55","modified_gmt":"2026-04-15T05:50:55","slug":"perakarryn-pistokkeen-adapteri-13-7","status":"publish","type":"product","link":"https:\/\/www.vempele.fi\/fi\/tuote\/perakarryn-pistokkeen-adapteri-13-7\/","title":{"rendered":"Per\u00e4k\u00e4rryn pistokkeen adapteri 13->7"},"content":{"rendered":"<p>Per\u00e4k\u00e4rryn pistokkeen adapteri 13-&gt;7. T\u00e4m\u00e4 on k\u00e4tev\u00e4 olla mukana jos tulee tarvetta vet\u00e4\u00e4 vanhempaa per\u00e4k\u00e4rry\u00e4, sill\u00e4 koukullisessa Teslassa on vakiona 13-napainen per\u00e4k\u00e4rryn pistoke<\/p>\n<ul>\n<li>Materiaali: Nylon<\/li>\n<li>Sopivuus: Ajoneuvot joissa 13-napainen per\u00e4k\u00e4rryn pistoke<\/li>\n<li>V\u00e4ri: Musta<\/li>\n<\/ul>\n","protected":false},"excerpt":{"rendered":"<p>Per\u00e4k\u00e4rryn pistokkeen adapteri 13-&gt;7. T\u00e4m\u00e4 on k\u00e4tev\u00e4 olla mukana jos tulee tarvetta vet\u00e4\u00e4 vanhempaa per\u00e4k\u00e4rry\u00e4, sill\u00e4 koukullisessa Teslassa on vakiona 13-napainen per\u00e4k\u00e4rryn pistoke<\/p>\n","protected":false},"featured_media":36091,"comment_status":"open","ping_status":"closed","template":"","meta":[],"product_brand":[],"product_cat":[151,152,153,154,452,453,454,455,481,484,486,483,128],"product_tag":[],"class_list":{"0":"post-36089","1":"product","2":"type-product","3":"status-publish","4":"has-post-thumbnail","6":"product_cat-model-3","7":"product_cat-model-s","8":"product_cat-model-x","9":"product_cat-model-y","10":"product_cat-m3-tarvikkeet","11":"product_cat-ms-tarvikkeet","12":"product_cat-mx-tarvikkeet","13":"product_cat-my-tarvikkeet","14":"product_cat-tarvikkeet-ulkopuolelle-model-3","15":"product_cat-tarvikkeet-ulkopuolelle-model-s","16":"product_cat-tarvikkeet-ulkopuolelle-model-x","17":"product_cat-tarvikkeet-ulkopuolelle-model-y","18":"product_cat-tesla-tuotteet","20":"first","21":"instock","22":"taxable","23":"shipping-taxable","24":"purchasable","25":"product-type-simple"},"jetpack_sharing_enabled":true,"_links":{"self":[{"href":"https:\/\/www.vempele.fi\/fi\/wp-json\/wp\/v2\/product\/36089","targetHints":{"allow":["GET"]}}],"collection":[{"href":"https:\/\/www.vempele.fi\/fi\/wp-json\/wp\/v2\/product"}],"about":[{"href":"https:\/\/www.vempele.fi\/fi\/wp-json\/wp\/v2\/types\/product"}],"replies":[{"embeddable":true,"href":"https:\/\/www.vempele.fi\/fi\/wp-json\/wp\/v2\/comments?post=36089"}],"wp:featuredmedia":[{"embeddable":true,"href":"https:\/\/www.vempele.fi\/fi\/wp-json\/wp\/v2\/media\/36091"}],"wp:attachment":[{"href":"https:\/\/www.vempele.fi\/fi\/wp-json\/wp\/v2\/media?parent=36089"}],"wp:term":[{"taxonomy":"product_brand","embeddable":true,"href":"https:\/\/www.vempele.fi\/fi\/wp-json\/wp\/v2\/product_brand?post=36089"},{"taxonomy":"product_cat","embeddable":true,"href":"https:\/\/www.vempele.fi\/fi\/wp-json\/wp\/v2\/product_cat?post=36089"},{"taxonomy":"product_tag","embeddable":true,"href":"https:\/\/www.vempele.fi\/fi\/wp-json\/wp\/v2\/product_tag?post=36089"}],"curies":[{"name":"wp","href":"https:\/\/api.w.org\/{rel}","templated":true}]}}