{"id":36100,"date":"2025-04-04T12:30:31","date_gmt":"2025-04-04T09:30:31","guid":{"rendered":"https:\/\/www.vempele.fi\/?post_type=product&#038;p=36100"},"modified":"2026-04-18T08:12:00","modified_gmt":"2026-04-18T05:12:00","slug":"frezzer-matkajaakaappi-35l-12-24v-tesla-model-y","status":"publish","type":"product","link":"https:\/\/www.vempele.fi\/fi\/tuote\/frezzer-matkajaakaappi-35l-12-24v-tesla-model-y\/","title":{"rendered":"Frezzer matkaj\u00e4\u00e4kaappi 35L 12\/24V &#8211; Tesla Model Y"},"content":{"rendered":"<p>Kompressorik\u00e4ytt\u00f6inen 12\/24\/230V 35 litran j\u00e4\u00e4kaappipakastin Teslan Y-mallin Sub Trunkiin. Eritt\u00e4in tehokas, j\u00e4\u00e4hdytt\u00e4\u00e4 jopa -20 \u00b0C:een vain hyvin pienell\u00e4 virrankulutuksella ulkol\u00e4mp\u00f6tilasta riippumatta. Et\u00e4ohjattavissa helppok\u00e4ytt\u00f6isen mobiilisovelluksen kautta.<\/p>\n<p>Laite on suunniteltu pit\u00e4m\u00e4\u00e4n elintarvikkeet optimaalisessa l\u00e4mp\u00f6tilassa jopa eritt\u00e4in kuumissa olosuhteissa (34 \u2103). T\u00e4ydellinen yhteensopivuus Tesla Y mallin tavaratilan alalokeroon (Sub trunk). Kolmivaiheinen auton akun suojaus est\u00e4\u00e4 k\u00e4ynnistysakun virran loppumisen. Upotetut kahvat helpottavat j\u00e4\u00e4kaapin nostoa tavaratilasta. Tarkasti mietitty tuuletusj\u00e4rjestelm\u00e4 ja auton tavaratilan takasein\u00e4\u00e4 vasten tulevat erilliset EVA-tyynyt suojaavat ylikuumenemiselta. Iskunkest\u00e4v\u00e4 rakenne ja hiljainen k\u00e4ynti\u00e4\u00e4ni (45 dB) kruunaavat kokonaisuuden.<\/p>\n<p><strong>Ominaisuudet:<\/strong><\/p>\n<ul>\n<li>Tehokas DC-invertterikompressori<\/li>\n<li>Fluorivapaat eristeet, joilla on hyv\u00e4 l\u00e4mm\u00f6ns\u00e4ilytyskyky ja alhainen energiankulutus<\/li>\n<li>Nopea j\u00e4\u00e4hdytys jopa -20 \u00b0C asti<\/li>\n<li>Auton akun suojausj\u00e4rjestelm\u00e4, joka est\u00e4\u00e4 akun tyhjentymisen<\/li>\n<li>Digitaalinen ohjauspaneeli l\u00e4mp\u00f6tilan s\u00e4\u00e4d\u00f6lle<\/li>\n<li>Laite varustettu Bluetooth ominaisuudella. Vapaasti ladattava helppok\u00e4ytt\u00f6inen mobiilisovellus, joka mahdollistaa j\u00e4\u00e4kaapin l\u00e4mp\u00f6tilojen seurannan ja et\u00e4k\u00e4yt\u00f6n \u00e4lypuhelimella.<\/li>\n<li>Led-valaisin j\u00e4\u00e4kaapin sis\u00e4ll\u00e4<\/li>\n<li>Irrotettava pohjakorkki pesua varten<\/li>\n<\/ul>\n<p><strong>Tekniset tiedot:<\/strong><\/p>\n<ul>\n<li>\u00c4\u00e4nitaso: 45 dB<\/li>\n<li>Teho: 60 W<\/li>\n<li>Kylm\u00e4aine: R134a<\/li>\n<li>Keskim\u00e4\u00e4r\u00e4inen virrankulutus j\u00e4\u00e4hdytett\u00e4ess\u00e4 (k\u00e4ynnistett\u00e4ess\u00e4): 4-5 A (12 V)<\/li>\n<li>Keskim\u00e4\u00e4r\u00e4inen virrankulutus yll\u00e4pidossa: 2-3 A (12 V)<\/li>\n<li>Nettopaino: 15 kg<\/li>\n<li>Takuu: 2 vuotta<\/li>\n<li>Pakkauksen mitat: 78,8 x 45,8 x 35,9 cm<\/li>\n<li>Tuotteen mitat: 86,5 x 53,5 x 42,6 cm<\/li>\n<li>Sopivuus\n<ul>\n<li>Tesla Model Y 2020 &#8211; 2024<\/li>\n<li>Tesla Model Y Juniper 2025 -&gt;<\/li>\n<\/ul>\n<\/li>\n<\/ul>\n<p><a href=\"https:\/\/www.vempele.fi\/wp-content\/uploads\/2025\/06\/6438014391885_kayttoohje_Frezzer_Tesla_Y_35_l_12_24V_230V_matkajaakaappi_FI_SV_EN.pdf\" target=\"_blank\" rel=\"noopener\">K\u00e4ytt\u00f6- ja asennusopas<\/a><\/p>\n","protected":false},"excerpt":{"rendered":"<p>Kompressorij\u00e4\u00e4kaappi. T\u00e4ydellinen yhteensopivuus Tesla Y mallin tavaratilan alalokeroon (Sub trunk).<\/p>\n<p>&nbsp;<\/p>\n","protected":false},"featured_media":36101,"comment_status":"open","ping_status":"closed","template":"","meta":[],"product_brand":[753],"product_cat":[154,455,482],"product_tag":[],"class_list":{"0":"post-36100","1":"product","2":"type-product","3":"status-publish","4":"has-post-thumbnail","6":"product_brand-frezzer","7":"product_cat-model-y","8":"product_cat-my-tarvikkeet","9":"product_cat-tarvikkeet-sisapuolelle-model-y","11":"first","12":"instock","13":"taxable","14":"shipping-taxable","15":"purchasable","16":"product-type-simple"},"jetpack_sharing_enabled":true,"_links":{"self":[{"href":"https:\/\/www.vempele.fi\/fi\/wp-json\/wp\/v2\/product\/36100","targetHints":{"allow":["GET"]}}],"collection":[{"href":"https:\/\/www.vempele.fi\/fi\/wp-json\/wp\/v2\/product"}],"about":[{"href":"https:\/\/www.vempele.fi\/fi\/wp-json\/wp\/v2\/types\/product"}],"replies":[{"embeddable":true,"href":"https:\/\/www.vempele.fi\/fi\/wp-json\/wp\/v2\/comments?post=36100"}],"wp:featuredmedia":[{"embeddable":true,"href":"https:\/\/www.vempele.fi\/fi\/wp-json\/wp\/v2\/media\/36101"}],"wp:attachment":[{"href":"https:\/\/www.vempele.fi\/fi\/wp-json\/wp\/v2\/media?parent=36100"}],"wp:term":[{"taxonomy":"product_brand","embeddable":true,"href":"https:\/\/www.vempele.fi\/fi\/wp-json\/wp\/v2\/product_brand?post=36100"},{"taxonomy":"product_cat","embeddable":true,"href":"https:\/\/www.vempele.fi\/fi\/wp-json\/wp\/v2\/product_cat?post=36100"},{"taxonomy":"product_tag","embeddable":true,"href":"https:\/\/www.vempele.fi\/fi\/wp-json\/wp\/v2\/product_tag?post=36100"}],"curies":[{"name":"wp","href":"https:\/\/api.w.org\/{rel}","templated":true}]}}