{"id":36355,"date":"2024-10-03T00:00:00","date_gmt":"2024-10-02T21:00:00","guid":{"rendered":"https:\/\/www.vempele.fi\/tuote\/nankang-sportnex-as-2-tm-ja-tuulilasi-testimenestys-245-35r21-96y-tesla-model-s\/"},"modified":"2026-04-18T08:51:12","modified_gmt":"2026-04-18T05:51:12","slug":"nankang-sportnex-as-2-tm-ja-tuulilasi-testimenestys-245-35r21-96y-tesla-model-s","status":"publish","type":"product","link":"https:\/\/www.vempele.fi\/fi\/tuote\/nankang-sportnex-as-2-tm-ja-tuulilasi-testimenestys-245-35r21-96y-tesla-model-s\/","title":{"rendered":"Nankang Sportnex AS-2+ TM- ja Tuulilasi-testimenestys 245\/35R21 96Y &#8211; Tesla Model S"},"content":{"rendered":"<p>1 kpl Nankang Sportnex AS-2+ TM- ja Tuulilasi-testimenestys 245\/35-21\u00a0 96Y<\/p>\n<ul>\n<li>EU-Rengasmerkinn\u00e4t<\/li>\n<li>Tyyppi: Kes\u00e4rengas<\/li>\n<li>Tuumat: 21<\/li>\n<li>Leveys: 245<\/li>\n<li>Profiili: 35<\/li>\n<li>Nopeusluokka: Y<\/li>\n<li>Kantavuusluokka: 96<\/li>\n<li>Rengasluokitus: <\/li>\n<li>Polttoainetaloudellisuus: <\/li>\n<li>M\u00e4rk\u00e4pito: <\/li>\n<li>Ohjaamomeluluokitus ja voimakkuus:\u00a0  &#8211; dB<\/li>\n<\/ul>\n<p>&nbsp;<\/p>\n<p>Renkaat toimitetaan suoraan yhteisty\u00f6kumppanin varastolta.<\/p>\n<p><img decoding=\"async\" src=\"\" width=\"300\" \/><\/p>\n<p>Renkaan tiedot haettu yhteisty\u00f6kumppanilta.<\/p>\n","protected":false},"excerpt":{"rendered":"<p>Nankang Sportnex AS-2+ on todellinen vesikelin voittaja.  Upeat testitulokset sek\u00e4 Tuulilasissa ett\u00e4 Tekniikan Maailmassa osoittavat Nankangin olevan rengasmaailman parhaimmistoa, mutta silti edulliseen hintaan. &#13;<br \/>\n\u00a0&#13;<br \/>\nNelj\u00e4s sija ja upeat 8,6 pistett\u00e4 Tuulilasin suuressa kes\u00e4rengastestiss\u00e4&#13;<br \/>\nNankang Sportnex AS-2+ sijoittui erinomaisesti nelj\u00e4nneksi Tuulilasin tekem\u00e4ss\u00e4 rengastestiss\u00e4 (Tuulilasi 3\/2017).  Erityisen hyvin Nankang p\u00e4rj\u00e4si sadekelill\u00e4.  Tuulilasi lausuikin Nankangista:\u00a0&#8221;Etenkin hyv\u00e4 m\u00e4rk\u00e4pito ilahduttaa.  Sateella ajok\u00e4yt\u00f6s on kiitett\u00e4v\u00e4n neutraalia. &#8221;\u00a0Nankang menestyi tasaisen mainiosti my\u00f6s muilla osa-alueilla saaden jokaisesta mittauksesta arvosanaksi v\u00e4hint\u00e4\u00e4n kahdeksikon.  Tasaisen suorituksen seurauksena konaisarvosana j\u00e4i vain puoli pistett\u00e4 testivoitosta. &#13;<br \/>\n&#8221;Hinnaltaan edullinen Nankang yll\u00e4tti parantuneilla otteillaan&#8221;&#13;<br \/>\nNankang oli selke\u00e4sti testin edullisin rengas, johon my\u00f6s Tuulilasi kiinnitti huomiota.  Tuulilasi kertoi Nankangin olleen jopa 50 euroa testin toiseksi halvinta rengasta edullisempi, ja kallein rengas oli per\u00e4ti 79% Nankangia kalliimpi.  T\u00e4st\u00e4 huolimatta Nankang oli erinomaisesti testin nelj\u00e4s, j\u00e4\u00e4den vain puoli pistett\u00e4 testivoitosta.  Pisteytyksess\u00e4 olennaisesti muita edullisempaa hintaa ei kuitenkaan huomioitu mitenk\u00e4\u00e4n. &#13;<br \/>\n\u00a0&#13;<br \/>\n&#13;<br \/>\nErinomainen menestys Tekniikan Maailman suuressa kes\u00e4rengastestiss\u00e4&#13;<br \/>\nNankang Sportnex AS-2+ on Tekniikan Maailman (8\/2016) kes\u00e4rengastestin todellinen menestyj\u00e4, joka p\u00e4rj\u00e4si eritt\u00e4in hyvin huomattavasti kalliimpien merkkirenkaiden joukossa.  Lopputuloksessa arvosanaero Nankangin ja Michelinin v\u00e4lill\u00e4 on vain 0,4 pistett\u00e4.  Nankang saa kouluarvosanaksi 8,1 ja Michelin 8,5.  Ero on h\u00e4ilyv\u00e4n pieni. &#13;<br \/>\nTulos on herkkua kaikille autoilijoille, jotka haluavat ostaa kes\u00e4renkaat edullisemmin ja luottaa siihen, ett\u00e4 saavat turvalliset renkaat.  Tekniikan Maailman testiss\u00e4 korostuu ensisijaisesti kes\u00e4renkaiden turvallisuus.  Nankang saa kehuja erityisesti turvallisuuteen liittyviss\u00e4 osatekij\u00f6iss\u00e4, kuten m\u00e4rk\u00e4pidossa sek\u00e4 ajettavuudessa kuivalla. \u00a0&#13;<br \/>\nNankangin jarrupito m\u00e4r\u00e4ll\u00e4 on hyv\u00e4&#13;<br \/>\nNankangin jarrupito m\u00e4r\u00e4ll\u00e4 saa arvosanaksi 9, kun taas esimerkiksi Michelinin tulos on 8.  My\u00f6s jarrutuksessa kuivalla Nankang on parempi kuin Michelin.  Ajettavuuspidossa m\u00e4r\u00e4ll\u00e4 sek\u00e4 ajettavuudessa kuivalla Nankang ja Michelin saavat samat arvosanat. \u00a0&#13;<br \/>\nErinomainen suunnittelu takaa turvallisen lopputuloksen\u00a0&#13;<br \/>\n&#13;<br \/>\n\u00a0&#13;<br \/>\nAS-2 Sportnex p\u00e4rj\u00e4si hyvin my\u00f6s arvostetun T\u00dcV SUD -testilaitoksen suorittamissa testeiss\u00e4.  Testiss\u00e4 rengasta ajetaan kolmea johtavaa rengasmerkki\u00e4 vastaan vertaamalla mm.  pitoa kuivalla ja m\u00e4r\u00e4ll\u00e4, ajotuntumaa, \u00e4\u00e4nitasoa ja vierint\u00e4vastusta. &#13;<br \/>\nAS-2 Sportnexille my\u00f6nnettiin hyvin onnistuneen testin my\u00f6t\u00e4 T\u00dcV SUD-laatumerkint\u00e4. \u00a0&#13;<br \/>\nTutustu testiraporttiin\u00a0t\u00e4st\u00e4. \u00a0 <\/p>\n<p> Renkaat toimitetaan suoraan yhteisty\u00f6kumppanin varastolta.<\/p>\n","protected":false},"featured_media":36346,"comment_status":"open","ping_status":"open","template":"","meta":[],"product_brand":[],"product_cat":[371],"product_tag":[696,172,707,756,121],"class_list":{"0":"post-36355","1":"product","2":"type-product","3":"status-publish","4":"has-post-thumbnail","6":"product_cat-renkaat","7":"product_tag-kesarengas","8":"product_tag-model-s","9":"product_tag-nankang","10":"product_tag-sportnex-as-2-tm-ja-tuulilasi-testimenestys","11":"product_tag-tesla","13":"first","14":"instock","15":"taxable","16":"shipping-taxable","17":"purchasable","18":"product-type-simple"},"jetpack_sharing_enabled":true,"_links":{"self":[{"href":"https:\/\/www.vempele.fi\/fi\/wp-json\/wp\/v2\/product\/36355","targetHints":{"allow":["GET"]}}],"collection":[{"href":"https:\/\/www.vempele.fi\/fi\/wp-json\/wp\/v2\/product"}],"about":[{"href":"https:\/\/www.vempele.fi\/fi\/wp-json\/wp\/v2\/types\/product"}],"replies":[{"embeddable":true,"href":"https:\/\/www.vempele.fi\/fi\/wp-json\/wp\/v2\/comments?post=36355"}],"wp:featuredmedia":[{"embeddable":true,"href":"https:\/\/www.vempele.fi\/fi\/wp-json\/wp\/v2\/media\/36346"}],"wp:attachment":[{"href":"https:\/\/www.vempele.fi\/fi\/wp-json\/wp\/v2\/media?parent=36355"}],"wp:term":[{"taxonomy":"product_brand","embeddable":true,"href":"https:\/\/www.vempele.fi\/fi\/wp-json\/wp\/v2\/product_brand?post=36355"},{"taxonomy":"product_cat","embeddable":true,"href":"https:\/\/www.vempele.fi\/fi\/wp-json\/wp\/v2\/product_cat?post=36355"},{"taxonomy":"product_tag","embeddable":true,"href":"https:\/\/www.vempele.fi\/fi\/wp-json\/wp\/v2\/product_tag?post=36355"}],"curies":[{"name":"wp","href":"https:\/\/api.w.org\/{rel}","templated":true}]}}