{"id":36461,"date":"2024-10-03T00:00:00","date_gmt":"2024-10-02T21:00:00","guid":{"rendered":"https:\/\/www.vempele.fi\/fi\/tuote\/goodride-solmax-1-245-35r21-95y-tesla-model-s\/"},"modified":"2026-04-20T02:51:11","modified_gmt":"2026-04-19T23:51:11","slug":"goodride-solmax-1-245-35r21-95y-tesla-model-s","status":"publish","type":"product","link":"https:\/\/www.vempele.fi\/fi\/tuote\/goodride-solmax-1-245-35r21-95y-tesla-model-s\/","title":{"rendered":"Goodride SOLMAX 1 245\/35R21 95Y &#8211; Tesla Model S"},"content":{"rendered":"<p>1 kpl Goodride SOLMAX 1 245\/35-21\u00a0 95Y<\/p>\n<ul>\n<li>EU-Rengasmerkinn\u00e4t<\/li>\n<li>Tyyppi: Kes\u00e4rengas<\/li>\n<li>Tuumat: 21<\/li>\n<li>Leveys: 245<\/li>\n<li>Profiili: 35<\/li>\n<li>Nopeusluokka: Y<\/li>\n<li>Kantavuusluokka: 95<\/li>\n<li>Rengasluokitus: C1<\/li>\n<li>Polttoainetaloudellisuus: C<\/li>\n<li>M\u00e4rk\u00e4pito: A<\/li>\n<li>Ohjaamomeluluokitus ja voimakkuus:\u00a0 B &#8211; 72dB<\/li>\n<\/ul>\n<p>&nbsp;<\/p>\n<p>Renkaat toimitetaan suoraan yhteisty\u00f6kumppanin varastolta.<\/p>\n<p><img decoding=\"async\" src=\"https:\/\/www.vempele.fi\/wp-content\/uploads\/2025\/04\/Label_1362145.svg\" width=\"300\" \/><\/p>\n<p>Renkaan tiedot haettu yhteisty\u00f6kumppanilta.<\/p>\n","protected":false},"excerpt":{"rendered":"<p>\u00a0&#13;<br \/>\nT\u00e4ysin uusi Goodride SOLMAX1 \u2013 A-luokan m\u00e4rk\u00e4pitoa ja edistyksellist\u00e4 teknologiaa&#13;<br \/>\nA-luokan m\u00e4rk\u00e4pito EU-testeiss\u00e4 kaikissa SOLMAX1:n kokoluokissa takaa erinomaisen jarrutuskyvyn m\u00e4rill\u00e4 tiell\u00e4.  M\u00e4rk\u00e4pito on t\u00e4rke\u00e4 turvallisuusominaisuus erityisesti kes\u00e4renkaille \u2013 t\u00e4h\u00e4n ominaisuuteen Goodride on panostanut voimakkaasti kehitt\u00e4ess\u00e4\u00e4n SOLMAX1:n turvallisuutta. &#13;<br \/>\nGoodride SOLMAX1 on modernin rengasteknologian edell\u00e4k\u00e4vij\u00e4.  Rengas edustaa rengasalan viimeisint\u00e4 teknologiaa ja parhainta k\u00e4rke\u00e4.  Siin\u00e4 on lukuisia \u00e4lykk\u00e4it\u00e4 innovaatioita, jotka parantavat ajettavuutta, ajomukavuutta sek\u00e4 turvallisuutta.  Lis\u00e4ksi polttoainetaloudellisuus on entist\u00e4 parempi. &#13;<br \/>\nTeknisi\u00e4 ja \u00e4lykk\u00e4it\u00e4 innovaatioita ovat:&#13;<br \/>\n1.  Renkaan pinnassa sijaitsevat edistykselliset \u00e4\u00e4nenvoimakkuuden vaimentimet, jotka tekev\u00e4t ajokokemuksesta miellytt\u00e4v\u00e4mm\u00e4n. 2.  \u00c4lyk\u00e4s hybridisilaanipatentti, joka optimoi kulutuspinnan koostumuksen ja vaimentaa tehokkaasti tien t\u00e4rin\u00e4\u00e4 ja parantaa entisest\u00e4\u00e4n ajokokemusta. 3.  Patentoitu nanometrisekoitustekniikka ja korkea saturaatiokuvio tekev\u00e4t renkaasta eritt\u00e4in pitk\u00e4ik\u00e4isen ja siten lis\u00e4\u00e4v\u00e4t ajokilometrej\u00e4. &#13;<br \/>\nGoodride SOLMAX1 on erinomainen valinta, kun vaadit kes\u00e4renkaalta parasta hinta-laatusuhdetta. &#13;<br \/>\nGoodride on yksi maailman suurimmista rengasvalmistajista, jolla on k\u00e4yt\u00f6ss\u00e4\u00e4n alan viimeisint\u00e4 teknologiaa sek\u00e4 parhaimmat rengassuunnittelijat. &#13;<br \/>\nValitse t\u00e4ysin uusi Goodride SOLMAX1, kun haluat turvallisemman ja paremman kes\u00e4renkaan A-luokan m\u00e4rk\u00e4pidolla. <\/p>\n<p> Renkaat toimitetaan suoraan yhteisty\u00f6kumppanin varastolta.<\/p>\n","protected":false},"featured_media":36465,"comment_status":"open","ping_status":"open","template":"","meta":[],"product_brand":[],"product_cat":[371],"product_tag":[727,696,172,758,121],"class_list":{"0":"post-36461","1":"product","2":"type-product","3":"status-publish","4":"has-post-thumbnail","6":"product_cat-renkaat","7":"product_tag-goodride","8":"product_tag-kesarengas","9":"product_tag-model-s","10":"product_tag-solmax-1","11":"product_tag-tesla","13":"first","14":"instock","15":"taxable","16":"shipping-taxable","17":"purchasable","18":"product-type-simple"},"jetpack_sharing_enabled":true,"_links":{"self":[{"href":"https:\/\/www.vempele.fi\/fi\/wp-json\/wp\/v2\/product\/36461","targetHints":{"allow":["GET"]}}],"collection":[{"href":"https:\/\/www.vempele.fi\/fi\/wp-json\/wp\/v2\/product"}],"about":[{"href":"https:\/\/www.vempele.fi\/fi\/wp-json\/wp\/v2\/types\/product"}],"replies":[{"embeddable":true,"href":"https:\/\/www.vempele.fi\/fi\/wp-json\/wp\/v2\/comments?post=36461"}],"wp:featuredmedia":[{"embeddable":true,"href":"https:\/\/www.vempele.fi\/fi\/wp-json\/wp\/v2\/media\/36465"}],"wp:attachment":[{"href":"https:\/\/www.vempele.fi\/fi\/wp-json\/wp\/v2\/media?parent=36461"}],"wp:term":[{"taxonomy":"product_brand","embeddable":true,"href":"https:\/\/www.vempele.fi\/fi\/wp-json\/wp\/v2\/product_brand?post=36461"},{"taxonomy":"product_cat","embeddable":true,"href":"https:\/\/www.vempele.fi\/fi\/wp-json\/wp\/v2\/product_cat?post=36461"},{"taxonomy":"product_tag","embeddable":true,"href":"https:\/\/www.vempele.fi\/fi\/wp-json\/wp\/v2\/product_tag?post=36461"}],"curies":[{"name":"wp","href":"https:\/\/api.w.org\/{rel}","templated":true}]}}