{"id":37306,"date":"2025-05-23T12:38:32","date_gmt":"2025-05-23T09:38:32","guid":{"rendered":"https:\/\/www.vempele.fi\/?post_type=product&#038;p=37306"},"modified":"2026-04-13T19:08:58","modified_gmt":"2026-04-13T16:08:58","slug":"ovenkahvan-moottorin-ratas-tesla-model-s","status":"publish","type":"product","link":"https:\/\/www.vempele.fi\/fi\/tuote\/ovenkahvan-moottorin-ratas-tesla-model-s\/","title":{"rendered":"Ovenkahvan moottorin ratas &#8211; Tesla Model S"},"content":{"rendered":"<p>Ovenkahvan moottorin ratas &#8211; Tesla Model S<\/p>\n<p>Joissain tapauksissa ratas voi olla todella tiukka sopimaan moottorin akselille ja t\u00e4m\u00e4 saattaa vaatia akselin j\u00e4\u00e4hdytt\u00e4mist\u00e4 jotta ratas menee paikalleen. Vaihtoehtona on my\u00f6s kevyesti viilata rattaan reik\u00e4\u00e4 hieman isommaksi.<\/p>\n<ul>\n<li>Sopivuus: Tesla Model S<\/li>\n<li>Materiaali: Metalli<\/li>\n<li>Paketin sis\u00e4lt\u00f6:\n<ul>\n<li>Ovenkahvan moottorin ratas<\/li>\n<\/ul>\n<\/li>\n<\/ul>\n","protected":false},"excerpt":{"rendered":"<p>Ovenkahvan moottorin ratas &#8211; Tesla Model S<\/p>\n<p>Jos moottorin ratas on haljennut, yleinen ratkaisu on ollut hankkia kokonaan uusi kahvasysteemi. T\u00e4m\u00e4n tuotteen ansiosta korjauskustannukset tulevat huomattavasti edullisemmaksi.<\/p>\n<p>&nbsp;<\/p>\n<p>&nbsp;<\/p>\n<p>&nbsp;<\/p>\n","protected":false},"featured_media":37307,"comment_status":"open","ping_status":"closed","template":"","meta":[],"product_brand":[],"product_cat":[152,453,484,374,128,473],"product_tag":[83,406,172,760,469,468,761],"class_list":{"0":"post-37306","1":"product","2":"type-product","3":"status-publish","4":"has-post-thumbnail","6":"product_cat-model-s","7":"product_cat-ms-tarvikkeet","8":"product_cat-tarvikkeet-ulkopuolelle-model-s","9":"product_cat-tesla-tarvikkeet","10":"product_cat-tesla-tuotteet","11":"product_cat-varaosat-model-s","12":"product_tag-autotarvikkeet","13":"product_tag-korjaus","14":"product_tag-model-s","15":"product_tag-ovenkahva","16":"product_tag-paddle","17":"product_tag-paddle-gear","18":"product_tag-ratas","20":"first","21":"instock","22":"taxable","23":"shipping-taxable","24":"purchasable","25":"product-type-simple"},"jetpack_sharing_enabled":true,"_links":{"self":[{"href":"https:\/\/www.vempele.fi\/fi\/wp-json\/wp\/v2\/product\/37306","targetHints":{"allow":["GET"]}}],"collection":[{"href":"https:\/\/www.vempele.fi\/fi\/wp-json\/wp\/v2\/product"}],"about":[{"href":"https:\/\/www.vempele.fi\/fi\/wp-json\/wp\/v2\/types\/product"}],"replies":[{"embeddable":true,"href":"https:\/\/www.vempele.fi\/fi\/wp-json\/wp\/v2\/comments?post=37306"}],"wp:featuredmedia":[{"embeddable":true,"href":"https:\/\/www.vempele.fi\/fi\/wp-json\/wp\/v2\/media\/37307"}],"wp:attachment":[{"href":"https:\/\/www.vempele.fi\/fi\/wp-json\/wp\/v2\/media?parent=37306"}],"wp:term":[{"taxonomy":"product_brand","embeddable":true,"href":"https:\/\/www.vempele.fi\/fi\/wp-json\/wp\/v2\/product_brand?post=37306"},{"taxonomy":"product_cat","embeddable":true,"href":"https:\/\/www.vempele.fi\/fi\/wp-json\/wp\/v2\/product_cat?post=37306"},{"taxonomy":"product_tag","embeddable":true,"href":"https:\/\/www.vempele.fi\/fi\/wp-json\/wp\/v2\/product_tag?post=37306"}],"curies":[{"name":"wp","href":"https:\/\/api.w.org\/{rel}","templated":true}]}}