{"id":37556,"date":"2025-03-01T00:00:00","date_gmt":"2025-02-28T22:00:00","guid":{"rendered":"https:\/\/www.vempele.fi\/?post_type=product&#038;p=37556"},"modified":"2026-04-17T08:51:15","modified_gmt":"2026-04-17T05:51:15","slug":"borbet-w-anthracite-dark-18x80-et40-tesla-model-3","status":"publish","type":"product","link":"https:\/\/www.vempele.fi\/fi\/tuote\/borbet-w-anthracite-dark-18x80-et40-tesla-model-3\/","title":{"rendered":"BORBET W Anthracite Dark 18&#215;8,0 ET40 &#8211; Tesla Model 3"},"content":{"rendered":"<p>BORBET W Anthracite Dark 18&#215;8,0 ET40<\/p>\n<ul>\n<li>Leveys: 8,0&#8243;<\/li>\n<li>Vanteen halkaisija: 18&#8243;<\/li>\n<li>Suorasovitteinen: Ei. Tarvittavat soviterenkaat tulevat mukaan.<\/li>\n<li>Keskireik\u00e4: 72,5 mm<\/li>\n<li>Alkuper\u00e4inen keskikuppi sopii: Ei<\/li>\n<li>Pulttijako 5&#215;114.3<\/li>\n<li>Kartio: C &#8211; Sopivat mutterit toimitetaan mukana.<\/li>\n<li>Paino: 11,520 kg<\/li>\n<li>Kantavuusindeksi: 0700 kg<\/li>\n<li>T\u00dcV: Kyll\u00e4<\/li>\n<li>Suositeltu talvik\u00e4ytt\u00f6: Kyll\u00e4<\/li>\n<\/ul>\n<p><strong>Huom!\u00a0<\/strong>Ei sovi Performance malliin!<\/p>\n","protected":false},"excerpt":{"rendered":"<p>BORBET W Anthracite Dark 18&#215;8,0 ET40 <\/p>\n<p> Hinta on yhdelle vanteelle <\/p>\n<p> Vanteet toimitetaan suoraan yhteisty\u00f6kumppanin varastosta &#8211; Toimitusaika noin 1 viikko. <\/p>\n<p><a href=\"#tab-description\">Lue lis\u00e4\u00e4&#8230;<\/a><\/p>\n","protected":false},"featured_media":37525,"comment_status":"open","ping_status":"open","template":"","meta":[],"product_brand":[],"product_cat":[372],"product_tag":[767,156,121,363],"class_list":{"0":"post-37556","1":"product","2":"type-product","3":"status-publish","4":"has-post-thumbnail","6":"product_cat-vanteet","7":"product_tag-bo","8":"product_tag-model-3","9":"product_tag-tesla","10":"product_tag-vanne","12":"first","13":"instock","14":"taxable","15":"shipping-taxable","16":"purchasable","17":"product-type-simple"},"jetpack_sharing_enabled":true,"_links":{"self":[{"href":"https:\/\/www.vempele.fi\/fi\/wp-json\/wp\/v2\/product\/37556","targetHints":{"allow":["GET"]}}],"collection":[{"href":"https:\/\/www.vempele.fi\/fi\/wp-json\/wp\/v2\/product"}],"about":[{"href":"https:\/\/www.vempele.fi\/fi\/wp-json\/wp\/v2\/types\/product"}],"replies":[{"embeddable":true,"href":"https:\/\/www.vempele.fi\/fi\/wp-json\/wp\/v2\/comments?post=37556"}],"wp:featuredmedia":[{"embeddable":true,"href":"https:\/\/www.vempele.fi\/fi\/wp-json\/wp\/v2\/media\/37525"}],"wp:attachment":[{"href":"https:\/\/www.vempele.fi\/fi\/wp-json\/wp\/v2\/media?parent=37556"}],"wp:term":[{"taxonomy":"product_brand","embeddable":true,"href":"https:\/\/www.vempele.fi\/fi\/wp-json\/wp\/v2\/product_brand?post=37556"},{"taxonomy":"product_cat","embeddable":true,"href":"https:\/\/www.vempele.fi\/fi\/wp-json\/wp\/v2\/product_cat?post=37556"},{"taxonomy":"product_tag","embeddable":true,"href":"https:\/\/www.vempele.fi\/fi\/wp-json\/wp\/v2\/product_tag?post=37556"}],"curies":[{"name":"wp","href":"https:\/\/api.w.org\/{rel}","templated":true}]}}