{"id":37871,"date":"2025-03-01T00:00:00","date_gmt":"2025-02-28T22:00:00","guid":{"rendered":"https:\/\/www.vempele.fi\/?post_type=product&#038;p=37871"},"modified":"2026-01-02T14:51:12","modified_gmt":"2026-01-02T12:51:12","slug":"borbet-xv-gloss-black-19x85-et35-model-3-y","status":"publish","type":"product","link":"https:\/\/www.vempele.fi\/fi\/tuote\/borbet-xv-gloss-black-19x85-et35-model-3-y\/","title":{"rendered":"BORBET XV Gloss Black 19&#215;8,5 ET35 &#8211; Model 3 \/ Y"},"content":{"rendered":"<p>BORBET XV Gloss Black 19&#215;8,5 ET35<\/p>\n<ul>\n<li>Leveys: 8,5&#8243;<\/li>\n<li>Vanteen halkaisija: 19&#8243;<\/li>\n<li>Suorasovitteinen: Ei. Tarvittavat soviterenkaat tulevat mukaan.<\/li>\n<li>Keskireik\u00e4: 72,5 mm<\/li>\n<li>Alkuper\u00e4inen keskikuppi sopii: Ei<\/li>\n<li>Pulttijako 5&#215;114.3<\/li>\n<li>Kartio: C &#8211; Sopivat mutterit toimitetaan mukana.<\/li>\n<li>Paino: 15,350 kg<\/li>\n<li>Kantavuusindeksi: 0850 kg<\/li>\n<li>T\u00dcV: Kyll\u00e4<\/li>\n<li>Suositeltu talvik\u00e4ytt\u00f6: Kyll\u00e4<\/li>\n<\/ul>\n<p>Sopii Model 3 Performanceen <br \/>Sopii Model Y Performanceen <\/p>\n","protected":false},"excerpt":{"rendered":"<p>BORBET XV Gloss Black 19&#215;8,5 ET35 <\/p>\n<p> Hinta on yhdelle vanteelle <\/p>\n<p> Vanteet toimitetaan suoraan yhteisty\u00f6kumppanin varastosta &#8211; Toimitusaika noin 1 viikko. <\/p>\n<p><a href=\"#tab-description\">Lue lis\u00e4\u00e4&#8230;<\/a><\/p>\n","protected":false},"featured_media":37872,"comment_status":"open","ping_status":"open","template":"","meta":[],"product_brand":[],"product_cat":[372],"product_tag":[608,121,363],"class_list":{"0":"post-37871","1":"product","2":"type-product","3":"status-publish","4":"has-post-thumbnail","6":"product_cat-vanteet","7":"product_tag-borbet","8":"product_tag-tesla","9":"product_tag-vanne","11":"first","12":"outofstock","13":"taxable","14":"shipping-taxable","15":"purchasable","16":"product-type-simple"},"jetpack_sharing_enabled":true,"_links":{"self":[{"href":"https:\/\/www.vempele.fi\/fi\/wp-json\/wp\/v2\/product\/37871","targetHints":{"allow":["GET"]}}],"collection":[{"href":"https:\/\/www.vempele.fi\/fi\/wp-json\/wp\/v2\/product"}],"about":[{"href":"https:\/\/www.vempele.fi\/fi\/wp-json\/wp\/v2\/types\/product"}],"replies":[{"embeddable":true,"href":"https:\/\/www.vempele.fi\/fi\/wp-json\/wp\/v2\/comments?post=37871"}],"wp:featuredmedia":[{"embeddable":true,"href":"https:\/\/www.vempele.fi\/fi\/wp-json\/wp\/v2\/media\/37872"}],"wp:attachment":[{"href":"https:\/\/www.vempele.fi\/fi\/wp-json\/wp\/v2\/media?parent=37871"}],"wp:term":[{"taxonomy":"product_brand","embeddable":true,"href":"https:\/\/www.vempele.fi\/fi\/wp-json\/wp\/v2\/product_brand?post=37871"},{"taxonomy":"product_cat","embeddable":true,"href":"https:\/\/www.vempele.fi\/fi\/wp-json\/wp\/v2\/product_cat?post=37871"},{"taxonomy":"product_tag","embeddable":true,"href":"https:\/\/www.vempele.fi\/fi\/wp-json\/wp\/v2\/product_tag?post=37871"}],"curies":[{"name":"wp","href":"https:\/\/api.w.org\/{rel}","templated":true}]}}