{"id":38351,"date":"2025-06-19T10:52:25","date_gmt":"2025-06-19T07:52:25","guid":{"rendered":"https:\/\/www.vempele.fi\/?post_type=product&#038;p=38351"},"modified":"2026-03-09T16:06:56","modified_gmt":"2026-03-09T14:06:56","slug":"ylemman-etummaisen-takatukivarren-hela-polypro-tesla-model-s","status":"publish","type":"product","link":"https:\/\/www.vempele.fi\/fi\/tuote\/ylemman-etummaisen-takatukivarren-hela-polypro-tesla-model-s\/","title":{"rendered":"Ylemm\u00e4n Etummaisen Takatukivarren Hela &#8211; PolyPro &#8211; Tesla Model S"},"content":{"rendered":"<p>Ylemm\u00e4n Etummaisen Takatukivarren Hela &#8211; PolyPro &#8211; Tesla Model S<\/p>\n<p>Polyuretaanipuslat ovat ylivoimainen valinta auton alustaan, koska ne tarjoavat erinomaisen kest\u00e4vyyden, j\u00e4ykkyyden ja suorituskyvyn verrattuna perinteisiin kumipusliin. Ne v\u00e4hent\u00e4v\u00e4t auton alustaan kohdistuvaa joustoa, parantavat ohjauksen tarkkuutta ja tarjoavat vakaamman ajotuntuman. Lis\u00e4ksi polyuretaani kest\u00e4\u00e4 paremmin l\u00e4mp\u00f6tilan vaihteluita, \u00f6ljyj\u00e4 ja kemikaaleja.<\/p>\n<ul>\n<li>Valmistaja: PolyPro<\/li>\n<li>Valmistajan tuotenumero: PP-2445<\/li>\n<li>Sopivuus:\n<ul>\n<li>Model S 2012 &#8211; 2021<\/li>\n<\/ul>\n<\/li>\n<li>Valmistajan antamat OE-tuotenumerot:\n<ul>\n<li>1021422-00-B<\/li>\n<li>1027421-00-E<\/li>\n<\/ul>\n<\/li>\n<li>Valmistusmaa: Ukraina<\/li>\n<\/ul>\n<p>&nbsp;<\/p>\n","protected":false},"excerpt":{"rendered":"<p>Polyuretaanista valmistettu vaihdettava tukivarren hela. Sopii Tesla Model S Taka-akseliston takimmaiseen ylemp\u00e4\u00e4n poikittaistukivarteen ja kallistuksenvakaajan yhdystankoon.<\/p>\n<p>Etummaiseen ylemp\u00e4\u00e4n poikittaistukivarteen l\u00f6ytyy polyuretaanipusla t\u00e4\u00e4lt\u00e4.<\/p>\n","protected":false},"featured_media":38349,"comment_status":"open","ping_status":"closed","template":"","meta":[],"product_brand":[786],"product_cat":[152,473],"product_tag":[576,172,716,717,121,476,319],"class_list":{"0":"post-38351","1":"product","2":"type-product","3":"status-publish","4":"has-post-thumbnail","6":"product_brand-polypro","7":"product_cat-model-s","8":"product_cat-varaosat-model-s","9":"product_tag-hela","10":"product_tag-model-s","11":"product_tag-polypro","12":"product_tag-polyuretaani","13":"product_tag-tesla","14":"product_tag-tukivarsi","15":"product_tag-varaosat","17":"first","18":"instock","19":"taxable","20":"shipping-taxable","21":"purchasable","22":"product-type-simple"},"jetpack_sharing_enabled":true,"_links":{"self":[{"href":"https:\/\/www.vempele.fi\/fi\/wp-json\/wp\/v2\/product\/38351","targetHints":{"allow":["GET"]}}],"collection":[{"href":"https:\/\/www.vempele.fi\/fi\/wp-json\/wp\/v2\/product"}],"about":[{"href":"https:\/\/www.vempele.fi\/fi\/wp-json\/wp\/v2\/types\/product"}],"replies":[{"embeddable":true,"href":"https:\/\/www.vempele.fi\/fi\/wp-json\/wp\/v2\/comments?post=38351"}],"wp:featuredmedia":[{"embeddable":true,"href":"https:\/\/www.vempele.fi\/fi\/wp-json\/wp\/v2\/media\/38349"}],"wp:attachment":[{"href":"https:\/\/www.vempele.fi\/fi\/wp-json\/wp\/v2\/media?parent=38351"}],"wp:term":[{"taxonomy":"product_brand","embeddable":true,"href":"https:\/\/www.vempele.fi\/fi\/wp-json\/wp\/v2\/product_brand?post=38351"},{"taxonomy":"product_cat","embeddable":true,"href":"https:\/\/www.vempele.fi\/fi\/wp-json\/wp\/v2\/product_cat?post=38351"},{"taxonomy":"product_tag","embeddable":true,"href":"https:\/\/www.vempele.fi\/fi\/wp-json\/wp\/v2\/product_tag?post=38351"}],"curies":[{"name":"wp","href":"https:\/\/api.w.org\/{rel}","templated":true}]}}