{"id":38445,"date":"2025-06-21T12:16:07","date_gmt":"2025-06-21T09:16:07","guid":{"rendered":"https:\/\/www.vempele.fi\/?post_type=product&#038;p=38445"},"modified":"2025-10-12T19:42:09","modified_gmt":"2025-10-12T16:42:09","slug":"piknik-poyta-tesla-model-y","status":"publish","type":"product","link":"https:\/\/www.vempele.fi\/fi\/tuote\/piknik-poyta-tesla-model-y\/","title":{"rendered":"Piknik p\u00f6yt\u00e4 trunkin kannen tilalle &#8211; Tesla Model Y"},"content":{"rendered":"<p>Piknik p\u00f6yt\u00e4 trunkin kannen tilalle &#8211; Tesla Model Y<\/p>\n<ul>\n<li>V\u00e4ri: Musta<\/li>\n<li>Sopivuus:\n<ul>\n<li>Model Y 2020 &#8211; 2024<\/li>\n<\/ul>\n<\/li>\n<li>Materiaali: Muovi<\/li>\n<\/ul>\n","protected":false},"excerpt":{"rendered":"<p>Piknik p\u00f6yt\u00e4 trunkin kannen tilalle &#8211; Tesla Model Y<\/p>\n<p>Tosiretkeilij\u00f6ille ehdoton apu on trunkin levyn tilalle laitettava piknik p\u00f6yt\u00e4. Ota p\u00f6yt\u00e4 ulos trunkista ja taita jalat alle ja olet valmis tarjoamaan aterian luonnossa.<\/p>\n","protected":false},"featured_media":38448,"comment_status":"open","ping_status":"closed","template":"","meta":[],"product_brand":[],"product_cat":[154,455,482,128],"product_tag":[271,787,501,121,554],"class_list":{"0":"post-38445","1":"product","2":"type-product","3":"status-publish","4":"has-post-thumbnail","6":"product_cat-model-y","7":"product_cat-my-tarvikkeet","8":"product_cat-tarvikkeet-sisapuolelle-model-y","9":"product_cat-tesla-tuotteet","10":"product_tag-model-y","11":"product_tag-piknikpoyta","12":"product_tag-poyta","13":"product_tag-tesla","14":"product_tag-trunk","16":"first","17":"instock","18":"taxable","19":"shipping-taxable","20":"purchasable","21":"product-type-simple"},"jetpack_sharing_enabled":true,"_links":{"self":[{"href":"https:\/\/www.vempele.fi\/fi\/wp-json\/wp\/v2\/product\/38445","targetHints":{"allow":["GET"]}}],"collection":[{"href":"https:\/\/www.vempele.fi\/fi\/wp-json\/wp\/v2\/product"}],"about":[{"href":"https:\/\/www.vempele.fi\/fi\/wp-json\/wp\/v2\/types\/product"}],"replies":[{"embeddable":true,"href":"https:\/\/www.vempele.fi\/fi\/wp-json\/wp\/v2\/comments?post=38445"}],"wp:featuredmedia":[{"embeddable":true,"href":"https:\/\/www.vempele.fi\/fi\/wp-json\/wp\/v2\/media\/38448"}],"wp:attachment":[{"href":"https:\/\/www.vempele.fi\/fi\/wp-json\/wp\/v2\/media?parent=38445"}],"wp:term":[{"taxonomy":"product_brand","embeddable":true,"href":"https:\/\/www.vempele.fi\/fi\/wp-json\/wp\/v2\/product_brand?post=38445"},{"taxonomy":"product_cat","embeddable":true,"href":"https:\/\/www.vempele.fi\/fi\/wp-json\/wp\/v2\/product_cat?post=38445"},{"taxonomy":"product_tag","embeddable":true,"href":"https:\/\/www.vempele.fi\/fi\/wp-json\/wp\/v2\/product_tag?post=38445"}],"curies":[{"name":"wp","href":"https:\/\/api.w.org\/{rel}","templated":true}]}}