{"id":38703,"date":"2025-06-26T08:01:43","date_gmt":"2025-06-26T05:01:43","guid":{"rendered":"https:\/\/www.vempele.fi\/?post_type=product&#038;p=38703"},"modified":"2026-03-31T07:48:43","modified_gmt":"2026-03-31T04:48:43","slug":"hepa-suodatin-moottoritila-alla-blue-print-model-y","status":"publish","type":"product","link":"https:\/\/www.vempele.fi\/fi\/tuote\/hepa-suodatin-moottoritila-alla-blue-print-model-y\/","title":{"rendered":"HEPA-Suodatin, Moottoritila alla &#8211; Blue Print &#8211; Model Y"},"content":{"rendered":"<p>Valmistaja: Blue Print<\/p>\n<p>Valmistajan tuotenumero: ADBP250074<\/p>\n<p>Valmistajan antama OE-numero: 1658375-00-B, 1658375-00-A<\/p>\n<p>&nbsp;<\/p>\n<p>Sopivuus:<\/p>\n<ul>\n<li style=\"list-style-type: none;\">\n<ul>\n<li>Model Y joissa HEPA-Suodatin moottoritilassa. Tarkista sopivuus.<\/li>\n<\/ul>\n<\/li>\n<\/ul>\n<p>Mitat:<\/p>\n<ul>\n<li>465 x 180 x 31 mm<\/li>\n<\/ul>\n","protected":false},"excerpt":{"rendered":"<p>Valmistajan Blue Print HEPA-Suodattimet. Soveltuu ajoneuvoihin joissa on moottoritilassa erillinen HEPA-Suodatus.<\/p>\n<p>Sis\u00e4lt\u00e4\u00e4 2kpl suodattimia.<\/p>\n","protected":false},"featured_media":38705,"comment_status":"open","ping_status":"closed","template":"","meta":[],"product_brand":[752],"product_cat":[154,483,472],"product_tag":[202,271,511,121,319],"class_list":{"0":"post-38703","1":"product","2":"type-product","3":"status-publish","4":"has-post-thumbnail","6":"product_brand-blue-print","7":"product_cat-model-y","8":"product_cat-tarvikkeet-ulkopuolelle-model-y","9":"product_cat-varaosat-model-y","10":"product_tag-hepa","11":"product_tag-model-y","12":"product_tag-suodatin","13":"product_tag-tesla","14":"product_tag-varaosat","16":"first","17":"instock","18":"taxable","19":"shipping-taxable","20":"purchasable","21":"product-type-simple"},"jetpack_sharing_enabled":true,"_links":{"self":[{"href":"https:\/\/www.vempele.fi\/fi\/wp-json\/wp\/v2\/product\/38703","targetHints":{"allow":["GET"]}}],"collection":[{"href":"https:\/\/www.vempele.fi\/fi\/wp-json\/wp\/v2\/product"}],"about":[{"href":"https:\/\/www.vempele.fi\/fi\/wp-json\/wp\/v2\/types\/product"}],"replies":[{"embeddable":true,"href":"https:\/\/www.vempele.fi\/fi\/wp-json\/wp\/v2\/comments?post=38703"}],"wp:featuredmedia":[{"embeddable":true,"href":"https:\/\/www.vempele.fi\/fi\/wp-json\/wp\/v2\/media\/38705"}],"wp:attachment":[{"href":"https:\/\/www.vempele.fi\/fi\/wp-json\/wp\/v2\/media?parent=38703"}],"wp:term":[{"taxonomy":"product_brand","embeddable":true,"href":"https:\/\/www.vempele.fi\/fi\/wp-json\/wp\/v2\/product_brand?post=38703"},{"taxonomy":"product_cat","embeddable":true,"href":"https:\/\/www.vempele.fi\/fi\/wp-json\/wp\/v2\/product_cat?post=38703"},{"taxonomy":"product_tag","embeddable":true,"href":"https:\/\/www.vempele.fi\/fi\/wp-json\/wp\/v2\/product_tag?post=38703"}],"curies":[{"name":"wp","href":"https:\/\/api.w.org\/{rel}","templated":true}]}}