{"id":38967,"date":"2025-07-01T15:23:18","date_gmt":"2025-07-01T12:23:18","guid":{"rendered":"https:\/\/www.vempele.fi\/?post_type=product&#038;p=38967"},"modified":"2026-03-21T20:40:36","modified_gmt":"2026-03-21T18:40:36","slug":"model-s-etuakselin-ylatukivarsi-vasen-puoli-ridex","status":"publish","type":"product","link":"https:\/\/www.vempele.fi\/fi\/tuote\/model-s-etuakselin-ylatukivarsi-vasen-puoli-ridex\/","title":{"rendered":"Model S &#8211; Etuakselin yl\u00e4tukivarsi, vasen puoli Ridex"},"content":{"rendered":"<p>Valmistaja: Ridex<\/p>\n<p>Valmistajan tuotenumero: 273C1757<\/p>\n<p>Valmistajan antamat OE numerot:<br \/>\n1043965-00-A<br \/>\n1043965-00-B<br \/>\n6006532-00-A<br \/>\n6006532-00-B<\/p>\n<p>Sopivuus:<br \/>\nModel S &#8211; 2012 -&gt;<\/p>\n<p>Materiaali: Pr\u00e4ss\u00e4tty ter\u00e4s<br \/>\nPaino: n. 2,6kg<\/p>\n","protected":false},"excerpt":{"rendered":"<p>Valmistajan Ridex etuakselin yl\u00e4tukivarsi, vasemmalle puolelle. Sopii Model S.<\/p>\n","protected":false},"featured_media":38971,"comment_status":"open","ping_status":"closed","template":"","meta":[],"product_brand":[745],"product_cat":[152,473],"product_tag":[122,476,319],"class_list":{"0":"post-38967","1":"product","2":"type-product","3":"status-publish","4":"has-post-thumbnail","6":"product_brand-ridex","7":"product_cat-model-s","8":"product_cat-varaosat-model-s","9":"product_tag-tesla-model-s","10":"product_tag-tukivarsi","11":"product_tag-varaosat","13":"first","14":"instock","15":"taxable","16":"shipping-taxable","17":"purchasable","18":"product-type-simple"},"jetpack_sharing_enabled":true,"_links":{"self":[{"href":"https:\/\/www.vempele.fi\/fi\/wp-json\/wp\/v2\/product\/38967","targetHints":{"allow":["GET"]}}],"collection":[{"href":"https:\/\/www.vempele.fi\/fi\/wp-json\/wp\/v2\/product"}],"about":[{"href":"https:\/\/www.vempele.fi\/fi\/wp-json\/wp\/v2\/types\/product"}],"replies":[{"embeddable":true,"href":"https:\/\/www.vempele.fi\/fi\/wp-json\/wp\/v2\/comments?post=38967"}],"wp:featuredmedia":[{"embeddable":true,"href":"https:\/\/www.vempele.fi\/fi\/wp-json\/wp\/v2\/media\/38971"}],"wp:attachment":[{"href":"https:\/\/www.vempele.fi\/fi\/wp-json\/wp\/v2\/media?parent=38967"}],"wp:term":[{"taxonomy":"product_brand","embeddable":true,"href":"https:\/\/www.vempele.fi\/fi\/wp-json\/wp\/v2\/product_brand?post=38967"},{"taxonomy":"product_cat","embeddable":true,"href":"https:\/\/www.vempele.fi\/fi\/wp-json\/wp\/v2\/product_cat?post=38967"},{"taxonomy":"product_tag","embeddable":true,"href":"https:\/\/www.vempele.fi\/fi\/wp-json\/wp\/v2\/product_tag?post=38967"}],"curies":[{"name":"wp","href":"https:\/\/api.w.org\/{rel}","templated":true}]}}