{"id":39119,"date":"2025-07-03T18:42:12","date_gmt":"2025-07-03T15:42:12","guid":{"rendered":"https:\/\/www.vempele.fi\/?post_type=product&#038;p=39119"},"modified":"2026-02-25T14:54:01","modified_gmt":"2026-02-25T12:54:01","slug":"etuakselin-ylatukivarsi-vasen-febest-tesla-model-3-y","status":"publish","type":"product","link":"https:\/\/www.vempele.fi\/fi\/tuote\/etuakselin-ylatukivarsi-vasen-febest-tesla-model-3-y\/","title":{"rendered":"Etuakselin yl\u00e4tukivarsi vasen &#8211; Febest &#8211; Tesla Model 3 \/ Y"},"content":{"rendered":"<p>Etuakselin yl\u00e4tukivarsi vasen puoli.<\/p>\n<ul>\n<li>Valmistaja: Febest<\/li>\n<li>Valmistajan OE-viitenumerot: 6724-M3FUPL<\/li>\n<li>Teslan alkuper\u00e4isen osan tunnus:\n<ul>\n<li>TESLA 1044321-00-H<\/li>\n<li>TESLA 1044321-00-F<\/li>\n<li>TESLA 1044321-00-G<\/li>\n<li>TESLA 1044321-00-J<\/li>\n<\/ul>\n<\/li>\n<li>Sopivuus:\n<ul>\n<li>Model Y 2021 &#8211; 2024<\/li>\n<li>Model 3 Pre-Refresh vm. 2019\u00a0 \u2013 2021<\/li>\n<li>Model 3 Refresh vm. 2021 \u2013 2023<\/li>\n<\/ul>\n<\/li>\n<li>Asennuskohta: Yl\u00e4tukivarsi, etu, vasen<\/li>\n<\/ul>\n<p>&nbsp;<\/p>\n","protected":false},"excerpt":{"rendered":"<p>Etuakselin yl\u00e4tukivarsi vasen puoli.<\/p>\n<p>Laadukas ja kest\u00e4v\u00e4 varaosa rikkin\u00e4isen tukivarren tilalle.<\/p>\n<p>Valmistaja: Febest<\/p>\n","protected":false},"featured_media":39120,"comment_status":"open","ping_status":"closed","template":"","meta":[],"product_brand":[791],"product_cat":[151,154,471,472],"product_tag":[156,271,121,476,319],"class_list":{"0":"post-39119","1":"product","2":"type-product","3":"status-publish","4":"has-post-thumbnail","6":"product_brand-febest","7":"product_cat-model-3","8":"product_cat-model-y","9":"product_cat-model-3-varaosat","10":"product_cat-varaosat-model-y","11":"product_tag-model-3","12":"product_tag-model-y","13":"product_tag-tesla","14":"product_tag-tukivarsi","15":"product_tag-varaosat","17":"first","18":"outofstock","19":"taxable","20":"shipping-taxable","21":"purchasable","22":"product-type-simple"},"jetpack_sharing_enabled":true,"_links":{"self":[{"href":"https:\/\/www.vempele.fi\/fi\/wp-json\/wp\/v2\/product\/39119","targetHints":{"allow":["GET"]}}],"collection":[{"href":"https:\/\/www.vempele.fi\/fi\/wp-json\/wp\/v2\/product"}],"about":[{"href":"https:\/\/www.vempele.fi\/fi\/wp-json\/wp\/v2\/types\/product"}],"replies":[{"embeddable":true,"href":"https:\/\/www.vempele.fi\/fi\/wp-json\/wp\/v2\/comments?post=39119"}],"wp:featuredmedia":[{"embeddable":true,"href":"https:\/\/www.vempele.fi\/fi\/wp-json\/wp\/v2\/media\/39120"}],"wp:attachment":[{"href":"https:\/\/www.vempele.fi\/fi\/wp-json\/wp\/v2\/media?parent=39119"}],"wp:term":[{"taxonomy":"product_brand","embeddable":true,"href":"https:\/\/www.vempele.fi\/fi\/wp-json\/wp\/v2\/product_brand?post=39119"},{"taxonomy":"product_cat","embeddable":true,"href":"https:\/\/www.vempele.fi\/fi\/wp-json\/wp\/v2\/product_cat?post=39119"},{"taxonomy":"product_tag","embeddable":true,"href":"https:\/\/www.vempele.fi\/fi\/wp-json\/wp\/v2\/product_tag?post=39119"}],"curies":[{"name":"wp","href":"https:\/\/api.w.org\/{rel}","templated":true}]}}