{"id":39282,"date":"2025-07-06T18:30:46","date_gmt":"2025-07-06T15:30:46","guid":{"rendered":"https:\/\/www.vempele.fi\/?post_type=product&#038;p=39282"},"modified":"2025-07-07T09:34:44","modified_gmt":"2025-07-07T06:34:44","slug":"the-new-aero-razor-v2-glossy-titanium-19x9-5-8-5-tesla-model-3-highland-performance","status":"publish","type":"product","link":"https:\/\/www.vempele.fi\/fi\/tuote\/the-new-aero-razor-v2-glossy-titanium-19x9-5-8-5-tesla-model-3-highland-performance\/","title":{"rendered":"The New Aero Razor V2 Glossy Titanium 19&#215;9.5\/8.5 Tesla Model 3 Highland Performance"},"content":{"rendered":"<p>The New Aero Razor V2 Flow Formed vanne Tesla Model 3 Highland (2024+) Performanceen.<\/p>\n<p>Valmistettu EU:ssa v\u00e4hint\u00e4\u00e4n 70% kierr\u00e4tetyst\u00e4 alumiinist\u00e4. Directional setup eli vasen ja oikea vanne ovat peilikuvia.<\/p>\n<ul>\n<li>Leveys edess\u00e4: 8.5&#8243;<\/li>\n<li>Leveys takana: 9.5&#8243;<\/li>\n<li>Vanteen halkaisija: 19&#8243;<\/li>\n<li>Keskirei\u00e4n halkaisija: 64,1 mm<\/li>\n<li>Pulttijako: 5 x 114.3<\/li>\n<li>ET edess\u00e4: 38<\/li>\n<li>ET takana: 45<\/li>\n<li>Vanteen paino: 13,1\/13,4 kg<\/li>\n<li>Valmistajan ilmoittama kantavuusluokka: 750 kg<\/li>\n<li>V\u00e4ri: Glossy Titanium<\/li>\n<li>Sopivuus:<\/li>\n<li>Tesla Model 3 Highland Performance 2024 &#8211; (<a href=\"https:\/\/www.vempele.fi\/tuote\/the-new-aero-razor-v2-glossy-titanium-19x8-5-tesla-model-3\/\">muihin Model 3:iin sopiva l\u00f6ytyy t\u00e4\u00e4lt\u00e4<\/a>)<\/li>\n<\/ul>\n","protected":false},"excerpt":{"rendered":"<p>N\u00e4ytt\u00e4v\u00e4n n\u00e4k\u00f6inen ja aerodynaaminen The New Aero Razor V2 -vanne on laadukas Teslaa varten suunniteltu vanne. Toimitetaan suoraan yhteisty\u00f6kumppanin varastosta n. 1 viikon kuluessa.<\/p>\n<p>Lue lis\u00e4\u00e4 vanteen designista: <a href=\"https:\/\/www.thenewaero.com\/\">The New Aero<\/a><\/p>\n<p>Hinta on yhdelle vanteelle.<\/p>\n<p><strong>Anturit vanteiden kaveriksi? <\/strong><\/p>\n<ul>\n<li><a href=\"https:\/\/www.vempele.fi\/tuote\/rengaspaine-anturi-autel-tpms-mx-433mhz\/\" target=\"_blank\" rel=\"noopener\">433 MHz TPMS (-&gt;2020) -paineanturit<\/a><\/li>\n<li><a href=\"https:\/\/www.vempele.fi\/tuote\/rengaspaine-anturi-tesla-tpms-ble-cub\/\" target=\"_blank\" rel=\"noopener\">BLE TPMS (2021-&gt;) -bluetooth-anturit<\/a><\/li>\n<\/ul>\n","protected":false},"featured_media":39277,"comment_status":"open","ping_status":"closed","template":"","meta":[],"product_brand":[796],"product_cat":[151,128,372],"product_tag":[121,795,321],"class_list":{"0":"post-39282","1":"product","2":"type-product","3":"status-publish","4":"has-post-thumbnail","6":"product_brand-the-new-aero","7":"product_cat-model-3","8":"product_cat-tesla-tuotteet","9":"product_cat-vanteet","10":"product_tag-tesla","11":"product_tag-the-new-aero","12":"product_tag-vanteet","14":"first","15":"instock","16":"taxable","17":"shipping-taxable","18":"purchasable","19":"product-type-simple"},"jetpack_sharing_enabled":true,"_links":{"self":[{"href":"https:\/\/www.vempele.fi\/fi\/wp-json\/wp\/v2\/product\/39282","targetHints":{"allow":["GET"]}}],"collection":[{"href":"https:\/\/www.vempele.fi\/fi\/wp-json\/wp\/v2\/product"}],"about":[{"href":"https:\/\/www.vempele.fi\/fi\/wp-json\/wp\/v2\/types\/product"}],"replies":[{"embeddable":true,"href":"https:\/\/www.vempele.fi\/fi\/wp-json\/wp\/v2\/comments?post=39282"}],"wp:featuredmedia":[{"embeddable":true,"href":"https:\/\/www.vempele.fi\/fi\/wp-json\/wp\/v2\/media\/39277"}],"wp:attachment":[{"href":"https:\/\/www.vempele.fi\/fi\/wp-json\/wp\/v2\/media?parent=39282"}],"wp:term":[{"taxonomy":"product_brand","embeddable":true,"href":"https:\/\/www.vempele.fi\/fi\/wp-json\/wp\/v2\/product_brand?post=39282"},{"taxonomy":"product_cat","embeddable":true,"href":"https:\/\/www.vempele.fi\/fi\/wp-json\/wp\/v2\/product_cat?post=39282"},{"taxonomy":"product_tag","embeddable":true,"href":"https:\/\/www.vempele.fi\/fi\/wp-json\/wp\/v2\/product_tag?post=39282"}],"curies":[{"name":"wp","href":"https:\/\/api.w.org\/{rel}","templated":true}]}}