{"id":40178,"date":"2025-07-25T13:43:29","date_gmt":"2025-07-25T10:43:29","guid":{"rendered":"https:\/\/www.vempele.fi\/?post_type=product&#038;p=40178"},"modified":"2026-04-13T23:17:37","modified_gmt":"2026-04-13T20:17:37","slug":"pyoranlaakeri-rwd-awd-metzger-tesla-model-3-y","status":"publish","type":"product","link":"https:\/\/www.vempele.fi\/fi\/tuote\/pyoranlaakeri-rwd-awd-metzger-tesla-model-3-y\/","title":{"rendered":"Py\u00f6r\u00e4nlaakeri RWD, AWD &#8211; Metzger &#8211; Tesla Model 3 \/ Y"},"content":{"rendered":"<p>Py\u00f6r\u00e4nlaakeri RWD, AWD &#8211; Metzger &#8211; Tesla Model 3 \/ Y<\/p>\n<ul>\n<li>Valmistaja: Metzger<\/li>\n<li>Valmistajan tuotenumero: WM 2274<\/li>\n<li>Valmistajan antamat OE-viitenumerot:\n<ul>\n<li>1044121-00-E<\/li>\n<\/ul>\n<\/li>\n<li>Paino: n. 3,6 kg<\/li>\n<\/ul>\n<p><strong>Ei sovi RWD-mallin etuakseliin.<\/strong><\/p>\n<p>&nbsp;<\/p>\n","protected":false},"excerpt":{"rendered":"<p>Py\u00f6r\u00e4nlaakeri RWD, AWD &#8211; Metzger &#8211; Tesla Model 3 \/ Y. Py\u00f6r\u00e4nlaakeri sopii RWD-mallin taka-akseliin sek\u00e4 AWD-mallin etu- ja taka-akseliin.<\/p>\n<p><strong>Huom!<\/strong> Tuote ei sovi RWD-mallin etuakseliin.<\/p>\n<p>Sopivuus:<\/p>\n<ul>\n<li>Model 3: vuosimallit 2016 -&gt;<\/li>\n<li>Model Y: vuosimallit 2020 -&gt;<\/li>\n<\/ul>\n","protected":false},"featured_media":40184,"comment_status":"open","ping_status":"closed","template":"","meta":[],"product_brand":[749],"product_cat":[151,154,471,472],"product_tag":[475,156,271,121,319],"class_list":{"0":"post-40178","1":"product","2":"type-product","3":"status-publish","4":"has-post-thumbnail","6":"product_brand-metzger","7":"product_cat-model-3","8":"product_cat-model-y","9":"product_cat-model-3-varaosat","10":"product_cat-varaosat-model-y","11":"product_tag-laakeri","12":"product_tag-model-3","13":"product_tag-model-y","14":"product_tag-tesla","15":"product_tag-varaosat","17":"first","18":"instock","19":"taxable","20":"shipping-taxable","21":"purchasable","22":"product-type-simple"},"jetpack_sharing_enabled":true,"_links":{"self":[{"href":"https:\/\/www.vempele.fi\/fi\/wp-json\/wp\/v2\/product\/40178","targetHints":{"allow":["GET"]}}],"collection":[{"href":"https:\/\/www.vempele.fi\/fi\/wp-json\/wp\/v2\/product"}],"about":[{"href":"https:\/\/www.vempele.fi\/fi\/wp-json\/wp\/v2\/types\/product"}],"replies":[{"embeddable":true,"href":"https:\/\/www.vempele.fi\/fi\/wp-json\/wp\/v2\/comments?post=40178"}],"wp:featuredmedia":[{"embeddable":true,"href":"https:\/\/www.vempele.fi\/fi\/wp-json\/wp\/v2\/media\/40184"}],"wp:attachment":[{"href":"https:\/\/www.vempele.fi\/fi\/wp-json\/wp\/v2\/media?parent=40178"}],"wp:term":[{"taxonomy":"product_brand","embeddable":true,"href":"https:\/\/www.vempele.fi\/fi\/wp-json\/wp\/v2\/product_brand?post=40178"},{"taxonomy":"product_cat","embeddable":true,"href":"https:\/\/www.vempele.fi\/fi\/wp-json\/wp\/v2\/product_cat?post=40178"},{"taxonomy":"product_tag","embeddable":true,"href":"https:\/\/www.vempele.fi\/fi\/wp-json\/wp\/v2\/product_tag?post=40178"}],"curies":[{"name":"wp","href":"https:\/\/api.w.org\/{rel}","templated":true}]}}