{"id":41136,"date":"2025-08-17T18:42:23","date_gmt":"2025-08-17T15:42:23","guid":{"rendered":"https:\/\/www.vempele.fi\/?post_type=product&#038;p=41136"},"modified":"2026-04-27T18:35:28","modified_gmt":"2026-04-27T15:35:28","slug":"pyyhkijan-vivusto-tesla-model-s","status":"publish","type":"product","link":"https:\/\/www.vempele.fi\/fi\/tuote\/pyyhkijan-vivusto-tesla-model-s\/","title":{"rendered":"Pyyhkij\u00e4n vivusto &#8211; NTY &#8211; Tesla Model S"},"content":{"rendered":"<ul>\n<li>Valmistaja: NTY<\/li>\n<li>Valmistajan tuotenumero: EMW-CH-009<\/li>\n<li>Valmistajan antamat OE-viitenumerot:\n<ul>\n<li>\u00a06005946-00-G<\/li>\n<\/ul>\n<\/li>\n<li>Sopivuus:\n<ul>\n<li>Tesla Model S 2012 &#8211; 2025<\/li>\n<\/ul>\n<\/li>\n<li>Asennus: Pyyhkij\u00f6iden vivusto ilman moottoria<\/li>\n<\/ul>\n<p>&nbsp;<\/p>\n","protected":false},"excerpt":{"rendered":"<p>Kun pyyhkij\u00e4n vivusto kuluu &#8211; kannattaa vaihtaa se ajoissa jotta se ei hankaa konepeltiin. T\u00e4m\u00e4 NTY:n valmistama vivusto sopii kaikkiin Model S autoihin. Ilman moottoria.<\/p>\n<p>&nbsp;<\/p>\n","protected":false},"featured_media":41139,"comment_status":"open","ping_status":"closed","template":"","meta":[],"product_brand":[802],"product_cat":[152,473],"product_tag":[172,121,319],"class_list":{"0":"post-41136","1":"product","2":"type-product","3":"status-publish","4":"has-post-thumbnail","6":"product_brand-nty","7":"product_cat-model-s","8":"product_cat-varaosat-model-s","9":"product_tag-model-s","10":"product_tag-tesla","11":"product_tag-varaosat","13":"first","14":"instock","15":"taxable","16":"shipping-taxable","17":"purchasable","18":"product-type-simple"},"jetpack_sharing_enabled":true,"_links":{"self":[{"href":"https:\/\/www.vempele.fi\/fi\/wp-json\/wp\/v2\/product\/41136","targetHints":{"allow":["GET"]}}],"collection":[{"href":"https:\/\/www.vempele.fi\/fi\/wp-json\/wp\/v2\/product"}],"about":[{"href":"https:\/\/www.vempele.fi\/fi\/wp-json\/wp\/v2\/types\/product"}],"replies":[{"embeddable":true,"href":"https:\/\/www.vempele.fi\/fi\/wp-json\/wp\/v2\/comments?post=41136"}],"wp:featuredmedia":[{"embeddable":true,"href":"https:\/\/www.vempele.fi\/fi\/wp-json\/wp\/v2\/media\/41139"}],"wp:attachment":[{"href":"https:\/\/www.vempele.fi\/fi\/wp-json\/wp\/v2\/media?parent=41136"}],"wp:term":[{"taxonomy":"product_brand","embeddable":true,"href":"https:\/\/www.vempele.fi\/fi\/wp-json\/wp\/v2\/product_brand?post=41136"},{"taxonomy":"product_cat","embeddable":true,"href":"https:\/\/www.vempele.fi\/fi\/wp-json\/wp\/v2\/product_cat?post=41136"},{"taxonomy":"product_tag","embeddable":true,"href":"https:\/\/www.vempele.fi\/fi\/wp-json\/wp\/v2\/product_tag?post=41136"}],"curies":[{"name":"wp","href":"https:\/\/api.w.org\/{rel}","templated":true}]}}