{"id":41151,"date":"2025-08-17T19:38:03","date_gmt":"2025-08-17T16:38:03","guid":{"rendered":"https:\/\/www.vempele.fi\/?post_type=product&#038;p=41151"},"modified":"2026-04-28T12:02:21","modified_gmt":"2026-04-28T09:02:21","slug":"hepa-suodatin-moottoritila-alla-nrf-model-y","status":"publish","type":"product","link":"https:\/\/www.vempele.fi\/fi\/tuote\/hepa-suodatin-moottoritila-alla-nrf-model-y\/","title":{"rendered":"HEPA-Suodatin, Moottoritila alla &#8211; NRF &#8211; Model Y"},"content":{"rendered":"<p>HEPA-Suodatin, Moottoritila alla &#8211; NRF &#8211; Model Y<\/p>\n<ul>\n<li>Valmistaja: NRF<\/li>\n<li>Valmistajan tuotenumero:\n<ul>\n<li>210001<\/li>\n<\/ul>\n<\/li>\n<li>Valmistajan antama OE-numero:\n<ul>\n<li>1658375-00-B<\/li>\n<li>1658375-00-A<\/li>\n<li>1896189-00-A<\/li>\n<\/ul>\n<\/li>\n<li>Sopivuus:\n<ul>\n<li>Model Y joissa HEPA-Suodatin moottoritilassa. Tarkista sopivuus.<\/li>\n<\/ul>\n<\/li>\n<li>Mitat:\n<ul>\n<li>465 x 180 x 31 mm<\/li>\n<\/ul>\n<\/li>\n<\/ul>\n","protected":false},"excerpt":{"rendered":"<p>Valmistajan NRF HEPA-Suodattimet. Soveltuu ajoneuvoihin joissa on moottoritilassa erillinen HEPA-Suodatus.<\/p>\n<p>Sis\u00e4lt\u00e4\u00e4 2kpl suodattimia.<\/p>\n","protected":false},"featured_media":41152,"comment_status":"open","ping_status":"closed","template":"","meta":[],"product_brand":[801],"product_cat":[154,483,472],"product_tag":[202,271,511,121,319],"class_list":{"0":"post-41151","1":"product","2":"type-product","3":"status-publish","4":"has-post-thumbnail","6":"product_brand-nrf","7":"product_cat-model-y","8":"product_cat-tarvikkeet-ulkopuolelle-model-y","9":"product_cat-varaosat-model-y","10":"product_tag-hepa","11":"product_tag-model-y","12":"product_tag-suodatin","13":"product_tag-tesla","14":"product_tag-varaosat","16":"first","17":"outofstock","18":"taxable","19":"shipping-taxable","20":"purchasable","21":"product-type-simple"},"jetpack_sharing_enabled":true,"_links":{"self":[{"href":"https:\/\/www.vempele.fi\/fi\/wp-json\/wp\/v2\/product\/41151","targetHints":{"allow":["GET"]}}],"collection":[{"href":"https:\/\/www.vempele.fi\/fi\/wp-json\/wp\/v2\/product"}],"about":[{"href":"https:\/\/www.vempele.fi\/fi\/wp-json\/wp\/v2\/types\/product"}],"replies":[{"embeddable":true,"href":"https:\/\/www.vempele.fi\/fi\/wp-json\/wp\/v2\/comments?post=41151"}],"wp:featuredmedia":[{"embeddable":true,"href":"https:\/\/www.vempele.fi\/fi\/wp-json\/wp\/v2\/media\/41152"}],"wp:attachment":[{"href":"https:\/\/www.vempele.fi\/fi\/wp-json\/wp\/v2\/media?parent=41151"}],"wp:term":[{"taxonomy":"product_brand","embeddable":true,"href":"https:\/\/www.vempele.fi\/fi\/wp-json\/wp\/v2\/product_brand?post=41151"},{"taxonomy":"product_cat","embeddable":true,"href":"https:\/\/www.vempele.fi\/fi\/wp-json\/wp\/v2\/product_cat?post=41151"},{"taxonomy":"product_tag","embeddable":true,"href":"https:\/\/www.vempele.fi\/fi\/wp-json\/wp\/v2\/product_tag?post=41151"}],"curies":[{"name":"wp","href":"https:\/\/api.w.org\/{rel}","templated":true}]}}