{"id":41262,"date":"2025-03-01T00:00:00","date_gmt":"2025-02-28T22:00:00","guid":{"rendered":"https:\/\/www.vempele.fi\/?post_type=product&#038;p=41262"},"modified":"2026-04-15T07:52:25","modified_gmt":"2026-04-15T04:52:25","slug":"avus-velgen-ac-521-gloss-black-19x80-et40-model-s-2021","status":"publish","type":"product","link":"https:\/\/www.vempele.fi\/fi\/tuote\/avus-velgen-ac-521-gloss-black-19x80-et40-model-s-2021\/","title":{"rendered":"AVUS VELGEN AC-521 Gloss Black 19&#215;8,0 ET40 &#8211; Model S (-> 2021)"},"content":{"rendered":"<p>AVUS VELGEN AC-521 Gloss Black 19&#215;8,0 ET40<\/p>\n<ul>\n<li>Leveys: 8,0&#8243;<\/li>\n<li>Vanteen halkaisija: 19&#8243;<\/li>\n<li>Suorasovitteinen: Kyll\u00e4<\/li>\n<li>Keskireik\u00e4: 64,1 mm<\/li>\n<li>Alkuper\u00e4inen keskikuppi sopii: Kyll\u00e4<\/li>\n<li>Pulttijako 5&#215;120<\/li>\n<li>Kartio: C &#8211; Sopivat mutterit toimitetaan mukana.<\/li>\n<li>Paino: 15,000 kg<\/li>\n<li>Kantavuusindeksi: 0825 kg<\/li>\n<li>T\u00dcV: Kyll\u00e4<\/li>\n<li>Suositeltu talvik\u00e4ytt\u00f6: Kyll\u00e4<\/li>\n<\/ul>\n","protected":false},"excerpt":{"rendered":"<p>AVUS VELGEN AC-521 Gloss Black 19&#215;8,0 ET40 <\/p>\n<p> Hinta on yhdelle vanteelle <\/p>\n<p> Vanteet toimitetaan suoraan yhteisty\u00f6kumppanin varastosta &#8211; Toimitusaika noin 1 viikko. <\/p>\n<p><a href=\"#tab-description\">Lue lis\u00e4\u00e4&#8230;<\/a><\/p>\n","protected":false},"featured_media":37892,"comment_status":"open","ping_status":"open","template":"","meta":[],"product_brand":[],"product_cat":[372],"product_tag":[779,121,363],"class_list":{"0":"post-41262","1":"product","2":"type-product","3":"status-publish","4":"has-post-thumbnail","6":"product_cat-vanteet","7":"product_tag-avus-velgen","8":"product_tag-tesla","9":"product_tag-vanne","11":"first","12":"outofstock","13":"taxable","14":"shipping-taxable","15":"purchasable","16":"product-type-simple"},"jetpack_sharing_enabled":true,"_links":{"self":[{"href":"https:\/\/www.vempele.fi\/fi\/wp-json\/wp\/v2\/product\/41262","targetHints":{"allow":["GET"]}}],"collection":[{"href":"https:\/\/www.vempele.fi\/fi\/wp-json\/wp\/v2\/product"}],"about":[{"href":"https:\/\/www.vempele.fi\/fi\/wp-json\/wp\/v2\/types\/product"}],"replies":[{"embeddable":true,"href":"https:\/\/www.vempele.fi\/fi\/wp-json\/wp\/v2\/comments?post=41262"}],"wp:featuredmedia":[{"embeddable":true,"href":"https:\/\/www.vempele.fi\/fi\/wp-json\/wp\/v2\/media\/37892"}],"wp:attachment":[{"href":"https:\/\/www.vempele.fi\/fi\/wp-json\/wp\/v2\/media?parent=41262"}],"wp:term":[{"taxonomy":"product_brand","embeddable":true,"href":"https:\/\/www.vempele.fi\/fi\/wp-json\/wp\/v2\/product_brand?post=41262"},{"taxonomy":"product_cat","embeddable":true,"href":"https:\/\/www.vempele.fi\/fi\/wp-json\/wp\/v2\/product_cat?post=41262"},{"taxonomy":"product_tag","embeddable":true,"href":"https:\/\/www.vempele.fi\/fi\/wp-json\/wp\/v2\/product_tag?post=41262"}],"curies":[{"name":"wp","href":"https:\/\/api.w.org\/{rel}","templated":true}]}}