{"id":41272,"date":"2025-03-01T00:00:00","date_gmt":"2025-02-28T22:00:00","guid":{"rendered":"https:\/\/www.vempele.fi\/?post_type=product&#038;p=41272"},"modified":"2026-04-17T15:51:13","modified_gmt":"2026-04-17T12:51:13","slug":"monaco-wheels-gp6-gloss-black-20x100-et35-model-s-taakse-2021-model-x-taakse-2021","status":"publish","type":"product","link":"https:\/\/www.vempele.fi\/fi\/tuote\/monaco-wheels-gp6-gloss-black-20x100-et35-model-s-taakse-2021-model-x-taakse-2021\/","title":{"rendered":"MONACO WHEELS GP6 Gloss Black 20&#215;10,0 ET35 &#8211; Model S taakse  (2021 ->), Model X taakse  (-> 2021 ->)"},"content":{"rendered":"<p>MONACO WHEELS GP6 Gloss Black 20&#215;10,0 ET35<\/p>\n<ul>\n<li>Leveys: 10,0&#8243;<\/li>\n<li>Vanteen halkaisija: 20&#8243;<\/li>\n<li>Suorasovitteinen: Kyll\u00e4<\/li>\n<li>Keskireik\u00e4: 64,1 mm<\/li>\n<li>Alkuper\u00e4inen keskikuppi sopii: Kyll\u00e4<\/li>\n<li>Pulttijako 5&#215;120<\/li>\n<li>Kartio: X<\/li>\n<li>Paino: 17,000 kg<\/li>\n<li>Kantavuusindeksi: 0900 kg<\/li>\n<li>T\u00dcV: Ei<\/li>\n<li>Suositeltu talvik\u00e4ytt\u00f6: Kyll\u00e4<\/li>\n<\/ul>\n","protected":false},"excerpt":{"rendered":"<p>MONACO WHEELS GP6 Gloss Black 20&#215;10,0 ET35 <\/p>\n<p> Hinta on yhdelle vanteelle <\/p>\n<p> Vanteet toimitetaan suoraan yhteisty\u00f6kumppanin varastosta &#8211; Toimitusaika noin 1 viikko. <\/p>\n<p><a href=\"#tab-description\">Lue lis\u00e4\u00e4&#8230;<\/a><\/p>\n","protected":false},"featured_media":37522,"comment_status":"open","ping_status":"open","template":"","meta":[],"product_brand":[],"product_cat":[372],"product_tag":[774,121,363],"class_list":{"0":"post-41272","1":"product","2":"type-product","3":"status-publish","4":"has-post-thumbnail","6":"product_cat-vanteet","7":"product_tag-monaco-wheels","8":"product_tag-tesla","9":"product_tag-vanne","11":"first","12":"instock","13":"taxable","14":"shipping-taxable","15":"purchasable","16":"product-type-simple"},"jetpack_sharing_enabled":true,"_links":{"self":[{"href":"https:\/\/www.vempele.fi\/fi\/wp-json\/wp\/v2\/product\/41272","targetHints":{"allow":["GET"]}}],"collection":[{"href":"https:\/\/www.vempele.fi\/fi\/wp-json\/wp\/v2\/product"}],"about":[{"href":"https:\/\/www.vempele.fi\/fi\/wp-json\/wp\/v2\/types\/product"}],"replies":[{"embeddable":true,"href":"https:\/\/www.vempele.fi\/fi\/wp-json\/wp\/v2\/comments?post=41272"}],"wp:featuredmedia":[{"embeddable":true,"href":"https:\/\/www.vempele.fi\/fi\/wp-json\/wp\/v2\/media\/37522"}],"wp:attachment":[{"href":"https:\/\/www.vempele.fi\/fi\/wp-json\/wp\/v2\/media?parent=41272"}],"wp:term":[{"taxonomy":"product_brand","embeddable":true,"href":"https:\/\/www.vempele.fi\/fi\/wp-json\/wp\/v2\/product_brand?post=41272"},{"taxonomy":"product_cat","embeddable":true,"href":"https:\/\/www.vempele.fi\/fi\/wp-json\/wp\/v2\/product_cat?post=41272"},{"taxonomy":"product_tag","embeddable":true,"href":"https:\/\/www.vempele.fi\/fi\/wp-json\/wp\/v2\/product_tag?post=41272"}],"curies":[{"name":"wp","href":"https:\/\/api.w.org\/{rel}","templated":true}]}}