{"id":42568,"date":"2024-10-04T00:00:00","date_gmt":"2024-10-03T21:00:00","guid":{"rendered":"https:\/\/www.vempele.fi\/tuote\/nankang-sv-3-235-40r19-96w-tesla-model-3\/"},"modified":"2026-04-01T15:51:12","modified_gmt":"2026-04-01T12:51:12","slug":"nankang-sv-3-235-40r19-96w-tesla-model-3","status":"publish","type":"product","link":"https:\/\/www.vempele.fi\/fi\/tuote\/nankang-sv-3-235-40r19-96w-tesla-model-3\/","title":{"rendered":"Nankang SV-3 235\/40R19 96W &#8211; Tesla Model 3"},"content":{"rendered":"<p>1 kpl Nankang SV-3 235\/40-19\u00a0 96W<\/p>\n<ul>\n<li>EU-Rengasmerkinn\u00e4t<\/li>\n<li>Tyyppi: Kitkarengas<\/li>\n<li>Tuumat: 19<\/li>\n<li>Leveys: 235<\/li>\n<li>Profiili: 40<\/li>\n<li>Nopeusluokka: W<\/li>\n<li>Kantavuusluokka: 96<\/li>\n<li>Rengasluokitus: <\/li>\n<li>Polttoainetaloudellisuus: <\/li>\n<li>M\u00e4rk\u00e4pito: <\/li>\n<li>Ohjaamomeluluokitus:\u00a0 <\/li>\n<\/ul>\n<p>&nbsp;<\/p>\n<p>Renkaat toimitetaan suoraan yhteisty\u00f6kumppanin varastolta.<\/p>\n<p><img decoding=\"async\" src=\"https:\/\/www.vempele.fi\/wp-content\/uploads\/2025\/09\/Label_453774.svg\" width=\"300\" \/><\/p>\n<p>Renkaan tiedot haettu yhteisty\u00f6kumppanilta.<\/p>\n","protected":false},"excerpt":{"rendered":"<p>Taiwanilainen Nankang on Aasian vanhimpia ja perinteikk\u00e4impi\u00e4 rengasvalmistajia, jonka tietotaito ja teknologia ovat alansa huippua.  Nankangilla on vahvaa kokemusta pohjoismaihin suunniteltujen talvirenkaiden valmistuksesta ja laadukkaat Nankang-talvirenkaat ovatkin saavuttaneet hyvi\u00e4 arvosteluja my\u00f6s rengaslehdist\u00f6ss\u00e4. <\/p>\n<p>Renkaat toimitetaan suoraan yhteisty\u00f6kumppanin varastolta.<\/p>\n","protected":false},"featured_media":32968,"comment_status":"open","ping_status":"open","template":"","meta":[],"product_brand":[],"product_cat":[371],"product_tag":[704,156,707,724,121],"class_list":{"0":"post-42568","1":"product","2":"type-product","3":"status-publish","4":"has-post-thumbnail","6":"product_cat-renkaat","7":"product_tag-kitkarengas","8":"product_tag-model-3","9":"product_tag-nankang","10":"product_tag-sv-3","11":"product_tag-tesla","13":"first","14":"instock","15":"taxable","16":"shipping-taxable","17":"purchasable","18":"product-type-simple"},"jetpack_sharing_enabled":true,"_links":{"self":[{"href":"https:\/\/www.vempele.fi\/fi\/wp-json\/wp\/v2\/product\/42568","targetHints":{"allow":["GET"]}}],"collection":[{"href":"https:\/\/www.vempele.fi\/fi\/wp-json\/wp\/v2\/product"}],"about":[{"href":"https:\/\/www.vempele.fi\/fi\/wp-json\/wp\/v2\/types\/product"}],"replies":[{"embeddable":true,"href":"https:\/\/www.vempele.fi\/fi\/wp-json\/wp\/v2\/comments?post=42568"}],"wp:featuredmedia":[{"embeddable":true,"href":"https:\/\/www.vempele.fi\/fi\/wp-json\/wp\/v2\/media\/32968"}],"wp:attachment":[{"href":"https:\/\/www.vempele.fi\/fi\/wp-json\/wp\/v2\/media?parent=42568"}],"wp:term":[{"taxonomy":"product_brand","embeddable":true,"href":"https:\/\/www.vempele.fi\/fi\/wp-json\/wp\/v2\/product_brand?post=42568"},{"taxonomy":"product_cat","embeddable":true,"href":"https:\/\/www.vempele.fi\/fi\/wp-json\/wp\/v2\/product_cat?post=42568"},{"taxonomy":"product_tag","embeddable":true,"href":"https:\/\/www.vempele.fi\/fi\/wp-json\/wp\/v2\/product_tag?post=42568"}],"curies":[{"name":"wp","href":"https:\/\/api.w.org\/{rel}","templated":true}]}}