{"id":43646,"date":"2024-10-03T00:00:00","date_gmt":"2024-10-02T21:00:00","guid":{"rendered":"https:\/\/www.vempele.fi\/fi\/tuote\/linglong-grip-master-c-s-g1-suv-255-45r19-100v-tesla-model-y\/"},"modified":"2024-10-03T00:00:00","modified_gmt":"2024-10-02T21:00:00","slug":"linglong-grip-master-c-s-g1-suv-255-45r19-100v-tesla-model-y","status":"publish","type":"product","link":"https:\/\/www.vempele.fi\/fi\/tuote\/linglong-grip-master-c-s-g1-suv-255-45r19-100v-tesla-model-y\/","title":{"rendered":"Linglong Grip Master C\/S G1 SUV 255\/45R19 100V &#8211; Tesla Model Y"},"content":{"rendered":"<p>1 kpl Linglong Grip Master C\/S G1 SUV 255\/45-19\u00a0 100V<\/p>\n<ul>\n<li>EU-Rengasmerkinn\u00e4t<\/li>\n<li>Tyyppi: Kes\u00e4rengas<\/li>\n<li>Tuumat: 19<\/li>\n<li>Leveys: 255<\/li>\n<li>Profiili: 45<\/li>\n<li>Nopeusluokka: V<\/li>\n<li>Kantavuusluokka: 100<\/li>\n<li>Rengasluokitus: C1<\/li>\n<li>Polttoainetaloudellisuus: <\/li>\n<li>M\u00e4rk\u00e4pito: <\/li>\n<li>Ohjaamomeluluokitus ja voimakkuus:\u00a0  &#8211; dB<\/li>\n<\/ul>\n<p>&nbsp;<\/p>\n<p>Renkaat toimitetaan suoraan yhteisty\u00f6kumppanin varastolta.<\/p>\n<p><img decoding=\"async\" src=\"https:\/\/eprel.ec.europa.eu\/labels\/tyres\/Label_2121852.svg\" width=\"300\" \/><\/p>\n<p>Renkaan tiedot haettu yhteisty\u00f6kumppanilta.<\/p>\n","protected":false},"excerpt":{"rendered":"<p>Linglong GripMaster C\/S on laadukas ja pit\u00e4v\u00e4 SUV-rengas.  A-luokan m\u00e4rk\u00e4pitoa.  Loistavat ajo-ominaisuudet, jotka tulevat esille Pohjolan vaihtelevissa kes\u00e4olosuhteissa.  Kuvion ja kumiseoksen optimointi suunniteltu uusinta rengasteknologiaa k\u00e4ytt\u00e4en.  Erinomainen SUV-rengas parhaassa hinta-laatusuhteessa. <\/p>\n<p> Renkaat toimitetaan suoraan yhteisty\u00f6kumppanin varastolta.<\/p>\n","protected":false},"featured_media":0,"comment_status":"open","ping_status":"open","template":"","meta":[],"product_brand":[],"product_cat":[],"product_tag":[],"class_list":{"0":"post-43646","1":"product","2":"type-product","3":"status-publish","6":"first","7":"instock","8":"taxable","9":"shipping-taxable","10":"product-type-simple"},"jetpack_sharing_enabled":true,"_links":{"self":[{"href":"https:\/\/www.vempele.fi\/fi\/wp-json\/wp\/v2\/product\/43646","targetHints":{"allow":["GET"]}}],"collection":[{"href":"https:\/\/www.vempele.fi\/fi\/wp-json\/wp\/v2\/product"}],"about":[{"href":"https:\/\/www.vempele.fi\/fi\/wp-json\/wp\/v2\/types\/product"}],"replies":[{"embeddable":true,"href":"https:\/\/www.vempele.fi\/fi\/wp-json\/wp\/v2\/comments?post=43646"}],"wp:attachment":[{"href":"https:\/\/www.vempele.fi\/fi\/wp-json\/wp\/v2\/media?parent=43646"}],"wp:term":[{"taxonomy":"product_brand","embeddable":true,"href":"https:\/\/www.vempele.fi\/fi\/wp-json\/wp\/v2\/product_brand?post=43646"},{"taxonomy":"product_cat","embeddable":true,"href":"https:\/\/www.vempele.fi\/fi\/wp-json\/wp\/v2\/product_cat?post=43646"},{"taxonomy":"product_tag","embeddable":true,"href":"https:\/\/www.vempele.fi\/fi\/wp-json\/wp\/v2\/product_tag?post=43646"}],"curies":[{"name":"wp","href":"https:\/\/api.w.org\/{rel}","templated":true}]}}