{"id":43896,"date":"2025-11-04T14:21:16","date_gmt":"2025-11-04T12:21:16","guid":{"rendered":"https:\/\/www.vempele.fi\/?post_type=product&#038;p=43896"},"modified":"2026-03-23T17:51:06","modified_gmt":"2026-03-23T15:51:06","slug":"jaahdytysnesteen-saatoventtiili-nrf-model-s","status":"publish","type":"product","link":"https:\/\/www.vempele.fi\/fi\/tuote\/jaahdytysnesteen-saatoventtiili-nrf-model-s\/","title":{"rendered":"J\u00e4\u00e4hdytysnesteen s\u00e4\u00e4t\u00f6venttiili &#8211; NRF &#8211; Model S"},"content":{"rendered":"<p>J\u00e4\u00e4hdytysnesteen s\u00e4\u00e4t\u00f6venttiili &#8211; NRF &#8211; Model S<\/p>\n<ul>\n<li>Valmistaja: NRF<\/li>\n<li>Valmistajan tuotenumero: 391002<\/li>\n<li>Valmistajan ilmoittama sopivuus:\n<ul>\n<li>Model S 2015 -&gt;<\/li>\n<\/ul>\n<\/li>\n<li>Valmistajan ilmoittamat OE-tuotenumerot\n<ul>\n<li>6007384-00-B<\/li>\n<li>6007384-00-C<\/li>\n<li>6007384-00-E<\/li>\n<li>6007384-00-F<\/li>\n<\/ul>\n<\/li>\n<\/ul>\n","protected":false},"excerpt":{"rendered":"<p>J\u00e4\u00e4hdytysnesteen s\u00e4\u00e4t\u00f6venttiili. Valmistaja NRF<\/p>\n","protected":false},"featured_media":43897,"comment_status":"open","ping_status":"closed","template":"","meta":[],"product_brand":[801],"product_cat":[152,153,473,474],"product_tag":[],"class_list":{"0":"post-43896","1":"product","2":"type-product","3":"status-publish","4":"has-post-thumbnail","6":"product_brand-nrf","7":"product_cat-model-s","8":"product_cat-model-x","9":"product_cat-varaosat-model-s","10":"product_cat-varaosat-model-x","12":"first","13":"outofstock","14":"taxable","15":"shipping-taxable","16":"purchasable","17":"product-type-simple"},"jetpack_sharing_enabled":true,"_links":{"self":[{"href":"https:\/\/www.vempele.fi\/fi\/wp-json\/wp\/v2\/product\/43896","targetHints":{"allow":["GET"]}}],"collection":[{"href":"https:\/\/www.vempele.fi\/fi\/wp-json\/wp\/v2\/product"}],"about":[{"href":"https:\/\/www.vempele.fi\/fi\/wp-json\/wp\/v2\/types\/product"}],"replies":[{"embeddable":true,"href":"https:\/\/www.vempele.fi\/fi\/wp-json\/wp\/v2\/comments?post=43896"}],"wp:featuredmedia":[{"embeddable":true,"href":"https:\/\/www.vempele.fi\/fi\/wp-json\/wp\/v2\/media\/43897"}],"wp:attachment":[{"href":"https:\/\/www.vempele.fi\/fi\/wp-json\/wp\/v2\/media?parent=43896"}],"wp:term":[{"taxonomy":"product_brand","embeddable":true,"href":"https:\/\/www.vempele.fi\/fi\/wp-json\/wp\/v2\/product_brand?post=43896"},{"taxonomy":"product_cat","embeddable":true,"href":"https:\/\/www.vempele.fi\/fi\/wp-json\/wp\/v2\/product_cat?post=43896"},{"taxonomy":"product_tag","embeddable":true,"href":"https:\/\/www.vempele.fi\/fi\/wp-json\/wp\/v2\/product_tag?post=43896"}],"curies":[{"name":"wp","href":"https:\/\/api.w.org\/{rel}","templated":true}]}}