{"id":43947,"date":"2024-10-03T00:00:00","date_gmt":"2024-10-02T21:00:00","guid":{"rendered":"https:\/\/www.vempele.fi\/fi\/tuote\/nankang-nankang-sportnex-as-3ev-a-luokan-markapito-255-45r19-104y-tesla-model-y\/"},"modified":"2026-04-29T17:51:17","modified_gmt":"2026-04-29T14:51:17","slug":"nankang-nankang-sportnex-as-3ev-a-luokan-markapito-255-45r19-104y-tesla-model-y","status":"publish","type":"product","link":"https:\/\/www.vempele.fi\/fi\/tuote\/nankang-nankang-sportnex-as-3ev-a-luokan-markapito-255-45r19-104y-tesla-model-y\/","title":{"rendered":"Nankang Nankang Sportnex AS-3EV &#8211; A-luokan m\u00e4rk\u00e4pito! 255\/45R19 104Y &#8211; Tesla Model Y"},"content":{"rendered":"<p>1 kpl Nankang Nankang Sportnex AS-3EV &#8211; A-luokan m\u00e4rk\u00e4pito! 255\/45-19\u00a0 104Y<\/p>\n<ul>\n<li>EU-Rengasmerkinn\u00e4t<\/li>\n<li>Tyyppi: Kes\u00e4rengas<\/li>\n<li>Tuumat: 19<\/li>\n<li>Leveys: 255<\/li>\n<li>Profiili: 45<\/li>\n<li>Nopeusluokka: Y<\/li>\n<li>Kantavuusluokka: 104<\/li>\n<li>Rengasluokitus: C1<\/li>\n<li>Polttoainetaloudellisuus: B<\/li>\n<li>M\u00e4rk\u00e4pito: A<\/li>\n<li>Ohjaamomeluluokitus ja voimakkuus:\u00a0 B &#8211; 72dB<\/li>\n<\/ul>\n<p>&nbsp;<\/p>\n<p>Renkaat toimitetaan suoraan yhteisty\u00f6kumppanin varastolta.<\/p>\n<p><img decoding=\"async\" src=\"https:\/\/www.vempele.fi\/wp-content\/uploads\/2024\/10\/Label_1535072.svg\" width=\"300\" \/><\/p>\n<p>Renkaan tiedot haettu yhteisty\u00f6kumppanilta.<\/p>\n","protected":false},"excerpt":{"rendered":"<p>\u00a0&#13;<br \/>\nT\u00e4ysin uusi Nankang AS-3 EV: supertehokas kes\u00e4rengas Tesla-s\u00e4hk\u00f6autoon&#13;<br \/>\nKoe huippuluokan suorituskyky ja kest\u00e4vyys: Nankang AS-3 EV -rengas on suunniteltu erityisesti Teslan s\u00e4hk\u00f6autoille.  N\u00e4m\u00e4 Kevlar-vahvistetut renkaat ovat viritetty kest\u00e4m\u00e4\u00e4n s\u00e4hk\u00f6autojen voimakkaan v\u00e4\u00e4nn\u00f6n ja \u00e4\u00e4rimm\u00e4iset voimat, tarjoten samalla vertaansa vailla olevaa turvallisuutta ja suorituskyky\u00e4. &#13;<br \/>\n\u00a0&#13;<br \/>\nKisarenkaiden huipputeknologiaa&#13;<br \/>\n\u00a0&#13;<br \/>\nAS-3 EV:ss\u00e4 hy\u00f6dynnet\u00e4\u00e4n huipputeknologiaa suoraan Nankang Motorsportin kisarenkaista.  T\u00e4m\u00e4 renkaissa k\u00e4ytetty tekniikka takaa erinomaisen suorituskyvyn ja kest\u00e4vyyden.  Uuden sukupolven kumiseos yhdistettyn\u00e4 nanomateriaaleihin parantaa renkaan suorituskyky\u00e4 entisest\u00e4\u00e4n.  Renkaan vierint\u00e4vastus on B-luokkaa ja m\u00e4rk\u00e4pito A-luokkaa EU:n rengasmerkint\u00f6jen mukaisesti, ja sen kulutuskest\u00e4vyys ylitt\u00e4\u00e4 jopa 40 000 kilometri\u00e4. &#13;<br \/>\n\u00a0&#13;<br \/>\nSuorituskyvyn ja tehokkuuden t\u00e4ydellist\u00e4 optimointia&#13;<br \/>\n\u00a0&#13;<br \/>\nAS-3 EV -renkaissa \u00e4\u00e4nipaineen jakautumista on simuloitu ja laskettu tarkasti akustiikkasovelluksella, mik\u00e4 v\u00e4hent\u00e4\u00e4 ep\u00e4miellytt\u00e4v\u00e4\u00e4 melua ja parantaa ajomukavuutta.  Rengas on suunniteltu erityisesti vastaamaan s\u00e4hk\u00f6autojen tarpeita, ottaen huomioon niiden korkeamman painon verrattuna perinteisiin bensiiniautoihin.  Korkealujuuksinen vy\u00f6kudos lis\u00e4\u00e4 renkaan j\u00e4ykkyytt\u00e4 ja v\u00e4hent\u00e4\u00e4 vierint\u00e4vastusta, t\u00e4ytt\u00e4en samalla energiatehokkuusvaatimukset.  Lis\u00e4ksi kulutuspinnan olkap\u00e4ille tehty viistokuviointi auttaa v\u00e4ltt\u00e4m\u00e4\u00e4n kuviolohkojen ep\u00e4edullista muodonmuutosta. AS-3 EV erottuu joukosta ainutlaatuisten ominaisuuksiensa ansiosta, jotka on suunniteltu erityisesti s\u00e4hk\u00f6ajoneuvoille.  Rengas optimoitu Teslaan tarkoitetuille kokoluokille ja ottamaan huomioon Teslan erityispiirteet, tarjoten n\u00e4in t\u00e4ydellisen yhteensopivuuden ja huippusuorituskyvyn. <\/p>\n<p> Renkaat toimitetaan suoraan yhteisty\u00f6kumppanin varastolta.<\/p>\n","protected":false},"featured_media":31922,"comment_status":"open","ping_status":"open","template":"","meta":[],"product_brand":[],"product_cat":[371],"product_tag":[696,271,707,837,121],"class_list":{"0":"post-43947","1":"product","2":"type-product","3":"status-publish","4":"has-post-thumbnail","6":"product_cat-renkaat","7":"product_tag-kesarengas","8":"product_tag-model-y","9":"product_tag-nankang","10":"product_tag-nankang-sportnex-as-3ev-a-luokan-markapito","11":"product_tag-tesla","13":"first","14":"instock","15":"taxable","16":"shipping-taxable","17":"purchasable","18":"product-type-simple"},"jetpack_sharing_enabled":true,"_links":{"self":[{"href":"https:\/\/www.vempele.fi\/fi\/wp-json\/wp\/v2\/product\/43947","targetHints":{"allow":["GET"]}}],"collection":[{"href":"https:\/\/www.vempele.fi\/fi\/wp-json\/wp\/v2\/product"}],"about":[{"href":"https:\/\/www.vempele.fi\/fi\/wp-json\/wp\/v2\/types\/product"}],"replies":[{"embeddable":true,"href":"https:\/\/www.vempele.fi\/fi\/wp-json\/wp\/v2\/comments?post=43947"}],"wp:featuredmedia":[{"embeddable":true,"href":"https:\/\/www.vempele.fi\/fi\/wp-json\/wp\/v2\/media\/31922"}],"wp:attachment":[{"href":"https:\/\/www.vempele.fi\/fi\/wp-json\/wp\/v2\/media?parent=43947"}],"wp:term":[{"taxonomy":"product_brand","embeddable":true,"href":"https:\/\/www.vempele.fi\/fi\/wp-json\/wp\/v2\/product_brand?post=43947"},{"taxonomy":"product_cat","embeddable":true,"href":"https:\/\/www.vempele.fi\/fi\/wp-json\/wp\/v2\/product_cat?post=43947"},{"taxonomy":"product_tag","embeddable":true,"href":"https:\/\/www.vempele.fi\/fi\/wp-json\/wp\/v2\/product_tag?post=43947"}],"curies":[{"name":"wp","href":"https:\/\/api.w.org\/{rel}","templated":true}]}}