{"id":44811,"date":"2025-12-23T18:16:47","date_gmt":"2025-12-23T16:16:47","guid":{"rendered":"https:\/\/www.vempele.fi\/?post_type=product&#038;p=44811"},"modified":"2026-04-16T06:13:23","modified_gmt":"2026-04-16T03:13:23","slug":"takaoven-hataaukaisin-2kpl-tesla-model-3-y","status":"publish","type":"product","link":"https:\/\/www.vempele.fi\/fi\/tuote\/takaoven-hataaukaisin-2kpl-tesla-model-3-y\/","title":{"rendered":"Takaoven h\u00e4t\u00e4aukaisin 2kpl &#8211; Tesla Model 3 \/ Y"},"content":{"rendered":"<p>Takaoven h\u00e4t\u00e4aukaisin 2kpl &#8211; Tesla Model 3 \/ Y<\/p>\n<ul>\n<li>\u00a0Yhteensopivuus:\n<ul>\n<li>Model Y 2020 &#8211; 2024<\/li>\n<li>Model Y 2025 -&gt; (Juniper)<\/li>\n<li>Model 3 Pre-Refresh vm. 2019 \u2013 2021<\/li>\n<li>Model 3 Refresh vm. 2021 \u2013 2023<\/li>\n<li>Model 3 Highland 2024 -&gt;<\/li>\n<\/ul>\n<\/li>\n<\/ul>\n","protected":false},"excerpt":{"rendered":"<p>Takaoven h\u00e4t\u00e4aukaisin 2kpl &#8211; Tesla Model 3 \/ Y<\/p>\n<p>Mik\u00e4li autosta syyst\u00e4 tai toisesta katoaa s\u00e4hk\u00f6t, ei ovet silloin toimi perinteisi\u00e4 nappeja k\u00e4ytt\u00e4m\u00e4ll\u00e4. Takaovien h\u00e4t\u00e4avaus on hyvin piilotettu oven verhoilun sis\u00e4\u00e4n, mutta t\u00e4ll\u00e4 tuotteella saat oven tarvittaessa nopeastikin auki. Helppo asentaa ja naru tarttuu hyvin nukkapintaan velcronsa ansiosta.<\/p>\n<p>Asennetaan takaoven ovikotelossa olevan luukun sis\u00e4ll\u00e4 olevaan vaijerin lenkkiin.<\/p>\n","protected":false},"featured_media":44813,"comment_status":"open","ping_status":"closed","template":"","meta":[],"product_brand":[],"product_cat":[15],"product_tag":[],"class_list":{"0":"post-44811","1":"product","2":"type-product","3":"status-publish","4":"has-post-thumbnail","6":"product_cat-kategorisoimaton","8":"first","9":"instock","10":"taxable","11":"shipping-taxable","12":"purchasable","13":"product-type-simple"},"jetpack_sharing_enabled":true,"_links":{"self":[{"href":"https:\/\/www.vempele.fi\/fi\/wp-json\/wp\/v2\/product\/44811","targetHints":{"allow":["GET"]}}],"collection":[{"href":"https:\/\/www.vempele.fi\/fi\/wp-json\/wp\/v2\/product"}],"about":[{"href":"https:\/\/www.vempele.fi\/fi\/wp-json\/wp\/v2\/types\/product"}],"replies":[{"embeddable":true,"href":"https:\/\/www.vempele.fi\/fi\/wp-json\/wp\/v2\/comments?post=44811"}],"wp:featuredmedia":[{"embeddable":true,"href":"https:\/\/www.vempele.fi\/fi\/wp-json\/wp\/v2\/media\/44813"}],"wp:attachment":[{"href":"https:\/\/www.vempele.fi\/fi\/wp-json\/wp\/v2\/media?parent=44811"}],"wp:term":[{"taxonomy":"product_brand","embeddable":true,"href":"https:\/\/www.vempele.fi\/fi\/wp-json\/wp\/v2\/product_brand?post=44811"},{"taxonomy":"product_cat","embeddable":true,"href":"https:\/\/www.vempele.fi\/fi\/wp-json\/wp\/v2\/product_cat?post=44811"},{"taxonomy":"product_tag","embeddable":true,"href":"https:\/\/www.vempele.fi\/fi\/wp-json\/wp\/v2\/product_tag?post=44811"}],"curies":[{"name":"wp","href":"https:\/\/api.w.org\/{rel}","templated":true}]}}