{"id":44848,"date":"2024-10-03T00:00:00","date_gmt":"2024-10-02T21:00:00","guid":{"rendered":"https:\/\/www.vempele.fi\/fi\/tuote\/nankang-cross-sport-sp-9-235-55r18-104v-tesla-model-y\/"},"modified":"2026-04-20T23:51:12","modified_gmt":"2026-04-20T20:51:12","slug":"nankang-cross-sport-sp-9-235-55r18-104v-tesla-model-y","status":"publish","type":"product","link":"https:\/\/www.vempele.fi\/fi\/tuote\/nankang-cross-sport-sp-9-235-55r18-104v-tesla-model-y\/","title":{"rendered":"Nankang Cross Sport SP-9 235\/55R18 104V &#8211; Tesla Model Y"},"content":{"rendered":"<p>1 kpl Nankang Cross Sport SP-9 235\/55-18\u00a0 104V<\/p>\n<ul>\n<li>EU-Rengasmerkinn\u00e4t<\/li>\n<li>Tyyppi: Kes\u00e4rengas<\/li>\n<li>Tuumat: 18<\/li>\n<li>Leveys: 235<\/li>\n<li>Profiili: 55<\/li>\n<li>Nopeusluokka: V<\/li>\n<li>Kantavuusluokka: 104<\/li>\n<li>Rengasluokitus: C1<\/li>\n<li>Polttoainetaloudellisuus: C<\/li>\n<li>M\u00e4rk\u00e4pito: B<\/li>\n<li>Ohjaamomeluluokitus ja voimakkuus:\u00a0 B &#8211; 72dB<\/li>\n<\/ul>\n<p>&nbsp;<\/p>\n<p>Renkaat toimitetaan suoraan yhteisty\u00f6kumppanin varastolta.<\/p>\n<p><img decoding=\"async\" src=\"https:\/\/www.vempele.fi\/wp-content\/uploads\/2025\/04\/Label_441138.svg\" width=\"300\" \/><\/p>\n<p>Renkaan tiedot haettu yhteisty\u00f6kumppanilta.<\/p>\n","protected":false},"excerpt":{"rendered":"<p>Nankang SP-9 \u2013 hiljainen ja mukava kes\u00e4rengas&#13;<br \/>\nhenkil\u00f6autoihinNankang SP-9 on laadukas kes\u00e4rengas, joka on suunniteltu&#13;<br \/>\nerityisesti tarjoamaan miellytt\u00e4v\u00e4 ajokokemus kaupunki- ja maantieajossa.  T\u00e4m\u00e4&#13;<br \/>\nrengas yhdist\u00e4\u00e4 erinomaisen ajomukavuuden, hiljaisen \u00e4\u00e4nitason ja varman pidon&#13;<br \/>\nm\u00e4rill\u00e4 sek\u00e4 kuivilla teill\u00e4 \u2013 t\u00e4ydellinen valinta moderniin henkil\u00f6autoon. Ominaisuudet ja edut:&#13;<br \/>\n Hiljainen&#13;<br \/>\n     ja mukava ajotuntuma: SP-9:n pintakuviointi on suunniteltu minimoimaan&#13;<br \/>\n     tie\u00e4\u00e4net ja v\u00e4rin\u00e4t, joten ajaminen on entist\u00e4kin nautinnollisempaa. &#13;<br \/>\n Luotettava&#13;<br \/>\n     pito m\u00e4r\u00e4ll\u00e4 tiell\u00e4: Nelj\u00e4 leve\u00e4\u00e4 pituussuuntaista uraa ja tehokas&#13;<br \/>\n     vesikoururakenne parantavat vedenpoistoa ja v\u00e4hent\u00e4v\u00e4t vesiliirron riski\u00e4. &#13;<br \/>\n Tasainen&#13;<br \/>\n     kuluminen: Optimoitu pintakuvio ja laadukas kumiseos takaavat tasaisen&#13;<br \/>\n     kulumisen ja pitk\u00e4n k\u00e4ytt\u00f6i\u00e4n. &#13;<br \/>\n Polttoainetaloudellinen:&#13;<br \/>\n     Alhainen vierint\u00e4vastus auttaa s\u00e4\u00e4st\u00e4m\u00e4\u00e4n polttoainetta ja v\u00e4hent\u00e4\u00e4&#13;<br \/>\n     p\u00e4\u00e4st\u00f6j\u00e4. &#13;<br \/>\nSopii erinomaisesti:&#13;<br \/>\n Henkil\u00f6autoihin,&#13;<br \/>\n     joilla ajetaan p\u00e4\u00e4asiassa maanteill\u00e4 ja kaupunkiliikenteess\u00e4&#13;<br \/>\n Kuljettajille,&#13;<br \/>\n     jotka arvostavat ajomukavuutta ja turvallisuutta vaihtelevissa&#13;<br \/>\n     kes\u00e4olosuhteissa&#13;<br \/>\nMiksi valita Nankang SP-9?&#13;<br \/>\n&#13;<br \/>\n&#13;<br \/>\n&#13;<br \/>\n&#13;<br \/>\n&#13;<br \/>\n&#13;<br \/>\n&#13;<br \/>\n&#13;<br \/>\n&#13;<br \/>\n&#13;<br \/>\n&#13;<br \/>\n&#13;<br \/>\n&#13;<br \/>\nNankang on tunnettu luotettavista ja kustannustehokkaista&#13;<br \/>\nrenkaistaan.  SP-9-malli on valmistettu moderneilla tuotantotekniikoilla ja&#13;<br \/>\nsuunniteltu vastaamaan eurooppalaisten autoilijoiden tarpeita. <\/p>\n<p> Renkaat toimitetaan suoraan yhteisty\u00f6kumppanin varastolta.<\/p>\n","protected":false},"featured_media":31915,"comment_status":"open","ping_status":"open","template":"","meta":[],"product_brand":[],"product_cat":[371],"product_tag":[843,696,271,707,121],"class_list":{"0":"post-44848","1":"product","2":"type-product","3":"status-publish","4":"has-post-thumbnail","6":"product_cat-renkaat","7":"product_tag-cross-sport-sp-9","8":"product_tag-kesarengas","9":"product_tag-model-y","10":"product_tag-nankang","11":"product_tag-tesla","13":"first","14":"instock","15":"taxable","16":"shipping-taxable","17":"purchasable","18":"product-type-simple"},"jetpack_sharing_enabled":true,"_links":{"self":[{"href":"https:\/\/www.vempele.fi\/fi\/wp-json\/wp\/v2\/product\/44848","targetHints":{"allow":["GET"]}}],"collection":[{"href":"https:\/\/www.vempele.fi\/fi\/wp-json\/wp\/v2\/product"}],"about":[{"href":"https:\/\/www.vempele.fi\/fi\/wp-json\/wp\/v2\/types\/product"}],"replies":[{"embeddable":true,"href":"https:\/\/www.vempele.fi\/fi\/wp-json\/wp\/v2\/comments?post=44848"}],"wp:featuredmedia":[{"embeddable":true,"href":"https:\/\/www.vempele.fi\/fi\/wp-json\/wp\/v2\/media\/31915"}],"wp:attachment":[{"href":"https:\/\/www.vempele.fi\/fi\/wp-json\/wp\/v2\/media?parent=44848"}],"wp:term":[{"taxonomy":"product_brand","embeddable":true,"href":"https:\/\/www.vempele.fi\/fi\/wp-json\/wp\/v2\/product_brand?post=44848"},{"taxonomy":"product_cat","embeddable":true,"href":"https:\/\/www.vempele.fi\/fi\/wp-json\/wp\/v2\/product_cat?post=44848"},{"taxonomy":"product_tag","embeddable":true,"href":"https:\/\/www.vempele.fi\/fi\/wp-json\/wp\/v2\/product_tag?post=44848"}],"curies":[{"name":"wp","href":"https:\/\/api.w.org\/{rel}","templated":true}]}}