{"id":45966,"date":"2025-03-01T00:00:00","date_gmt":"2025-02-28T22:00:00","guid":{"rendered":"https:\/\/www.vempele.fi\/fi\/tuote\/avus-velgen-ac-m10-gloss-black-20x85-et35-model-s-2021\/"},"modified":"2026-04-18T07:00:58","modified_gmt":"2026-04-18T04:00:58","slug":"avus-velgen-ac-m10-gloss-black-20x85-et35-model-s-2021","status":"publish","type":"product","link":"https:\/\/www.vempele.fi\/fi\/tuote\/avus-velgen-ac-m10-gloss-black-20x85-et35-model-s-2021\/","title":{"rendered":"AVUS VELGEN AC-M10 Gloss Black 20&#215;8,5 ET35 &#8211; Model S (2021 ->)"},"content":{"rendered":"<p>AVUS VELGEN AC-M10 Gloss Black 20&#215;8,5 ET35<\/p>\n<ul>\n<li>Leveys: 8,5&#8243;<\/li>\n<li>Vanteen halkaisija: 20&#8243;<\/li>\n<li>Suorasovitteinen: Ei. Tarvittavat soviterenkaat tulevat mukaan.<\/li>\n<li>Keskireik\u00e4: 72,6 mm<\/li>\n<li>Alkuper\u00e4inen keskikuppi sopii: Ei<\/li>\n<li>Pulttijako 5&#215;120<\/li>\n<li>Kartio: C &#8211; Sopivat mutterit toimitetaan mukana.<\/li>\n<li>Paino: 14,650 kg<\/li>\n<li>Kantavuusindeksi: 0825 kg<\/li>\n<li>T\u00dcV: Kyll\u00e4<\/li>\n<li>Suositeltu talvik\u00e4ytt\u00f6: Kyll\u00e4<\/li>\n<\/ul>\n","protected":false},"excerpt":{"rendered":"<p>AVUS VELGEN AC-M10 Gloss Black 20&#215;8,5 ET35 <\/p>\n<p> Hinta on yhdelle vanteelle <\/p>\n<p> Vanteet toimitetaan suoraan yhteisty\u00f6kumppanin varastosta &#8211; Toimitusaika noin 1 viikko. <\/p>\n<p><a href=\"#tab-description\">Lue lis\u00e4\u00e4&#8230;<\/a><\/p>\n","protected":false},"featured_media":45967,"comment_status":"open","ping_status":"open","template":"","meta":[],"product_brand":[],"product_cat":[372],"product_tag":[779,121,363],"class_list":{"0":"post-45966","1":"product","2":"type-product","3":"status-publish","4":"has-post-thumbnail","6":"product_cat-vanteet","7":"product_tag-avus-velgen","8":"product_tag-tesla","9":"product_tag-vanne","11":"first","12":"instock","13":"taxable","14":"shipping-taxable","15":"purchasable","16":"product-type-simple"},"jetpack_sharing_enabled":true,"_links":{"self":[{"href":"https:\/\/www.vempele.fi\/fi\/wp-json\/wp\/v2\/product\/45966","targetHints":{"allow":["GET"]}}],"collection":[{"href":"https:\/\/www.vempele.fi\/fi\/wp-json\/wp\/v2\/product"}],"about":[{"href":"https:\/\/www.vempele.fi\/fi\/wp-json\/wp\/v2\/types\/product"}],"replies":[{"embeddable":true,"href":"https:\/\/www.vempele.fi\/fi\/wp-json\/wp\/v2\/comments?post=45966"}],"wp:featuredmedia":[{"embeddable":true,"href":"https:\/\/www.vempele.fi\/fi\/wp-json\/wp\/v2\/media\/45967"}],"wp:attachment":[{"href":"https:\/\/www.vempele.fi\/fi\/wp-json\/wp\/v2\/media?parent=45966"}],"wp:term":[{"taxonomy":"product_brand","embeddable":true,"href":"https:\/\/www.vempele.fi\/fi\/wp-json\/wp\/v2\/product_brand?post=45966"},{"taxonomy":"product_cat","embeddable":true,"href":"https:\/\/www.vempele.fi\/fi\/wp-json\/wp\/v2\/product_cat?post=45966"},{"taxonomy":"product_tag","embeddable":true,"href":"https:\/\/www.vempele.fi\/fi\/wp-json\/wp\/v2\/product_tag?post=45966"}],"curies":[{"name":"wp","href":"https:\/\/api.w.org\/{rel}","templated":true}]}}